{"id":814,"date":"2023-10-28T19:10:21","date_gmt":"2023-10-28T19:10:21","guid":{"rendered":"https:\/\/nailympia.asia\/?page_id=814"},"modified":"2023-12-03T16:12:11","modified_gmt":"2023-12-03T16:12:11","slug":"di-lai-va-khach-san","status":"publish","type":"page","link":"https:\/\/nailympia.asia\/index.php\/nailympia-vietnam-2024\/cuoc-thi-nailympia-2024\/di-lai-va-khach-san\/","title":{"rendered":"\u0110i l\u1ea1i v\u00e0 kh\u00e1ch s\u1ea1n"},"content":{"rendered":"\n<div class=\"wp-block-group is-layout-constrained wp-container-core-group-layout-8 wp-block-group-is-layout-constrained\"><div class=\"lightweight-accordion has-text-color has-background\"><details><summary class=\"lightweight-accordion-title\" style=\"color:#ffffff;background:#cf2e2e;\"><span>\u0110\u1ecba \u0111i\u1ec3m t\u1ed5 ch\u1ee9c Cu\u1ed9c thi NAILYMPA Vi\u1ec7t Nam 2024 &#8211; Grand Palace  Convention<\/span><\/summary><div class=\"lightweight-accordion-body\" style=\"border-color:#cf2e2e;\">\n<div class=\"kb-google-maps-container kb-google-maps-container814_d2259b-c3  wp-block-kadence-googlemaps\" data-mapid=\"814_d2259b-c3\"><iframe width=\"100%\" height=\"100%\"\n\t\t\t\t\t\t\tstyle=\"border:0\" loading=\"lazy\"\n\t\t\t\t\t\t\tsrc=\"https:\/\/www.google.com\/maps\/embed\/v1\/place?key=AIzaSyBhVjzgNGNR8G4V3EsesMwYROc3Juzt6DE&#038;zoom=18&#038;maptype=roadmap&#038;q=142%2F18+%C4%90.+C%E1%BB%99ng+H%C3%B2a%2C+Ph%C6%B0%E1%BB%9Dng+4%2C+T%C3%A2n+B%C3%ACnh%2C+Th%C3%A0nh+ph%E1%BB%91+H%E1%BB%93+Ch%C3%AD+Minh%2C+Vietnam\"\n\t\t\t\t\t\t\ttitle=\"Google map of 142\/18 \u0110. C\u1ed9ng H\u00f2a, Ph\u01b0\u1eddng 4, T\u00e2n B\u00ecnh, Th\u00e0nh ph\u1ed1 H\u1ed3 Ch\u00ed Minh, Vietnam\"><\/iframe><\/div><script>function kb_google_map814_d2259b_c3() { let center = { lat: 37.8201, lng: -122.4781}; let map = new google.maps.Map(document.getElementById(\"kb-google-map814_d2259b-c3\"), {\n\t\t\t\t\t    zoom: 18,\n\t\t\t\t\t    center: center,});let marker = new google.maps.Marker({   position: { lat: 37.8201, lng: -122.4781},    map: map,  });}<\/script>\n<\/div><\/details><\/div>\n\n<div class=\"lightweight-accordion has-text-color has-background\"><details><summary class=\"lightweight-accordion-title\" style=\"color:#ffffff;background:#cf2e2e;\"><span>Danh s\u00e1ch c\u00e1c kh\u00e1ch s\u1ea1n g\u1ea7n<\/span><\/summary><div class=\"lightweight-accordion-body\" style=\"border-color:#cf2e2e;\">\n\n<div class=\"wp-block-group is-layout-constrained wp-container-core-group-layout-7 wp-block-group-is-layout-constrained\">\n<div class=\"wp-block-group is-layout-constrained wp-block-group-is-layout-constrained\">\n<div class=\"wp-block-stackable-divider stk-block-divider stk-block stk-429704d\" data-block-id=\"429704d\"><hr class=\"stk-block-divider__hr\"\/><\/div>\n\n\n\n<h5 class=\"wp-block-heading\" style=\"font-style:normal;font-weight:700\"><span style=\"color: #000000;\" class=\"stk-highlight\">Holiday Inn &amp; Suites Saigon Airport, an IHG Hotel<\/span><\/h5>\n\n\n\n<p class=\"has-luminous-vivid-amber-color has-text-color\" style=\"padding-left:1.2rem\"><i class=\"fas fa-star\"><\/i><i class=\"fas fa-star\"><\/i><i class=\"fas fa-star\"><\/i><i class=\"fas fa-star\"><\/i><i class=\"fas fa-star\"><\/i><\/p>\n\n\n\n<p class=\"has-black-color has-text-color\" style=\"padding-left:1.2rem\">18E C\u1ed9ng H\u00f2a T\u00e2n B\u00ecnh, Th\u00e0nh ph\u1ed1 H\u1ed3 Ch\u00ed Minh<\/p>\n\n\n\n<p class=\"has-black-color has-text-color\" style=\"padding-left:1.2rem\">tel: 120852336<\/p>\n\n\n\n<p class=\"has-black-color has-text-color\" style=\"padding-left:1.2rem\">Kho\u1ea3ng c\u00e1ch t\u1eeb kh\u00e1ch s\u1ea1n<br><i class=\"fas fa-plane-departure\"><\/i> Ho Chi Minh City Airport <i class=\"fas fa-car\"><\/i> 2km<\/p>\n<\/div>\n\n\n\n<div class=\"wp-block-stackable-divider stk-block-divider stk-block stk-32d8ffb\" data-block-id=\"32d8ffb\"><style>.stk-32d8ffb hr.stk-block-divider__hr{background:#cf2e2e !important}<\/style><hr class=\"stk-block-divider__hr\"\/><\/div>\n\n\n\n<div class=\"wp-block-group is-layout-constrained wp-block-group-is-layout-constrained\">\n<h5 class=\"wp-block-heading\" style=\"font-style:normal;font-weight:700\"><span style=\"color: #000000;\" class=\"stk-highlight\">Sedona Suites Ho Chi Minh City<\/span><\/h5>\n\n\n\n<p class=\"has-luminous-vivid-amber-color has-text-color\" style=\"padding-left:1.2rem\"><i class=\"fas fa-star\"><\/i><i class=\"fas fa-star\"><\/i><i class=\"fas fa-star\"><\/i><i class=\"fas fa-star\"><\/i><i class=\"fas fa-star\"><\/i><\/p>\n\n\n\n<p class=\"has-black-color has-text-color\" style=\"padding-left:1.2rem\">67 L\u00ea L\u1ee3i, Qu\u1eadn 1, Th\u00e0nh ph\u1ed1 H\u1ed3 Ch\u00ed Minh<br>C\u1ed5ng c\u1ee7a kh\u00e1ch s\u1ea1n n\u1eb1m \u1edf \u0111\u01b0\u1eddng Nam K\u1ef3 Kh\u1edfi Ngh\u0129a, Th\u00e0nh ph\u1ed1 H\u1ed3 Ch\u00ed Minh<\/p>\n\n\n\n<p class=\"has-black-color has-text-color\" style=\"padding-left:1.2rem\">tel: 02838229888<\/p>\n\n\n\n<p class=\"has-black-color has-text-color\" style=\"padding-left:1.2rem\">Kho\u1ea3ng c\u00e1ch t\u1eeb kh\u00e1ch s\u1ea1n<br><i class=\"fas fa-plane-departure\"><\/i> Ho Chi Minh City Airport <i class=\"fas fa-car\"><\/i> 7km<\/p>\n<\/div>\n\n\n\n<div class=\"wp-block-stackable-divider stk-block-divider stk-block stk-468850a\" data-block-id=\"468850a\"><style>.stk-468850a hr.stk-block-divider__hr{background:#cf2e2e !important}<\/style><hr class=\"stk-block-divider__hr\"\/><\/div>\n\n\n\n<div class=\"wp-block-group is-layout-constrained wp-block-group-is-layout-constrained\">\n<h5 class=\"wp-block-heading\" style=\"font-style:normal;font-weight:700\"><span style=\"color: #000000;\" class=\"stk-highlight\">ibis Saigon Airport<\/span><\/h5>\n\n\n\n<p class=\"has-luminous-vivid-amber-color has-text-color\" style=\"padding-left:1.2rem\"><i class=\"fas fa-star\"><\/i><i class=\"fas fa-star\"><\/i><i class=\"fas fa-star\"><\/i><i class=\"fas fa-star\"><\/i><\/p>\n\n\n\n<p class=\"has-black-color has-text-color\" style=\"padding-left:1.2rem\">2 H\u1ed3ng H\u00e0 Street Ph\u01b0\u1eddng 2, Qu\u1eadn T\u00e2n B\u00ecnh, Th\u00e0nh ph\u1ed1 H\u1ed3 Ch\u00ed Minh<\/p>\n\n\n\n<p class=\"has-black-color has-text-color\" style=\"padding-left:1.2rem\">tel: 028 3848 5556<\/p>\n\n\n\n<p class=\"has-black-color has-text-color\" style=\"padding-left:1.2rem\">Kho\u1ea3ng c\u00e1ch t\u1eeb kh\u00e1ch s\u1ea1n<br><i class=\"fas fa-plane-departure\"><\/i> Ho Chi Minh City Airport <i class=\"fas fa-car\"><\/i> 1km<\/p>\n<\/div>\n\n\n\n<div class=\"wp-block-stackable-divider stk-block-divider stk-block stk-cf710ab\" data-block-id=\"cf710ab\"><style>.stk-cf710ab hr.stk-block-divider__hr{background:#cf2e2e !important}<\/style><hr class=\"stk-block-divider__hr\"\/><\/div>\n\n\n\n<div class=\"wp-block-group is-layout-constrained wp-block-group-is-layout-constrained\">\n<h5 class=\"wp-block-heading\" style=\"font-style:normal;font-weight:700\"><span style=\"color: #000000;\" class=\"stk-highlight\">Parkroyal S\u00e0i G\u00f2n<\/span><\/h5>\n\n\n\n<p class=\"has-luminous-vivid-amber-color has-text-color\" style=\"padding-left:1.2rem\"><i class=\"fas fa-star\"><\/i><i class=\"fas fa-star\"><\/i><i class=\"fas fa-star\"><\/i><i class=\"fas fa-star\"><\/i><\/p>\n\n\n\n<p class=\"has-black-color has-text-color\" style=\"padding-left:1.2rem\">309B &#8211; 311 Nguy\u1ec5n V\u0103n Tr\u1ed7i T\u00e2n B\u00ecnh, Th\u00e0nh ph\u1ed1 H\u1ed3 Ch\u00ed Minh<\/p>\n\n\n\n<p class=\"has-black-color has-text-color\" style=\"padding-left:1.2rem\">tel: 028 3842 1111<\/p>\n\n\n\n<p class=\"has-black-color has-text-color\" style=\"padding-left:1.2rem\">Kho\u1ea3ng c\u00e1ch t\u1eeb kh\u00e1ch s\u1ea1n<br><i class=\"fas fa-plane-departure\"><\/i> Ho Chi Minh City Airport <i class=\"fas fa-car\"><\/i> 2km<\/p>\n<\/div>\n\n\n\n<div class=\"wp-block-stackable-divider stk-block-divider stk-block stk-3ee4463\" data-block-id=\"3ee4463\"><style>.stk-3ee4463 hr.stk-block-divider__hr{background:#cf2e2e !important}<\/style><hr class=\"stk-block-divider__hr\"\/><\/div>\n\n\n\n<div class=\"wp-block-group is-layout-constrained wp-block-group-is-layout-constrained\">\n<h5 class=\"wp-block-heading\" style=\"font-style:normal;font-weight:700\"><span style=\"color: #000000;\" class=\"stk-highlight\">Eastin Grand Hotel Saigon<\/span><\/h5>\n\n\n\n<p class=\"has-luminous-vivid-amber-color has-text-color\" style=\"padding-left:1.2rem\"><i class=\"fas fa-star\"><\/i><i class=\"fas fa-star\"><\/i><i class=\"fas fa-star\"><\/i><i class=\"fas fa-star\"><\/i><\/p>\n\n\n\n<p class=\"has-black-color has-text-color\" style=\"padding-left:1.2rem\">253 Nguy\u1ec5n V\u0103n Tr\u1ed7i, Ph\u01b0\u1eddng 10, Ph\u00fa Nhu\u1eadn, Th\u00e0nh ph\u1ed1 H\u1ed3 Ch\u00ed Minh<\/p>\n\n\n\n<p class=\"has-black-color has-text-color\" style=\"padding-left:1.2rem\">tel: 02838449222<\/p>\n\n\n\n<p class=\"has-black-color has-text-color\" style=\"padding-left:1.2rem\">Kho\u1ea3ng c\u00e1ch t\u1eeb kh\u00e1ch s\u1ea1n<br><i class=\"fas fa-plane-departure\"><\/i> Ho Chi Minh City Airport <i class=\"fas fa-car\"><\/i> 3km<\/p>\n<\/div>\n\n\n\n<div class=\"wp-block-stackable-divider stk-block-divider stk-block stk-089dc39\" data-block-id=\"089dc39\"><style>.stk-089dc39 hr.stk-block-divider__hr{background:#cf2e2e !important}<\/style><hr class=\"stk-block-divider__hr\"\/><\/div>\n\n\n\n<div class=\"wp-block-group is-layout-constrained wp-block-group-is-layout-constrained\">\n<h5 class=\"wp-block-heading\" style=\"font-style:normal;font-weight:700\"><span style=\"color: #000000;\" class=\"stk-highlight\">Tan Son Nhat Hotel<\/span><\/h5>\n\n\n\n<p class=\"has-luminous-vivid-amber-color has-text-color\" style=\"padding-left:1.2rem\"><i class=\"fas fa-star\"><\/i><i class=\"fas fa-star\"><\/i><i class=\"fas fa-star\"><\/i><i class=\"fas fa-star\"><\/i><i class=\"fas fa-star\"><\/i><\/p>\n\n\n\n<p class=\"has-black-color has-text-color\" style=\"padding-left:1.2rem\">202 Ho\u00e0ng V\u0103n Th\u1ee5, Ph\u01b0\u1eddng 9, Ph\u00fa Nhu\u1eadn, Th\u00e0nh ph\u1ed1 H\u1ed3 Ch\u00ed Minh, Vi\u1ec7t Nam<\/p>\n\n\n\n<p class=\"has-black-color has-text-color\" style=\"padding-left:1.2rem\">tel: 02839991612<\/p>\n\n\n\n<p class=\"has-black-color has-text-color\" style=\"padding-left:1.2rem\">Kho\u1ea3ng c\u00e1ch t\u1eeb kh\u00e1ch s\u1ea1n<br><i class=\"fas fa-plane-departure\"><\/i> Ho Chi Minh City Airport <i class=\"fas fa-car\"><\/i> 2km<\/p>\n<\/div>\n\n\n\n<div class=\"wp-block-stackable-divider stk-block-divider stk-block stk-01335ec\" data-block-id=\"01335ec\"><hr class=\"stk-block-divider__hr\"\/><\/div>\n<\/div>\n\n<\/div><\/details><\/div><\/div>\n","protected":false},"excerpt":{"rendered":"","protected":false},"author":1,"featured_media":0,"parent":140,"menu_order":6,"comment_status":"closed","ping_status":"closed","template":"wp-custom-template-main-pages","meta":{"footnotes":""},"featured_image_urls":{"full":"","thumbnail":"","medium":"","medium_large":"","large":"","gs-tiny":"","xl":"","xxl":"","xxxl":"","xxxxl":"","xxxxxl":"","1536x1536":"","2048x2048":""},"post_excerpt_stackable":"<p>\u0110\u1ecba \u0111i\u1ec3m t\u1ed5 ch\u1ee9c Cu\u1ed9c thi NAILYMPA Vi\u1ec7t Nam 2024 &#8211; Grand Palace Convention Danh s\u00e1ch c\u00e1c kh\u00e1ch s\u1ea1n g\u1ea7n Holiday Inn &amp; Suites Saigon Airport, an IHG Hotel 18E C\u1ed9ng H\u00f2a T\u00e2n B\u00ecnh, Th\u00e0nh ph\u1ed1 H\u1ed3 Ch\u00ed Minh tel: 120852336 Kho\u1ea3ng c\u00e1ch t\u1eeb kh\u00e1ch s\u1ea1n Ho Chi Minh City Airport 2km Sedona Suites Ho Chi Minh City 67 L\u00ea L\u1ee3i, Qu\u1eadn 1, Th\u00e0nh ph\u1ed1 H\u1ed3 Ch\u00ed MinhC\u1ed5ng c\u1ee7a kh\u00e1ch s\u1ea1n n\u1eb1m \u1edf \u0111\u01b0\u1eddng Nam K\u1ef3 Kh\u1edfi Ngh\u0129a, Th\u00e0nh ph\u1ed1 H\u1ed3 Ch\u00ed Minh tel: 02838229888 Kho\u1ea3ng c\u00e1ch t\u1eeb kh\u00e1ch s\u1ea1n Ho Chi Minh City Airport 7km ibis Saigon Airport 2&hellip;<\/p>\n","category_list":"","author_info":{"name":"anhnguyen","url":"https:\/\/nailympia.asia\/index.php\/author\/anhnguyen\/"},"comments_num":"0 comments","aioseo_notices":[],"_links":{"self":[{"href":"https:\/\/nailympia.asia\/index.php\/wp-json\/wp\/v2\/pages\/814"}],"collection":[{"href":"https:\/\/nailympia.asia\/index.php\/wp-json\/wp\/v2\/pages"}],"about":[{"href":"https:\/\/nailympia.asia\/index.php\/wp-json\/wp\/v2\/types\/page"}],"author":[{"embeddable":true,"href":"https:\/\/nailympia.asia\/index.php\/wp-json\/wp\/v2\/users\/1"}],"replies":[{"embeddable":true,"href":"https:\/\/nailympia.asia\/index.php\/wp-json\/wp\/v2\/comments?post=814"}],"version-history":[{"count":0,"href":"https:\/\/nailympia.asia\/index.php\/wp-json\/wp\/v2\/pages\/814\/revisions"}],"up":[{"embeddable":true,"href":"https:\/\/nailympia.asia\/index.php\/wp-json\/wp\/v2\/pages\/140"}],"wp:attachment":[{"href":"https:\/\/nailympia.asia\/index.php\/wp-json\/wp\/v2\/media?parent=814"}],"curies":[{"name":"wp","href":"https:\/\/api.w.org\/{rel}","templated":true}]}}