{"id":457,"date":"2023-10-11T05:47:46","date_gmt":"2023-10-11T05:47:46","guid":{"rendered":"https:\/\/nailympia.asia\/?page_id=457"},"modified":"2024-03-25T04:14:11","modified_gmt":"2024-03-25T04:14:11","slug":"quy-dinh-thi-truc-tiep","status":"publish","type":"page","link":"https:\/\/nailympia.asia\/index.php\/nailympia-vietnam-2024\/cuoc-thi-nailympia-2024\/quy-dinh\/quy-dinh-thi-truc-tiep\/","title":{"rendered":"Quy \u0111\u1ecbnh thi tr\u1ef1c ti\u1ebfp"},"content":{"rendered":"\n<p><\/p>\n\n\n\n<div class=\"wp-block-group is-layout-constrained wp-container-core-group-layout-1 wp-block-group-is-layout-constrained\"><div class=\"lightweight-accordion has-text-color has-background\"><details><summary class=\"lightweight-accordion-title\" style=\"color:#ffffff;background:#cf2e2e;\"><span><strong>Th\u00f4ng Tin Chu\u1ea9n b\u1ecb C\u1ea7n Thi\u1ebft Tr\u01b0\u1edbc Cu\u1ed9c Thi Nailympia Vi\u1ec7t Nam 2024<\/strong><\/span><\/summary><div class=\"lightweight-accordion-body\" style=\"border-color:#cf2e2e;\">\n\n<p>Tr\u01b0\u1edbc khi b\u01b0\u1edbc v\u00e0o Nailympia Vi\u1ec7t Nam 2024, h\u00e3y \u0111\u1ea3m b\u1ea3o b\u1ea1n \u0111\u00e3 n\u1eafm r\u00f5 nh\u1eefng quy \u0111\u1ecbnh v\u00e0 th\u00f4ng tin quan tr\u1ecdng sau \u0111\u00e2y, t\u1eeb vi\u1ec7c chu\u1ea9n b\u1ecb visa \u0111\u1ebfn vi\u1ec7c trang b\u1ecb \u0111\u00e8n b\u00e0n c\u00e1 nh\u00e2n. \u0110\u00e2y l\u00e0 c\u01a1 h\u1ed9i \u0111\u1ec3 b\u1ea1n th\u1ec3 hi\u1ec7n t\u00e0i n\u0103ng v\u00e0 chi\u1ebfn th\u1eafng trong cu\u1ed9c thi nail ngh\u1ec7 thu\u1eadt h\u00e0ng \u0111\u1ea7u t\u1ea1i Vi\u1ec7t Nam!<\/p>\n\n\n\n<h1 class=\"wp-block-heading has-large-font-size\"><strong>1. Chu\u1ea9n B\u1ecb Visa Vi\u1ec7t Nam<\/strong><\/h1>\n\n\n\n<p>Nh\u1eb1m \u0111\u1ea3m b\u1ea3o r\u1eb1ng m\u1ecdi th\u00ed sinh n\u01b0\u1edbc ngo\u00e0i c\u00f3 th\u1ec3 tham d\u1ef1 cu\u1ed9c thi m\u1ed9t c\u00e1ch su\u00f4n s\u1ebb, vi\u1ec7c s\u1edf h\u1eefu&nbsp; visa Vi\u1ec7t Nam tr\u01b0\u1edbc 15 ng\u00e0y so v\u1edbi th\u1eddi gian d\u1ef1 ki\u1ebfn \u0111\u1ebfn Vi\u1ec7t Nam l\u00e0 r\u1ea5t quan tr\u1ecdng.<\/p>\n\n\n\n<h1 class=\"wp-block-heading has-large-font-size\"><strong>2. Quy \u0110\u1ecbnh v\u1ec1 S\u1ed1 L\u01b0\u1ee3ng Model<\/strong><\/h1>\n\n\n\n<p>Th\u00ed sinh tham gia thi tr\u1ef1c ti\u1ebfp c\u1ea7n ph\u1ea3i c\u00f3 \u00edt nh\u1ea5t 2 ng\u01b0\u1eddi m\u1eabu \u0111\u1ec3 \u0111\u1ea3m b\u1ea3o b\u00e0i thi di\u1ec5n ra \u0111\u00fang gi\u1edd v\u00e0 su\u00f4n s\u1ebb.<\/p>\n\n\n\n<h1 class=\"wp-block-heading has-large-font-size\"><strong>3. Quy \u0110\u1ecbnh v\u1ec1 D\u1ee5ng C\u1ee5&nbsp;<\/strong><\/h1>\n\n\n\n<p>M\u1ed7i th\u00ed sinh n\u00ean trang b\u1ecb m\u1ed9t \u0111\u00e8n b\u00e0n chi\u1ebfu s\u00e1ng c\u00e1 nh\u00e2n \u0111\u1ec3 t\u1ed1i \u01b0u h\u00f3a \u0111i\u1ec1u ki\u1ec7n l\u00e0m vi\u1ec7c v\u00e0 th\u1ec3 hi\u1ec7n t\u1ed1t nh\u1ea5t kh\u1ea3 n\u0103ng c\u1ee7a m\u00ecnh.<\/p>\n\n<\/div><\/details><\/div>\n\n<div class=\"lightweight-accordion has-text-color has-background\"><details><summary class=\"lightweight-accordion-title\" style=\"color:#ffffff;background:#cf2e2e;\"><span>Quy \u0110\u1ecbnh Gi\u1ea3i Th\u01b0\u1edfng Cu\u1ed9c Thi Nailympia Vi\u1ec7t Nam 2024<\/span><\/summary><div class=\"lightweight-accordion-body\" style=\"border-color:#cf2e2e;\">\n\n<p>B\u01b0\u1edbc v\u00e0o cu\u1ed9c thi Nailympia Vi\u1ec7t Nam 2024, b\u1ea1n s\u1ebd kh\u00e1m ph\u00e1 m\u1ed9t th\u1ebf gi\u1edbi \u0111\u1ea7y h\u1ee9ng kh\u1edfi v\u1edbi h\u00e0ng lo\u1ea1t gi\u1ea3i th\u01b0\u1edfng h\u1ea5p d\u1eabn. T\u1eeb danh hi\u1ec7u c\u00e1 nh\u00e2n cao nh\u1ea5t cho \u0111\u1ebfn c\u00fap \u0111\u1ed9i nh\u00f3m, m\u1ed7i gi\u1ea3i th\u01b0\u1edfng \u0111\u1ec1u l\u00e0 m\u1ed9t b\u01b0\u1edbc ch\u1ea1m t\u1edbi vinh quang v\u00e0 danh ti\u1ebfng qu\u1ed1c t\u1ebf. \u0110\u00e2y l\u00e0 c\u01a1 h\u1ed9i \u0111\u1ec3 b\u1ea1n th\u1ec3 hi\u1ec7n t\u00e0i n\u0103ng v\u00e0 chi\u1ebfn th\u1eafng trong cu\u1ed9c thi nail ngh\u1ec7 thu\u1eadt h\u00e0ng \u0111\u1ea7u t\u1ea1i Vi\u1ec7t Nam.<\/p>\n\n\n\n<h1 class=\"wp-block-heading has-large-font-size\"><strong>1. Individual Top Scorer Vietnam<\/strong><\/h1>\n\n\n\n<p>\u0110\u1ee7 \u0111i\u1ec1u ki\u1ec7n nh\u1eadn gi\u1ea3i khi b\u1ea1n tham gia c\u00e1c m\u00f4n:<\/p>\n\n\n\n<ul>\n<li>Flat Art<\/li>\n\n\n\n<li>Art on Nails<\/li>\n\n\n\n<li>Mixed Media<\/li>\n\n\n\n<li>UV Gel Tip &amp; Overlay<\/li>\n\n\n\n<li>L&amp;P Acrylic Sculpture<\/li>\n\n\n\n<li>Perfect Match<\/li>\n\n\n\n<li>The Joy of Nails<\/li>\n\n\n\n<li>French Twist<\/li>\n\n\n\n<li>Salon Nails<\/li>\n\n\n\n<li>Stiletto Nails&nbsp;<\/li>\n\n\n\n<li>Fantasy Complete Look.<\/li>\n<\/ul>\n\n\n\n<p>Ph\u1ea3i tham gia \u00edt nh\u1ea5t 3 m\u00f4n.<\/p>\n\n\n\n<h1 class=\"wp-block-heading has-large-font-size\"><strong>2. Winner of Winners<\/strong><\/h1>\n\n\n\n<p>\u0110\u1ee7 \u0111i\u1ec1u ki\u1ec7n nh\u1eadn gi\u1ea3i khi b\u1ea1n tham gia c\u00e1c m\u00f4n:&nbsp;<\/p>\n\n\n\n<ul>\n<li>Invent a Nail Shape<\/li>\n\n\n\n<li>Flat Art<\/li>\n\n\n\n<li>Art on Nails<\/li>\n\n\n\n<li>UV Gel Tip &amp; Overlay<\/li>\n\n\n\n<li>L&amp;P Acrylic Sculpture<\/li>\n\n\n\n<li>The Joy of Nails<\/li>\n\n\n\n<li>French Twist<\/li>\n\n\n\n<li>Salon Nails<\/li>\n\n\n\n<li>Stiletto Nails&nbsp;<\/li>\n\n\n\n<li>Fantasy Complete Look<\/li>\n<\/ul>\n\n\n\n<p>C\u00f3 m\u1ed9t ng\u01b0\u1eddi chi\u1ebfn th\u1eafng cho m\u1ed7i c\u1ea5p \u0111\u1ed9. T\u1ed5ng \u0111i\u1ec3m cao nh\u1ea5t t\u1eeb t\u1ea5t c\u1ea3 c\u00e1c m\u00f4n thi tham gia \u0111\u01b0\u1ee3c t\u00ednh.<\/p>\n\n\n\n<h1 class=\"wp-block-heading has-large-font-size\"><strong>3. ART Winner of Winners<\/strong><\/h1>\n\n\n\n<p>\u0110\u1ee7 \u0111i\u1ec1u ki\u1ec7n nh\u1eadn gi\u1ea3i khi b\u1ea1n tham gia c\u00e1c m\u00f4n thi:&nbsp;<\/p>\n\n\n\n<ul>\n<li>Runway Nails<\/li>\n\n\n\n<li>Joy of Nails<\/li>\n\n\n\n<li>Reality Nails&nbsp;<\/li>\n\n\n\n<li>Mixed Media Boxed Art&nbsp;&nbsp;<\/li>\n\n\n\n<li>Fantasy Complete Look<\/li>\n<\/ul>\n\n\n\n<p>Ph\u1ea3i \u0111\u00e3 gi\u00e0nh chi\u1ebfn th\u1eafng trong m\u1ed9t m\u00f4n \u0111\u1ee7 \u0111i\u1ec1u ki\u1ec7n \u0111\u1ec3 tham gia v\u00e0 ph\u1ea3i tham gia \u00edt nh\u1ea5t 2 m\u00f4n thi li\u00ean quan.<\/p>\n\n\n\n<h1 class=\"wp-block-heading has-large-font-size\"><strong>4. Top Vietnam Tech<\/strong><\/h1>\n\n\n\n<p>\u0110\u1ee7 \u0111i\u1ec1u ki\u1ec7n nh\u1eadn gi\u1ea3i khi b\u1ea1n tham gia c\u00e1c m\u00f4n thi:&nbsp;<\/p>\n\n\n\n<ul>\n<li>L&amp;P Acrylic Sculpture<\/li>\n\n\n\n<li>UV Gel Tip &amp; Overlay&nbsp;<\/li>\n\n\n\n<li>Salon Nails<\/li>\n\n\n\n<li>Fantasy Complete Look<\/li>\n\n\n\n<li>Mixed Media<\/li>\n\n\n\n<li>Stiletto Nails&nbsp;<\/li>\n\n\n\n<li>The Joy of Nails<\/li>\n<\/ul>\n\n\n\n<p>M\u1ed9t gi\u1ea3i cao nh\u1ea5t cho m\u1ed7i c\u1ea5p \u0111\u1ed9. T\u1ed5ng \u0111i\u1ec3m cao nh\u1ea5t t\u1eeb t\u1ea5t c\u1ea3 c\u00e1c m\u00f4n thi tham&nbsp; gia \u0111\u01b0\u1ee3c t\u00ednh.<\/p>\n\n\n\n<h1 class=\"wp-block-heading has-large-font-size\"><strong>5. Nailympia Global Cup<\/strong><\/h1>\n\n\n\n<p>\u0110\u1ee7 \u0111i\u1ec1u ki\u1ec7n nh\u1eadn gi\u1ea3i khi b\u1ea1n tham gia c\u00e1c m\u00f4n thi:&nbsp;<\/p>\n\n\n\n<ul>\n<li>Stiletto Nails<\/li>\n\n\n\n<li>L&amp;P Acrylic Sculpture&nbsp;<\/li>\n\n\n\n<li>Gel Tip &amp; Overlay.&nbsp;<\/li>\n<\/ul>\n\n\n\n<p>3 m\u00f4n thi k\u1ef9 thu\u1eadt cao v\u00e0 \u0111\u1ea7y th\u00e1ch th\u1ee9c \u0111\u01b0\u1ee3c t\u1ed5 ch\u1ee9c t\u1ea1i t\u1ea5t c\u1ea3 c\u00e1c \u0111\u1ecba \u0111i\u1ec3m ho\u1ea1t \u0111\u1ed9ng, hi\u1ec7n t\u1ea1i bao g\u1ed3m: Vi\u1ec7t Nam, \u0110\u1ee9c, Mexico, Brazil, 4 \u0111\u1ecba \u0111i\u1ec3m \u1edf Hoa K\u1ef3 v\u00e0 V\u01b0\u01a1ng Qu\u1ed1c Anh. C\u00fap n\u00e0y \u0111\u01b0\u1ee3c trao t\u1ea1i LonDon.<\/p>\n\n\n\n<p><strong>L\u01afU \u00dd<\/strong>: b\u1ea1n ph\u1ea3i tham gia \u00edt nh\u1ea5t 3 \u0111\u1ecba \u0111i\u1ec3m \u0111\u1ec3 \u0111\u1ee7 \u0111i\u1ec1u ki\u1ec7n tham gia c\u00fap n\u00e0y.<\/p>\n\n\n\n<h1 class=\"wp-block-heading has-large-font-size\"><strong>6. C\u00fap \u0110\u1ed9i (Team Trophy)<\/strong><\/h1>\n\n\n\n<p>\u0110\u1ee7 \u0111i\u1ec1u ki\u1ec7n nh\u1eadn gi\u1ea3i khi b\u1ea1n tham gia c\u00e1c m\u00f4n thi:&nbsp;<\/p>\n\n\n\n<ul>\n<li>Flat Art<\/li>\n\n\n\n<li>Mixed Media<\/li>\n\n\n\n<li>Art on Nails<\/li>\n\n\n\n<li>UV Gel Tip &amp; Overlay,&nbsp;<\/li>\n\n\n\n<li>L&amp;P Acrylic Sculpture,&nbsp;<\/li>\n\n\n\n<li>Perfect Match,&nbsp;<\/li>\n\n\n\n<li>The Joy of Nails,&nbsp;<\/li>\n\n\n\n<li>French Twist,&nbsp;<\/li>\n\n\n\n<li>Salon Nails,&nbsp;<\/li>\n\n\n\n<li>Stiletto Nails&nbsp;<\/li>\n<\/ul>\n\n\n\n<p>M\u1ed9t \u0111\u1ed9i bao g\u1ed3m t\u1eeb 3-6 ng\u01b0\u1eddi. T\u1ea1i m\u1ecdi m\u00f4n thi th\u00edch h\u1ee3p, ba \u0111i\u1ec3m s\u1ed1 cao nh\u1ea5t c\u1ee7a \u0111\u1ed9i \u0111\u01b0\u1ee3c t\u00ednh (kh\u00f4ng t\u00ednh ri\u00eang cho t\u1eebng th\u00ed sinh \u1edf c\u00e1c m\u00f4n thi)<\/p>\n\n<\/div><\/details><\/div>\n\n<div class=\"lightweight-accordion has-text-color has-background\"><details><summary class=\"lightweight-accordion-title\" style=\"color:#ffffff;background:#cf2e2e;\"><span>01. GEL POLISH MANICURE<\/span><\/summary><div class=\"lightweight-accordion-body\" style=\"border-color:#cf2e2e;\">\n\n<figure class=\"wp-block-image size-full\"><img loading=\"lazy\" decoding=\"async\" width=\"2480\" height=\"2803\" src=\"https:\/\/nailympia.asia\/wp-content\/uploads\/2023\/12\/01.-GEL-POLISH-MANICURE.jpg\" alt=\"\" class=\"wp-image-1219\" srcset=\"https:\/\/nailympia.asia\/wp-content\/uploads\/2023\/12\/01.-GEL-POLISH-MANICURE.jpg 2480w, https:\/\/nailympia.asia\/wp-content\/uploads\/2023\/12\/01.-GEL-POLISH-MANICURE-265x300.jpg 265w, https:\/\/nailympia.asia\/wp-content\/uploads\/2023\/12\/01.-GEL-POLISH-MANICURE-906x1024.jpg 906w, https:\/\/nailympia.asia\/wp-content\/uploads\/2023\/12\/01.-GEL-POLISH-MANICURE-768x868.jpg 768w, https:\/\/nailympia.asia\/wp-content\/uploads\/2023\/12\/01.-GEL-POLISH-MANICURE-1600x1808.jpg 1600w, https:\/\/nailympia.asia\/wp-content\/uploads\/2023\/12\/01.-GEL-POLISH-MANICURE-1359x1536.jpg 1359w, https:\/\/nailympia.asia\/wp-content\/uploads\/2023\/12\/01.-GEL-POLISH-MANICURE-1812x2048.jpg 1812w\" sizes=\"(max-width: 2480px) 100vw, 2480px\" \/><\/figure>\n\n<\/div><\/details><\/div>\n\n<div class=\"lightweight-accordion has-text-color has-background\"><details><summary class=\"lightweight-accordion-title\" style=\"color:#ffffff;background:#cf2e2e;\"><span>02. THE JOY OF NAILS<\/span><\/summary><div class=\"lightweight-accordion-body\" style=\"border-color:#cf2e2e;\">\n\n<figure class=\"wp-block-image size-full\"><img loading=\"lazy\" decoding=\"async\" width=\"2500\" height=\"2886\" src=\"https:\/\/nailympia.asia\/wp-content\/uploads\/2023\/11\/02.-THE-JOY-OF-NAILS.truc-tiep.jpg\" alt=\"\" class=\"wp-image-1116\" srcset=\"https:\/\/nailympia.asia\/wp-content\/uploads\/2023\/11\/02.-THE-JOY-OF-NAILS.truc-tiep.jpg 2500w, https:\/\/nailympia.asia\/wp-content\/uploads\/2023\/11\/02.-THE-JOY-OF-NAILS.truc-tiep-260x300.jpg 260w, https:\/\/nailympia.asia\/wp-content\/uploads\/2023\/11\/02.-THE-JOY-OF-NAILS.truc-tiep-887x1024.jpg 887w, https:\/\/nailympia.asia\/wp-content\/uploads\/2023\/11\/02.-THE-JOY-OF-NAILS.truc-tiep-768x887.jpg 768w, https:\/\/nailympia.asia\/wp-content\/uploads\/2023\/11\/02.-THE-JOY-OF-NAILS.truc-tiep-1600x1847.jpg 1600w, https:\/\/nailympia.asia\/wp-content\/uploads\/2023\/11\/02.-THE-JOY-OF-NAILS.truc-tiep-1331x1536.jpg 1331w, https:\/\/nailympia.asia\/wp-content\/uploads\/2023\/11\/02.-THE-JOY-OF-NAILS.truc-tiep-1774x2048.jpg 1774w\" sizes=\"(max-width: 2500px) 100vw, 2500px\" \/><\/figure>\n\n<\/div><\/details><\/div>\n\n<div class=\"lightweight-accordion has-text-color has-background\"><details><summary class=\"lightweight-accordion-title\" style=\"color:#ffffff;background:#cf2e2e;\"><span>03. L_P ACRYLIC or GEL SCULPTED NAILS<\/span><\/summary><div class=\"lightweight-accordion-body\" style=\"border-color:#cf2e2e;\">\n\n<figure class=\"wp-block-image size-full\"><img loading=\"lazy\" decoding=\"async\" width=\"2500\" height=\"5192\" src=\"https:\/\/nailympia.asia\/wp-content\/uploads\/2023\/11\/03.-L_P-ACRYLIC-or-GEL-SCULPTED-NAILS.truc-tiep.jpg\" alt=\"\" class=\"wp-image-1117\" srcset=\"https:\/\/nailympia.asia\/wp-content\/uploads\/2023\/11\/03.-L_P-ACRYLIC-or-GEL-SCULPTED-NAILS.truc-tiep.jpg 2500w, https:\/\/nailympia.asia\/wp-content\/uploads\/2023\/11\/03.-L_P-ACRYLIC-or-GEL-SCULPTED-NAILS.truc-tiep-144x300.jpg 144w, https:\/\/nailympia.asia\/wp-content\/uploads\/2023\/11\/03.-L_P-ACRYLIC-or-GEL-SCULPTED-NAILS.truc-tiep-493x1024.jpg 493w, https:\/\/nailympia.asia\/wp-content\/uploads\/2023\/11\/03.-L_P-ACRYLIC-or-GEL-SCULPTED-NAILS.truc-tiep-768x1595.jpg 768w, https:\/\/nailympia.asia\/wp-content\/uploads\/2023\/11\/03.-L_P-ACRYLIC-or-GEL-SCULPTED-NAILS.truc-tiep-1600x3323.jpg 1600w, https:\/\/nailympia.asia\/wp-content\/uploads\/2023\/11\/03.-L_P-ACRYLIC-or-GEL-SCULPTED-NAILS.truc-tiep-740x1536.jpg 740w, https:\/\/nailympia.asia\/wp-content\/uploads\/2023\/11\/03.-L_P-ACRYLIC-or-GEL-SCULPTED-NAILS.truc-tiep-986x2048.jpg 986w\" sizes=\"(max-width: 2500px) 100vw, 2500px\" \/><\/figure>\n\n<\/div><\/details><\/div>\n\n<div class=\"lightweight-accordion has-text-color has-background\"><details><summary class=\"lightweight-accordion-title\" style=\"color:#ffffff;background:#cf2e2e;\"><span>04. L_P ACRYLIC or GEL TIP NAILS<\/span><\/summary><div class=\"lightweight-accordion-body\" style=\"border-color:#cf2e2e;\">\n\n<figure class=\"wp-block-image size-full\"><img loading=\"lazy\" decoding=\"async\" width=\"2480\" height=\"5214\" src=\"https:\/\/nailympia.asia\/wp-content\/uploads\/2023\/11\/04.-L_P-ACRYLIC-or-GEL-TIP-NAILS.truc-tiep.jpg\" alt=\"\" class=\"wp-image-1118\" srcset=\"https:\/\/nailympia.asia\/wp-content\/uploads\/2023\/11\/04.-L_P-ACRYLIC-or-GEL-TIP-NAILS.truc-tiep.jpg 2480w, https:\/\/nailympia.asia\/wp-content\/uploads\/2023\/11\/04.-L_P-ACRYLIC-or-GEL-TIP-NAILS.truc-tiep-143x300.jpg 143w, https:\/\/nailympia.asia\/wp-content\/uploads\/2023\/11\/04.-L_P-ACRYLIC-or-GEL-TIP-NAILS.truc-tiep-487x1024.jpg 487w, https:\/\/nailympia.asia\/wp-content\/uploads\/2023\/11\/04.-L_P-ACRYLIC-or-GEL-TIP-NAILS.truc-tiep-768x1615.jpg 768w, https:\/\/nailympia.asia\/wp-content\/uploads\/2023\/11\/04.-L_P-ACRYLIC-or-GEL-TIP-NAILS.truc-tiep-1600x3364.jpg 1600w, https:\/\/nailympia.asia\/wp-content\/uploads\/2023\/11\/04.-L_P-ACRYLIC-or-GEL-TIP-NAILS.truc-tiep-731x1536.jpg 731w, https:\/\/nailympia.asia\/wp-content\/uploads\/2023\/11\/04.-L_P-ACRYLIC-or-GEL-TIP-NAILS.truc-tiep-974x2048.jpg 974w\" sizes=\"(max-width: 2480px) 100vw, 2480px\" \/><\/figure>\n\n<\/div><\/details><\/div>\n\n<div class=\"lightweight-accordion has-text-color has-background\"><details><summary class=\"lightweight-accordion-title\" style=\"color:#ffffff;background:#cf2e2e;\"><span>05. PERFECT MATCH<\/span><\/summary><div class=\"lightweight-accordion-body\" style=\"border-color:#cf2e2e;\">\n\n<figure class=\"wp-block-image size-full\"><img loading=\"lazy\" decoding=\"async\" width=\"2480\" height=\"1058\" src=\"https:\/\/nailympia.asia\/wp-content\/uploads\/2023\/11\/05.-PERFECT-MATCH.truc-tiep.jpg\" alt=\"\" class=\"wp-image-1119\" srcset=\"https:\/\/nailympia.asia\/wp-content\/uploads\/2023\/11\/05.-PERFECT-MATCH.truc-tiep.jpg 2480w, https:\/\/nailympia.asia\/wp-content\/uploads\/2023\/11\/05.-PERFECT-MATCH.truc-tiep-300x128.jpg 300w, https:\/\/nailympia.asia\/wp-content\/uploads\/2023\/11\/05.-PERFECT-MATCH.truc-tiep-1024x437.jpg 1024w, https:\/\/nailympia.asia\/wp-content\/uploads\/2023\/11\/05.-PERFECT-MATCH.truc-tiep-768x328.jpg 768w, https:\/\/nailympia.asia\/wp-content\/uploads\/2023\/11\/05.-PERFECT-MATCH.truc-tiep-1600x683.jpg 1600w, https:\/\/nailympia.asia\/wp-content\/uploads\/2023\/11\/05.-PERFECT-MATCH.truc-tiep-1536x655.jpg 1536w, https:\/\/nailympia.asia\/wp-content\/uploads\/2023\/11\/05.-PERFECT-MATCH.truc-tiep-2048x874.jpg 2048w\" sizes=\"(max-width: 2480px) 100vw, 2480px\" \/><\/figure>\n\n<\/div><\/details><\/div>\n\n<div class=\"lightweight-accordion has-text-color has-background\"><details><summary class=\"lightweight-accordion-title\" style=\"color:#ffffff;background:#cf2e2e;\"><span>06. STILETTO NAILS<\/span><\/summary><div class=\"lightweight-accordion-body\" style=\"border-color:#cf2e2e;\">\n\n<figure class=\"wp-block-image size-full\"><img loading=\"lazy\" decoding=\"async\" width=\"2508\" height=\"3032\" src=\"https:\/\/nailympia.asia\/wp-content\/uploads\/2023\/11\/06.-STILETTO-NAILS.truc-tiep.jpg\" alt=\"\" class=\"wp-image-1120\" srcset=\"https:\/\/nailympia.asia\/wp-content\/uploads\/2023\/11\/06.-STILETTO-NAILS.truc-tiep.jpg 2508w, https:\/\/nailympia.asia\/wp-content\/uploads\/2023\/11\/06.-STILETTO-NAILS.truc-tiep-248x300.jpg 248w, https:\/\/nailympia.asia\/wp-content\/uploads\/2023\/11\/06.-STILETTO-NAILS.truc-tiep-847x1024.jpg 847w, https:\/\/nailympia.asia\/wp-content\/uploads\/2023\/11\/06.-STILETTO-NAILS.truc-tiep-768x928.jpg 768w, https:\/\/nailympia.asia\/wp-content\/uploads\/2023\/11\/06.-STILETTO-NAILS.truc-tiep-1600x1934.jpg 1600w, https:\/\/nailympia.asia\/wp-content\/uploads\/2023\/11\/06.-STILETTO-NAILS.truc-tiep-1271x1536.jpg 1271w, https:\/\/nailympia.asia\/wp-content\/uploads\/2023\/11\/06.-STILETTO-NAILS.truc-tiep-1694x2048.jpg 1694w\" sizes=\"(max-width: 2508px) 100vw, 2508px\" \/><\/figure>\n\n<\/div><\/details><\/div>\n\n<div class=\"lightweight-accordion has-text-color has-background\"><details><summary class=\"lightweight-accordion-title\" style=\"color:#ffffff;background:#cf2e2e;\"><span>07. SALON NAILS<\/span><\/summary><div class=\"lightweight-accordion-body\" style=\"border-color:#cf2e2e;\">\n\n<figure class=\"wp-block-image size-full\"><img loading=\"lazy\" decoding=\"async\" width=\"2500\" height=\"4384\" src=\"https:\/\/nailympia.asia\/wp-content\/uploads\/2023\/11\/07.-SALON-NAILS.truc-tiep.jpg\" alt=\"\" class=\"wp-image-1121\" srcset=\"https:\/\/nailympia.asia\/wp-content\/uploads\/2023\/11\/07.-SALON-NAILS.truc-tiep.jpg 2500w, https:\/\/nailympia.asia\/wp-content\/uploads\/2023\/11\/07.-SALON-NAILS.truc-tiep-171x300.jpg 171w, https:\/\/nailympia.asia\/wp-content\/uploads\/2023\/11\/07.-SALON-NAILS.truc-tiep-584x1024.jpg 584w, https:\/\/nailympia.asia\/wp-content\/uploads\/2023\/11\/07.-SALON-NAILS.truc-tiep-768x1347.jpg 768w, https:\/\/nailympia.asia\/wp-content\/uploads\/2023\/11\/07.-SALON-NAILS.truc-tiep-1600x2806.jpg 1600w, https:\/\/nailympia.asia\/wp-content\/uploads\/2023\/11\/07.-SALON-NAILS.truc-tiep-876x1536.jpg 876w, https:\/\/nailympia.asia\/wp-content\/uploads\/2023\/11\/07.-SALON-NAILS.truc-tiep-1168x2048.jpg 1168w\" sizes=\"(max-width: 2500px) 100vw, 2500px\" \/><\/figure>\n\n<\/div><\/details><\/div>\n\n<div class=\"lightweight-accordion has-text-color has-background\"><details><summary class=\"lightweight-accordion-title\" style=\"color:#ffffff;background:#cf2e2e;\"><span>08. FANTASY NAILS<\/span><\/summary><div class=\"lightweight-accordion-body\" style=\"border-color:#cf2e2e;\">\n\n<figure class=\"wp-block-image size-full\"><img loading=\"lazy\" decoding=\"async\" width=\"2508\" height=\"3178\" src=\"https:\/\/nailympia.asia\/wp-content\/uploads\/2023\/11\/08.-FANTASY-NAILS.truc-tiep.jpg\" alt=\"\" class=\"wp-image-1122\" srcset=\"https:\/\/nailympia.asia\/wp-content\/uploads\/2023\/11\/08.-FANTASY-NAILS.truc-tiep.jpg 2508w, https:\/\/nailympia.asia\/wp-content\/uploads\/2023\/11\/08.-FANTASY-NAILS.truc-tiep-237x300.jpg 237w, https:\/\/nailympia.asia\/wp-content\/uploads\/2023\/11\/08.-FANTASY-NAILS.truc-tiep-808x1024.jpg 808w, https:\/\/nailympia.asia\/wp-content\/uploads\/2023\/11\/08.-FANTASY-NAILS.truc-tiep-768x973.jpg 768w, https:\/\/nailympia.asia\/wp-content\/uploads\/2023\/11\/08.-FANTASY-NAILS.truc-tiep-1600x2027.jpg 1600w, https:\/\/nailympia.asia\/wp-content\/uploads\/2023\/11\/08.-FANTASY-NAILS.truc-tiep-1212x1536.jpg 1212w, https:\/\/nailympia.asia\/wp-content\/uploads\/2023\/11\/08.-FANTASY-NAILS.truc-tiep-1616x2048.jpg 1616w\" sizes=\"(max-width: 2508px) 100vw, 2508px\" \/><\/figure>\n\n<\/div><\/details><\/div><\/div>\n","protected":false},"excerpt":{"rendered":"","protected":false},"author":1,"featured_media":0,"parent":423,"menu_order":1,"comment_status":"closed","ping_status":"closed","template":"wp-custom-template-another-page","meta":{"footnotes":""},"featured_image_urls":{"full":"","thumbnail":"","medium":"","medium_large":"","large":"","gs-tiny":"","xl":"","xxl":"","xxxl":"","xxxxl":"","xxxxxl":"","1536x1536":"","2048x2048":""},"post_excerpt_stackable":"<p>Th\u00f4ng Tin Chu\u1ea9n b\u1ecb C\u1ea7n Thi\u1ebft Tr\u01b0\u1edbc Cu\u1ed9c Thi Nailympia Vi\u1ec7t Nam 2024 Tr\u01b0\u1edbc khi b\u01b0\u1edbc v\u00e0o Nailympia Vi\u1ec7t Nam 2024, h\u00e3y \u0111\u1ea3m b\u1ea3o b\u1ea1n \u0111\u00e3 n\u1eafm r\u00f5 nh\u1eefng quy \u0111\u1ecbnh v\u00e0 th\u00f4ng tin quan tr\u1ecdng sau \u0111\u00e2y, t\u1eeb vi\u1ec7c chu\u1ea9n b\u1ecb visa \u0111\u1ebfn vi\u1ec7c trang b\u1ecb \u0111\u00e8n b\u00e0n c\u00e1 nh\u00e2n. \u0110\u00e2y l\u00e0 c\u01a1 h\u1ed9i \u0111\u1ec3 b\u1ea1n th\u1ec3 hi\u1ec7n t\u00e0i n\u0103ng v\u00e0 chi\u1ebfn th\u1eafng trong cu\u1ed9c thi nail ngh\u1ec7 thu\u1eadt h\u00e0ng \u0111\u1ea7u t\u1ea1i Vi\u1ec7t Nam! 1. Chu\u1ea9n B\u1ecb Visa Vi\u1ec7t Nam Nh\u1eb1m \u0111\u1ea3m b\u1ea3o r\u1eb1ng m\u1ecdi th\u00ed sinh n\u01b0\u1edbc ngo\u00e0i c\u00f3 th\u1ec3 tham d\u1ef1 cu\u1ed9c thi m\u1ed9t c\u00e1ch su\u00f4n s\u1ebb,&hellip;<\/p>\n","category_list":"","author_info":{"name":"anhnguyen","url":"https:\/\/nailympia.asia\/index.php\/author\/anhnguyen\/"},"comments_num":"0 comments","aioseo_notices":[],"_links":{"self":[{"href":"https:\/\/nailympia.asia\/index.php\/wp-json\/wp\/v2\/pages\/457"}],"collection":[{"href":"https:\/\/nailympia.asia\/index.php\/wp-json\/wp\/v2\/pages"}],"about":[{"href":"https:\/\/nailympia.asia\/index.php\/wp-json\/wp\/v2\/types\/page"}],"author":[{"embeddable":true,"href":"https:\/\/nailympia.asia\/index.php\/wp-json\/wp\/v2\/users\/1"}],"replies":[{"embeddable":true,"href":"https:\/\/nailympia.asia\/index.php\/wp-json\/wp\/v2\/comments?post=457"}],"version-history":[{"count":11,"href":"https:\/\/nailympia.asia\/index.php\/wp-json\/wp\/v2\/pages\/457\/revisions"}],"predecessor-version":[{"id":1945,"href":"https:\/\/nailympia.asia\/index.php\/wp-json\/wp\/v2\/pages\/457\/revisions\/1945"}],"up":[{"embeddable":true,"href":"https:\/\/nailympia.asia\/index.php\/wp-json\/wp\/v2\/pages\/423"}],"wp:attachment":[{"href":"https:\/\/nailympia.asia\/index.php\/wp-json\/wp\/v2\/media?parent=457"}],"curies":[{"name":"wp","href":"https:\/\/api.w.org\/{rel}","templated":true}]}}