{"id":427,"date":"2023-10-11T02:02:53","date_gmt":"2023-10-11T02:02:53","guid":{"rendered":"https:\/\/nailympia.asia\/?page_id=427"},"modified":"2024-03-31T10:02:51","modified_gmt":"2024-03-31T10:02:51","slug":"thi-truc-tiep","status":"publish","type":"page","link":"https:\/\/nailympia.asia\/index.php\/nailympia-vietnam-2024\/cuoc-thi-nailympia-2024\/lich-trinh-va-mon-thi\/thi-truc-tiep\/","title":{"rendered":"Thi tr\u1ef1c ti\u1ebfp"},"content":{"rendered":"\n<div class=\"wp-block-group is-layout-constrained wp-container-core-group-layout-1 wp-block-group-is-layout-constrained\">\n<div class=\"wp-block-stackable-text stk-block-text stk-block stk-d278ea2\" data-block-id=\"d278ea2\"><p class=\"stk-block-text__text\"><\/p><\/div>\n\n\n\n<div class=\"wp-block-stackable-text stk-block-text stk-block stk-3480c5a\" data-block-id=\"3480c5a\"><style>.stk-3480c5a .stk-block-text__text{color:#282828 !important}<\/style><p class=\"stk-block-text__text has-text-color has-text-align-center\"><span style=\"color: #fc0000;\" class=\"stk-highlight\"><strong>Ng\u00e0y  10 v\u00e0  11  th\u00e1ng 4 n\u0103m 2024 T\u1ea1i GRAND PALACE &nbsp;<\/strong><\/span><br>142\/18 C\u1ed9ng H\u00f2a, Ph\u01b0\u1eddng 4, Qu\u1eadn T\u00e2n B\u00ecnh, Tp.HCM, Vi\u1ec7t Nam.<\/p><\/div>\n\n\n\n<section id=\"section-d6a83e30-1593-4468-9655-e41cbcae7d67\" class=\"wp-block-gutentor-timeline gutentor-section gutentor-timeline cssanimations timeline-template1\"><div class=\"grid-container\"><div class=\"gutentor-block-header\"><div class=\"gutentor-section-title enable-title-design seperator-bottom text-center\"><h3 class=\"gutentor-title\"><strong>Th\u1ee9 4, ng\u00e0y 10\/04\/2024<\/strong><br>Ng\u00e0y thi th\u1ee9 1<\/h3><\/div><\/div><div class=\"gutentor-grid-item-wrap\"><div class=\"gutentor-timeline-wrapper\"><div class=\"gutentor-single-item gutentor-single-item-0 gutentor-even\"><div class=\"gutentor-timeline-item\"><div class=\"gutentor-single-item-wrap\"><div class=\"gutentor-timeline-item-circle\"><\/div><div class=\"gutentor-single-item-wrapper\"><div class=\"gutentor-single-item-content gutentor-timeline-item-content\"><div class=\"gutentor-timeline-item-org-title\"><h4 class=\"gutentor-timeline-item-heading-name\"><span style=\"color: #cf2e2e;\" class=\"stk-highlight\">8:00 \u2013 9:00<\/span><\/h4><h5 class=\"gutentor-timeline-item-duration\"><span style=\"color: #cf2e2e;\" class=\"stk-highlight\">60\u2019<\/span><\/h5><\/div><p class=\"gutentor-single-item-title\">\u0110\u00f3n kh\u00e1ch<\/p><p class=\"gutentor-single-item-desc\"><\/p><\/div><\/div><\/div><\/div><\/div><div class=\"gutentor-single-item gutentor-single-item-1 gutentor-odd\"><div class=\"gutentor-timeline-item\"><div class=\"gutentor-single-item-wrap\"><div class=\"gutentor-timeline-item-circle\"><\/div><div class=\"gutentor-single-item-wrapper\"><div class=\"gutentor-single-item-content gutentor-timeline-item-content\"><div class=\"gutentor-timeline-item-org-title\"><h4 class=\"gutentor-timeline-item-heading-name\"><span style=\"color: #cf2e2e;\" class=\"stk-highlight\">9:00 \u2013 09:30<\/span><\/h4><h5 class=\"gutentor-timeline-item-duration\"> <span style=\"color: #cf2e2e;\" class=\"stk-highlight\">30\u2019<\/span><\/h5><\/div><p class=\"gutentor-single-item-title\"> &#8211; Ti\u1ebft m\u1ee5c bi\u1ec3u di\u1ec5n m\u1edf m\u00e0n.<\/p><p class=\"gutentor-single-item-desc\"> &#8211; B\u00e0i ph\u00e1t bi\u1ec3u khai m\u1ea1c.<\/p><\/div><\/div><\/div><\/div><\/div><div class=\"gutentor-single-item gutentor-single-item-2 gutentor-even\"><div class=\"gutentor-timeline-item\"><div class=\"gutentor-single-item-wrap\"><div class=\"gutentor-timeline-item-circle\"><\/div><div class=\"gutentor-single-item-wrapper\"><div class=\"gutentor-single-item-content gutentor-timeline-item-content\"><div class=\"gutentor-timeline-item-org-title\"><h4 class=\"gutentor-timeline-item-heading-name\"><span style=\"color: #cf2e2e;\" class=\"stk-highlight\">09:30 \u2013 10:30<\/span><\/h4><h5 class=\"gutentor-timeline-item-duration\"><span style=\"color: #cf2e2e;\" class=\"stk-highlight\">60\u2019<\/span><\/h5><\/div><p class=\"gutentor-single-item-title\">&#8211; M\u00f4n thi 1 : GEL POLISH MANICURE<\/p><p class=\"gutentor-single-item-desc\"><\/p><\/div><\/div><\/div><\/div><\/div><div class=\"gutentor-single-item gutentor-single-item-3 gutentor-odd\"><div class=\"gutentor-timeline-item\"><div class=\"gutentor-single-item-wrap\"><div class=\"gutentor-timeline-item-circle\"><\/div><div class=\"gutentor-single-item-wrapper\"><div class=\"gutentor-single-item-content gutentor-timeline-item-content\"><div class=\"gutentor-timeline-item-org-title\"><h4 class=\"gutentor-timeline-item-heading-name\"><span style=\"color: #cf2e2e;\" class=\"stk-highlight\">10:30 \u2013 11:00<\/span><\/h4><h5 class=\"gutentor-timeline-item-duration\"><span style=\"color: #cf2e2e;\" class=\"stk-highlight\">30\u2019<\/span><\/h5><\/div><p class=\"gutentor-single-item-title\">&#8211; Chuy\u1ec3n khu v\u1ef1c thi \u0111\u1ea5u<\/p><p class=\"gutentor-single-item-desc\"><\/p><\/div><\/div><\/div><\/div><\/div><div class=\"gutentor-single-item gutentor-single-item-4 gutentor-even\"><div class=\"gutentor-timeline-item\"><div class=\"gutentor-single-item-wrap\"><div class=\"gutentor-timeline-item-circle\"><\/div><div class=\"gutentor-single-item-wrapper\"><div class=\"gutentor-single-item-content gutentor-timeline-item-content\"><div class=\"gutentor-timeline-item-org-title\"><h4 class=\"gutentor-timeline-item-heading-name\"><span style=\"color: #cf2e2e;\" class=\"stk-highlight\">11:00 \u2013 12:30<\/span><\/h4><h5 class=\"gutentor-timeline-item-duration\"><span style=\"color: #cf2e2e;\" class=\"stk-highlight\">60&#8242;<\/span><\/h5><\/div><p class=\"gutentor-single-item-title\">&#8211; M\u00f4n thi 2: JOY OF NAILS<\/p><p class=\"gutentor-single-item-desc\"><\/p><\/div><\/div><\/div><\/div><\/div><div class=\"gutentor-single-item gutentor-single-item-5 gutentor-odd\"><div class=\"gutentor-timeline-item\"><div class=\"gutentor-single-item-wrap\"><div class=\"gutentor-timeline-item-circle\"><\/div><div class=\"gutentor-single-item-wrapper\"><div class=\"gutentor-single-item-content gutentor-timeline-item-content\"><div class=\"gutentor-timeline-item-org-title\"><h4 class=\"gutentor-timeline-item-heading-name\"><span style=\"color: #cf2e2e;\" class=\"stk-highlight\">12:30 \u2013 13:30<\/span><\/h4><h5 class=\"gutentor-timeline-item-duration\"><span style=\"color: #cf2e2e;\" class=\"stk-highlight\">60&#8242;<\/span><\/h5><\/div><p class=\"gutentor-single-item-title\">&#8211; Gi\u1ea3i lao: TI\u1ec6C TR\u00c0<\/p><p class=\"gutentor-single-item-desc\"><\/p><\/div><\/div><\/div><\/div><\/div><div class=\"gutentor-single-item gutentor-single-item-6 gutentor-even\"><div class=\"gutentor-timeline-item\"><div class=\"gutentor-single-item-wrap\"><div class=\"gutentor-timeline-item-circle\"><\/div><div class=\"gutentor-single-item-wrapper\"><div class=\"gutentor-single-item-content gutentor-timeline-item-content\"><div class=\"gutentor-timeline-item-org-title\"><h4 class=\"gutentor-timeline-item-heading-name\"><span style=\"color: #cf2e2e;\" class=\"stk-highlight\">13:30 &#8211; 15:00<\/span><\/h4><h5 class=\"gutentor-timeline-item-duration\"><span style=\"color: #cf2e2e;\" class=\"stk-highlight\">90&#8242;<\/span><\/h5><\/div><p class=\"gutentor-single-item-title\">&#8211; M\u00f4n thi 3: L&amp;P ACRYLIC or GEL SCULPTED NAILS<\/p><p class=\"gutentor-single-item-desc\"><\/p><\/div><\/div><\/div><\/div><\/div><div class=\"gutentor-single-item gutentor-single-item-7 gutentor-odd\"><div class=\"gutentor-timeline-item\"><div class=\"gutentor-single-item-wrap\"><div class=\"gutentor-timeline-item-circle\"><\/div><div class=\"gutentor-single-item-wrapper\"><div class=\"gutentor-single-item-content gutentor-timeline-item-content\"><div class=\"gutentor-timeline-item-org-title\"><h4 class=\"gutentor-timeline-item-heading-name\"><span style=\"color: #cf2e2e;\" class=\"stk-highlight\">15:00 &#8211; 15:15<\/span><br><span style=\"color: #cf2e2e;\" class=\"stk-highlight\">15&#8242;<\/span><\/h4><h5 class=\"gutentor-timeline-item-duration\"><\/h5><\/div><p class=\"gutentor-single-item-title\">&#8211; Gi\u1ea3i lao<\/p><p class=\"gutentor-single-item-desc\"><\/p><\/div><\/div><\/div><\/div><\/div><div class=\"gutentor-single-item gutentor-single-item-8 gutentor-even\"><div class=\"gutentor-timeline-item\"><div class=\"gutentor-single-item-wrap\"><div class=\"gutentor-timeline-item-circle\"><\/div><div class=\"gutentor-single-item-wrapper\"><div class=\"gutentor-single-item-content gutentor-timeline-item-content\"><div class=\"gutentor-timeline-item-org-title\"><h4 class=\"gutentor-timeline-item-heading-name\"><span style=\"color: #cf2e2e;\" class=\"stk-highlight\">15:15 &#8211; 16:45<\/span><\/h4><h5 class=\"gutentor-timeline-item-duration\"><span style=\"color: #cf2e2e;\" class=\"stk-highlight\">90&#8242;<\/span><\/h5><\/div><p class=\"gutentor-single-item-title\">&#8211; M\u00f4n thi 4: L&amp;P ACRYLIC or GEL TIP NAILS<br>&#8211; M\u00f4n thi 5: PERFECT MATCH<\/p><p class=\"gutentor-single-item-desc\"><\/p><\/div><\/div><\/div><\/div><\/div><div class=\"gutentor-single-item gutentor-single-item-9 gutentor-odd\"><div class=\"gutentor-timeline-item\"><div class=\"gutentor-single-item-wrap\"><div class=\"gutentor-timeline-item-circle\"><\/div><div class=\"gutentor-single-item-wrapper\"><div class=\"gutentor-single-item-content gutentor-timeline-item-content\"><div class=\"gutentor-timeline-item-org-title\"><h4 class=\"gutentor-timeline-item-heading-name\"><span style=\"color: #cf2e2e;\" class=\"stk-highlight\">16:45 &#8211; 17:00<\/span><\/h4><h5 class=\"gutentor-timeline-item-duration\"><span style=\"color: #cf2e2e;\" class=\"stk-highlight\">15&#8242;<\/span><\/h5><\/div><p class=\"gutentor-single-item-title\">&#8211; K\u1ebft th\u00fac ng\u00e0y thi th\u1ee9 1<\/p><p class=\"gutentor-single-item-desc\"><\/p><\/div><\/div><\/div><\/div><\/div><\/div><\/div><\/div><\/section>\n\n\n\n<div class=\"wp-block-stackable-divider stk-block-divider stk-block stk-8020f00\" data-block-id=\"8020f00\"><style>.stk-8020f00 hr.stk-block-divider__hr{background:#ff0000 !important}<\/style><hr class=\"stk-block-divider__hr\"\/><\/div>\n\n\n\n<section id=\"section-663f6b9c-b792-4932-be89-30ac0b9e380e\" class=\"wp-block-gutentor-timeline gutentor-section gutentor-timeline cssanimations timeline-template1\"><div class=\"grid-container\"><div class=\"gutentor-block-header\"><div class=\"gutentor-section-title enable-title-design seperator-bottom text-center\"><h2 class=\"gutentor-title\"><strong>Th\u1ee9 5, ng\u00e0y 11\/04\/2024<\/strong><br>Ng\u00e0y thi th\u1ee9 2<\/h2><\/div><\/div><div class=\"gutentor-grid-item-wrap\"><div class=\"gutentor-timeline-wrapper\"><div class=\"gutentor-single-item gutentor-single-item-0 gutentor-even\"><div class=\"gutentor-timeline-item\"><div class=\"gutentor-single-item-wrap\"><div class=\"gutentor-timeline-item-circle\"><\/div><div class=\"gutentor-single-item-wrapper\"><div class=\"gutentor-single-item-content gutentor-timeline-item-content\"><div class=\"gutentor-timeline-item-org-title\"><h4 class=\"gutentor-timeline-item-heading-name\"><span style=\"color: #cf2e2e;\" class=\"stk-highlight\">8:00 \u2013 9:00<\/span><\/h4><h5 class=\"gutentor-timeline-item-duration\"><span style=\"color: #cf2e2e;\" class=\"stk-highlight\">60&#8242;<\/span><\/h5><\/div><p class=\"gutentor-single-item-title\">&#8211; \u0110\u00f3n kh\u00e1ch<\/p><p class=\"gutentor-single-item-desc\"><\/p><\/div><\/div><\/div><\/div><\/div><div class=\"gutentor-single-item gutentor-single-item-1 gutentor-odd\"><div class=\"gutentor-timeline-item\"><div class=\"gutentor-single-item-wrap\"><div class=\"gutentor-timeline-item-circle\"><\/div><div class=\"gutentor-single-item-wrapper\"><div class=\"gutentor-single-item-content gutentor-timeline-item-content\"><div class=\"gutentor-timeline-item-org-title\"><h4 class=\"gutentor-timeline-item-heading-name\"><span style=\"color: #cf2e2e;\" class=\"stk-highlight\">9:30 \u2013 11:30<\/span><\/h4><h5 class=\"gutentor-timeline-item-duration\"><span style=\"color: #cf2e2e;\" class=\"stk-highlight\">120&#8242;<\/span><\/h5><\/div><p class=\"gutentor-single-item-title\">&#8211; M\u00f4n thi 6: STILETTO NAILS<\/p><p class=\"gutentor-single-item-desc\"><\/p><\/div><\/div><\/div><\/div><\/div><div class=\"gutentor-single-item gutentor-single-item-2 gutentor-even\"><div class=\"gutentor-timeline-item\"><div class=\"gutentor-single-item-wrap\"><div class=\"gutentor-timeline-item-circle\"><\/div><div class=\"gutentor-single-item-wrapper\"><div class=\"gutentor-single-item-content gutentor-timeline-item-content\"><div class=\"gutentor-timeline-item-org-title\"><h4 class=\"gutentor-timeline-item-heading-name\"><span style=\"color: #cf2e2e;\" class=\"stk-highlight\">11:30 \u2013 12:00<\/span><\/h4><h5 class=\"gutentor-timeline-item-duration\"><span style=\"color: #cf2e2e;\" class=\"stk-highlight\">30&#8242;<\/span><\/h5><\/div><p class=\"gutentor-single-item-title\">&#8211; Gi\u1ea3i lao<\/p><p class=\"gutentor-single-item-desc\"><\/p><\/div><\/div><\/div><\/div><\/div><div class=\"gutentor-single-item gutentor-single-item-3 gutentor-odd\"><div class=\"gutentor-timeline-item\"><div class=\"gutentor-single-item-wrap\"><div class=\"gutentor-timeline-item-circle\"><\/div><div class=\"gutentor-single-item-wrapper\"><div class=\"gutentor-single-item-content gutentor-timeline-item-content\"><div class=\"gutentor-timeline-item-org-title\"><h4 class=\"gutentor-timeline-item-heading-name\"><span style=\"color: #cf2e2e;\" class=\"stk-highlight\">12:00 &#8211; 13:00<\/span><\/h4><h5 class=\"gutentor-timeline-item-duration\"><span style=\"color: #cf2e2e;\" class=\"stk-highlight\">60&#8242;<\/span><\/h5><\/div><p class=\"gutentor-single-item-title\">&#8211; M\u00f4n thi 7: SALON NAILS<\/p><p class=\"gutentor-single-item-desc\"><\/p><\/div><\/div><\/div><\/div><\/div><div class=\"gutentor-single-item gutentor-single-item-4 gutentor-even\"><div class=\"gutentor-timeline-item\"><div class=\"gutentor-single-item-wrap\"><div class=\"gutentor-timeline-item-circle\"><\/div><div class=\"gutentor-single-item-wrapper\"><div class=\"gutentor-single-item-content gutentor-timeline-item-content\"><div class=\"gutentor-timeline-item-org-title\"><h4 class=\"gutentor-timeline-item-heading-name\"><span style=\"color: #cf2e2e;\" class=\"stk-highlight\">13:00 \u2013 14:00<\/span><\/h4><h5 class=\"gutentor-timeline-item-duration\"><span style=\"color: #cf2e2e;\" class=\"stk-highlight\">60&#8242;<\/span><\/h5><\/div><p class=\"gutentor-single-item-title\">&#8211; Gi\u1ea3i lao: TI\u1ec6C TR\u00c0<\/p><p class=\"gutentor-single-item-desc\"><\/p><\/div><\/div><\/div><\/div><\/div><div class=\"gutentor-single-item gutentor-single-item-5 gutentor-odd\"><div class=\"gutentor-timeline-item\"><div class=\"gutentor-single-item-wrap\"><div class=\"gutentor-timeline-item-circle\"><\/div><div class=\"gutentor-single-item-wrapper\"><div class=\"gutentor-single-item-content gutentor-timeline-item-content\"><div class=\"gutentor-timeline-item-org-title\"><h4 class=\"gutentor-timeline-item-heading-name\"><span style=\"color: #cf2e2e;\" class=\"stk-highlight\">14:00 \u2013 15:00<\/span><\/h4><h5 class=\"gutentor-timeline-item-duration\"><span style=\"color: #cf2e2e;\" class=\"stk-highlight\">60&#8242;<\/span><\/h5><\/div><p class=\"gutentor-single-item-title\">&#8211; M\u00f4n thi 8: FANTASY NAILS<\/p><p class=\"gutentor-single-item-desc\"><\/p><\/div><\/div><\/div><\/div><\/div><div class=\"gutentor-single-item gutentor-single-item-6 gutentor-even\"><div class=\"gutentor-timeline-item\"><div class=\"gutentor-single-item-wrap\"><div class=\"gutentor-timeline-item-circle\"><\/div><div class=\"gutentor-single-item-wrapper\"><div class=\"gutentor-single-item-content gutentor-timeline-item-content\"><div class=\"gutentor-timeline-item-org-title\"><h4 class=\"gutentor-timeline-item-heading-name\"><span style=\"color: #cf2e2e;\" class=\"stk-highlight\">15:-00 &#8211; 18:00<\/span><\/h4><h5 class=\"gutentor-timeline-item-duration\"><\/h5><\/div><p class=\"gutentor-single-item-title\">&#8211; Bi\u1ec3u di\u1ec5n b\u1ebf m\u1ea1c<br>&#8211; Trao gi\u1ea3i cho c\u00e1c th\u00ed sinh<br>&#8211; Ch\u1ee5p h\u00ecnh l\u01b0u ni\u1ec7m v\u00e0 k\u1ebft th\u00fac ch\u01b0\u01a1ng tr\u00ecnh<\/p><p class=\"gutentor-single-item-desc\"><\/p><\/div><\/div><\/div><\/div><\/div><\/div><\/div><\/div><\/section>\n<\/div>\n","protected":false},"excerpt":{"rendered":"<p>Ng\u00e0y 10 v\u00e0 11 th\u00e1ng 4 n\u0103m 2024 T\u1ea1i GRAND PALACE &nbsp;142\/18 C\u1ed9ng H\u00f2a, Ph\u01b0\u1eddng 4, Qu\u1eadn T\u00e2n B\u00ecnh, Tp.HCM, Vi\u1ec7t Nam.<\/p>\n","protected":false},"author":1,"featured_media":0,"parent":415,"menu_order":1,"comment_status":"closed","ping_status":"closed","template":"wp-custom-template-main-pages","meta":{"footnotes":""},"featured_image_urls":{"full":"","thumbnail":"","medium":"","medium_large":"","large":"","gs-tiny":"","xl":"","xxl":"","xxxl":"","xxxxl":"","xxxxxl":"","1536x1536":"","2048x2048":""},"post_excerpt_stackable":"<p>Ng\u00e0y 10 v\u00e0 11 th\u00e1ng 4 n\u0103m 2024 T\u1ea1i GRAND PALACE &nbsp;142\/18 C\u1ed9ng H\u00f2a, Ph\u01b0\u1eddng 4, Qu\u1eadn T\u00e2n B\u00ecnh, Tp.HCM, Vi\u1ec7t Nam. Th\u1ee9 4, ng\u00e0y 10\/04\/2024Ng\u00e0y thi th\u1ee9 18:00 \u2013 9:0060\u2019\u0110\u00f3n kh\u00e1ch9:00 \u2013 09:30 30\u2019 &#8211; Ti\u1ebft m\u1ee5c bi\u1ec3u di\u1ec5n m\u1edf m\u00e0n. &#8211; B\u00e0i ph\u00e1t bi\u1ec3u khai m\u1ea1c.09:30 \u2013 10:3060\u2019&#8211; M\u00f4n thi 1 : GEL POLISH MANICURE10:30 \u2013 11:0030\u2019&#8211; Chuy\u1ec3n khu v\u1ef1c thi \u0111\u1ea5u11:00 \u2013 12:3060&#8242;&#8211; M\u00f4n thi 2: JOY OF NAILS12:30 \u2013 13:3060&#8242;&#8211; Gi\u1ea3i lao: TI\u1ec6C TR\u00c013:30 &#8211; 15:0090&#8242;&#8211; M\u00f4n thi 3: L&amp;P ACRYLIC or GEL SCULPTED NAILS15:00 &#8211; 15:1515&#8242;&#8211; Gi\u1ea3i lao15:15 &#8211; 16:4590&#8242;&#8211; M\u00f4n thi 4: L&amp;P ACRYLIC&hellip;<\/p>\n","category_list":"","author_info":{"name":"anhnguyen","url":"https:\/\/nailympia.asia\/index.php\/author\/anhnguyen\/"},"comments_num":"0 comments","aioseo_notices":[],"_links":{"self":[{"href":"https:\/\/nailympia.asia\/index.php\/wp-json\/wp\/v2\/pages\/427"}],"collection":[{"href":"https:\/\/nailympia.asia\/index.php\/wp-json\/wp\/v2\/pages"}],"about":[{"href":"https:\/\/nailympia.asia\/index.php\/wp-json\/wp\/v2\/types\/page"}],"author":[{"embeddable":true,"href":"https:\/\/nailympia.asia\/index.php\/wp-json\/wp\/v2\/users\/1"}],"replies":[{"embeddable":true,"href":"https:\/\/nailympia.asia\/index.php\/wp-json\/wp\/v2\/comments?post=427"}],"version-history":[{"count":3,"href":"https:\/\/nailympia.asia\/index.php\/wp-json\/wp\/v2\/pages\/427\/revisions"}],"predecessor-version":[{"id":1969,"href":"https:\/\/nailympia.asia\/index.php\/wp-json\/wp\/v2\/pages\/427\/revisions\/1969"}],"up":[{"embeddable":true,"href":"https:\/\/nailympia.asia\/index.php\/wp-json\/wp\/v2\/pages\/415"}],"wp:attachment":[{"href":"https:\/\/nailympia.asia\/index.php\/wp-json\/wp\/v2\/media?parent=427"}],"curies":[{"name":"wp","href":"https:\/\/api.w.org\/{rel}","templated":true}]}}