{"id":3312,"date":"2024-07-08T03:43:06","date_gmt":"2024-07-08T03:43:06","guid":{"rendered":"https:\/\/nailympia.asia\/?page_id=3312"},"modified":"2024-07-12T01:41:53","modified_gmt":"2024-07-12T01:41:53","slug":"kem-nghia-su-toa-sang-cua-ong-hoang-nganh-kem","status":"publish","type":"page","link":"https:\/\/nailympia.asia\/index.php\/kem-nghia-su-toa-sang-cua-ong-hoang-nganh-kem\/","title":{"rendered":"K\u1ec1m Ngh\u0129a &#8211; S\u1ef1 t\u1ecfa s\u00e1ng c\u1ee7a \u201c\u00d4ng ho\u00e0ng\u201d ng\u00e0nh k\u1ec1m"},"content":{"rendered":"\n<div class=\"wp-block-group is-layout-constrained wp-container-core-group-layout-1 wp-block-group-is-layout-constrained\">\n<p class=\"has-large-font-size\"><strong>K\u1ec1m Ngh\u0129a &#8211; S\u1ef1 t\u1ecfa s\u00e1ng c\u1ee7a \u201c\u00d4ng ho\u00e0ng\u201d ng\u00e0nh k\u1ec1m v\u00e0 nh\u1eefng kho\u1ea3nh kh\u1eafc n\u1ed5i b\u1eadt t\u1ea1i Nailympia Vi\u1ec7t Nam 2024<\/strong><\/p>\n\n\n\n<p>Nailympia Vi\u1ec7t Nam 2024 \u0111\u00e3 ghi d\u1ea5u \u1ea5n m\u1ea1nh m\u1ebd trong l\u00f2ng c\u00e1c t\u00edn \u0111\u1ed3 y\u00eau th\u00edch ngh\u1ec7 thu\u1eadt nail tr\u00ean to\u00e0n th\u1ebf gi\u1edbi. \u0110\u00e2y kh\u00f4ng ch\u1ec9 l\u00e0 m\u1ed9t s\u1ef1 ki\u1ec7n qu\u1ed1c t\u1ebf quan tr\u1ecdng trong ng\u00e0nh nail, m\u00e0 c\u00f2n l\u00e0 d\u1ecbp \u0111\u1ec3 c\u00e1c ngh\u1ec7 s\u0129, chuy\u00ean gia h\u00e0ng \u0111\u1ea7u v\u00e0 nh\u1eefng ngh\u1ec7 s\u0129 \u0111am m\u00ea l\u0129nh v\u1ef1c n\u00e0y t\u1ee5 h\u1ed9i, giao l\u01b0u v\u00e0 h\u1ecdc h\u1ecfi l\u1eabn nhau. S\u1ef1 ki\u1ec7n n\u0103m nay c\u00e0ng th\u00eam ph\u1ea7n r\u1ef1c r\u1ee1 v\u1edbi s\u1ef1 \u0111\u1ed3ng h\u00e0nh c\u1ee7a K\u1ec1m Ngh\u0129a &#8211; nh\u00e0 t\u00e0i tr\u1ee3 Platinum, &#8220;\u00f4ng ho\u00e0ng&#8221; trong ng\u00e0nh s\u1ea3n xu\u1ea5t d\u1ee5ng c\u1ee5 ch\u0103m s\u00f3c m\u00f3ng t\u1ea1i Vi\u1ec7t Nam.<\/p>\n\n\n\n<figure class=\"wp-block-image aligncenter size-large\"><img loading=\"lazy\" decoding=\"async\" width=\"1024\" height=\"683\" src=\"https:\/\/nailympia.asia\/wp-content\/uploads\/2024\/07\/anh-bia-va-anh-so-1-1024x683.jpg\" alt=\"\" class=\"wp-image-3315\" srcset=\"https:\/\/nailympia.asia\/wp-content\/uploads\/2024\/07\/anh-bia-va-anh-so-1-1024x683.jpg 1024w, https:\/\/nailympia.asia\/wp-content\/uploads\/2024\/07\/anh-bia-va-anh-so-1-300x200.jpg 300w, https:\/\/nailympia.asia\/wp-content\/uploads\/2024\/07\/anh-bia-va-anh-so-1-768x512.jpg 768w, https:\/\/nailympia.asia\/wp-content\/uploads\/2024\/07\/anh-bia-va-anh-so-1-50x33.jpg 50w, https:\/\/nailympia.asia\/wp-content\/uploads\/2024\/07\/anh-bia-va-anh-so-1-1600x1067.jpg 1600w, https:\/\/nailympia.asia\/wp-content\/uploads\/2024\/07\/anh-bia-va-anh-so-1-1536x1024.jpg 1536w, https:\/\/nailympia.asia\/wp-content\/uploads\/2024\/07\/anh-bia-va-anh-so-1-2048x1365.jpg 2048w\" sizes=\"(max-width: 1024px) 100vw, 1024px\" \/><\/figure>\n\n\n\n<p class=\"has-text-align-center has-medium-font-size\"><em>K\u1ec1m Ngh\u0129a &#8211; Nh\u00e0 t\u00e0i tr\u1ee3 Platinum c\u1ee7a Nailympia Vi\u1ec7t Nam 2024<\/em><\/p>\n\n\n\n<p class=\"has-large-font-size\"><strong>K\u1ec1m Ngh\u0129a &#8211; Bi\u1ec3u t\u01b0\u1ee3ng c\u1ee7a th\u01b0\u01a1ng hi\u1ec7u qu\u1ed1c gia<\/strong><\/p>\n\n\n\n<p>N\u0103m nay, C\u00f4ng ty TNHH MTV T\u01b0 V\u1ea5n D\u1ecbch V\u1ee5 \u0110\u1ecbnh C\u01b0 ISIE vinh h\u1ea1nh \u0111\u01b0\u1ee3c tr\u1edf th\u00e0nh \u0111\u01a1n v\u1ecb t\u1ed5 ch\u1ee9c ch\u00ednh c\u1ee7a s\u1ef1 ki\u1ec7n Nailympia Vi\u1ec7t Nam, ti\u00ean phong \u0111\u01b0a Vi\u1ec7t Nam g\u00f3p m\u1eb7t trong h\u00e0ng ng\u0169 danh s\u00e1ch c\u00e1c qu\u1ed1c gia \u0111\u0103ng cai s\u1ef1 ki\u1ec7n Nailympia Global, h\u01a1n h\u1ebft l\u00e0 b\u01b0\u1edbc \u0111\u1ec7m n\u00e2ng cao v\u1ecb th\u1ebf c\u1ee7a ng\u00e0nh nail Vi\u1ec7t Nam tr\u00ean tr\u01b0\u1eddng qu\u1ed1c t\u1ebf.<\/p>\n\n\n\n<p>\u0110\u1ebfn v\u1edbi Nailympia Vi\u1ec7t Nam n\u0103m nay, ngo\u00e0i s\u1ef1 h\u01b0\u1edfng \u1ee9ng s\u00f4i \u0111\u1ed9ng c\u1ee7a c\u00e1c th\u00ed sinh \u0111\u1ebfn t\u1eeb kh\u1eafp n\u01a1i tr\u00ean th\u1ebf gi\u1edbi, s\u1ef1 ki\u1ec7n c\u00f2n thu h\u00fat h\u00e0ng ch\u1ee5c th\u01b0\u01a1ng hi\u1ec7u danh ti\u1ebfng v\u1ec1 l\u0129nh v\u1ef1c ch\u0103m s\u00f3c v\u00e0 l\u00e0m \u0111\u1eb9p \u0111\u1ebfn t\u1eeb c\u00e1c qu\u1ed1c gia l\u1edbn nh\u01b0: M\u1ef9, Anh, \u00dac, Dubai,\u2026B\u00ean c\u1ea1nh \u0111\u00f3, K\u1ec1m Ngh\u0129a l\u00e0 m\u1ed9t trong s\u1ed1 nh\u1eefng \u0111\u01a1n v\u1ecb \u0111\u1ed3ng h\u00e0nh \u0111\u1eb7c bi\u1ec7t c\u00f9ng ban t\u1ed5 ch\u1ee9c khi \u0111\u00f3ng vai tr\u00f2 l\u00e0 nh\u00e0 t\u00e0i tr\u1ee3 Platinum, h\u01a1n th\u1ebf n\u1eefa l\u00e0 th\u01b0\u01a1ng hi\u1ec7u \u0111\u1ea1i di\u1ec7n cho n\u01b0\u1edbc ch\u1ee7 nh\u00e0 Vi\u1ec7t Nam tham gia s\u00e1nh vai v\u1edbi c\u00e1c \u201c\u00f4ng l\u1edbn\u201d kh\u00e1c trong c\u00f9ng l\u0129nh v\u1ef1c.<\/p>\n\n\n\n<figure class=\"wp-block-image aligncenter size-large\"><img loading=\"lazy\" decoding=\"async\" width=\"1024\" height=\"683\" src=\"https:\/\/nailympia.asia\/wp-content\/uploads\/2024\/07\/2-1024x683.jpg\" alt=\"\" class=\"wp-image-3316\" srcset=\"https:\/\/nailympia.asia\/wp-content\/uploads\/2024\/07\/2-1024x683.jpg 1024w, https:\/\/nailympia.asia\/wp-content\/uploads\/2024\/07\/2-300x200.jpg 300w, https:\/\/nailympia.asia\/wp-content\/uploads\/2024\/07\/2-768x512.jpg 768w, https:\/\/nailympia.asia\/wp-content\/uploads\/2024\/07\/2-50x33.jpg 50w, https:\/\/nailympia.asia\/wp-content\/uploads\/2024\/07\/2-1600x1067.jpg 1600w, https:\/\/nailympia.asia\/wp-content\/uploads\/2024\/07\/2-1536x1024.jpg 1536w, https:\/\/nailympia.asia\/wp-content\/uploads\/2024\/07\/2-2048x1365.jpg 2048w\" sizes=\"(max-width: 1024px) 100vw, 1024px\" \/><\/figure>\n\n\n\n<p class=\"has-text-align-center\"><em>Gian h\u00e0ng c\u1ee7a K\u1ec1m Ngh\u0129a t\u1ea1i s\u1ef1 ki\u1ec7n<\/em><\/p>\n\n\n\n<p>K\u1ec1m Ngh\u0129a t\u1eeb l\u00e2u \u0111\u00e3 tr\u1edf th\u00e0nh h\u00ecnh th\u01b0\u01a1ng hi\u1ec7u quen thu\u1ed9c t\u00e2m tr\u00ed c\u1ee7a ng\u01b0\u1eddi d\u00e2n Vi\u1ec7t Nam khi nh\u1eafc \u0111\u1ebfn d\u1ee5ng c\u1ee5 ch\u0103m s\u00f3c m\u00f3ng. Kh\u00f4ng ch\u1ec9 d\u1eebng l\u1ea1i \u1edf th\u1ecb tr\u01b0\u1eddng trong n\u01b0\u1edbc, K\u1ec1m Ngh\u0129a c\u00f2n \u0111\u1eb7t m\u1ee5c ti\u00eau v\u01b0\u01a1n ra th\u1ebf gi\u1edbi, mang s\u1ea3n ph\u1ea9m &#8220;Made in Vietnam&#8221; \u0111\u1ebfn v\u1edbi b\u1ea1n b\u00e8 qu\u1ed1c t\u1ebf. T\u1ea1i s\u1ef1 ki\u1ec7n, nhi\u1ec1u gi\u00e1m kh\u1ea3o, th\u00ed sinh v\u00e0 kh\u00e1ch m\u1eddi b\u00e0y t\u1ecf s\u1ef1 h\u00e0i l\u00f2ng v\u00e0 th\u00edch th\u00fa khi l\u1ea7n \u0111\u1ea7u \u0111\u01b0\u1ee3c tr\u1ea3i nghi\u1ec7m c\u00e1c b\u1ed9 s\u1ea3n ph\u1ea9m \u0111\u1ebfn t\u1eeb K\u1ec1m Ngh\u0129a. C\u00e1c s\u1ea3n ph\u1ea9m \u0111\u01b0\u1ee3c ra m\u1eaft l\u1ea7n n\u00e0y c\u1ee7a K\u1ec1m Ngh\u0129a \u0111\u1ec1u c\u00f3 thi\u1ebft k\u1ebf tinh x\u1ea3o, m\u1eabu m\u00e3 v\u00e0 ch\u1ea5t li\u1ec7u r\u1ea5t \u0111a d\u1ea1ng, trong \u0111\u00f3 ph\u1ea3i k\u1ec3 \u0111\u1ebfn set d\u1ee5ng c\u1ee5 \u0111\u01b0\u1ee3c m\u1ea1 v\u00e0ng 24K v\u00f4 c\u00f9ng \u0111\u1eb9p m\u1eaft. \u201cNgo\u00e0i c\u1ea3i ti\u1ebfn m\u1eabu m\u00e3 s\u1ea3n ph\u1ea9m nh\u1eb1m mang \u0111\u1ebfn s\u1ef1 \u0111a d\u1ea1ng cho m\u1ecdi \u0111\u1ed1i t\u01b0\u1ee3ng ng\u01b0\u1eddi d\u00f9ng, th\u00ec ch\u00fang t\u00f4i v\u1eabn t\u1eadp trung \u0111\u00e1nh m\u1ea1nh v\u00e0o ch\u1ea5t l\u01b0\u1ee3ng s\u1ea3n ph\u1ea9m, b\u1edfi ch\u1ea5t l\u01b0\u1ee3ng s\u1ea3n ph\u1ea9m l\u00e0 s\u1ef1 s\u1ed1ng c\u00f2n c\u1ee7a th\u01b0\u01a1ng hi\u1ec7u\u201d &#8211; \u0110\u1ea1i di\u1ec7n t\u1eeb K\u1ec1m Ngh\u0129a chia s\u1ebb.<\/p>\n\n\n\n<figure class=\"wp-block-image aligncenter size-large is-resized\"><img loading=\"lazy\" decoding=\"async\" width=\"3500\" height=\"2333\" src=\"https:\/\/nailympia.asia\/wp-content\/uploads\/2024\/07\/3-1024x683.jpg\" alt=\"\" class=\"wp-image-3320\" style=\"width:1020px\" srcset=\"https:\/\/nailympia.asia\/wp-content\/uploads\/2024\/07\/3-1024x683.jpg 1024w, https:\/\/nailympia.asia\/wp-content\/uploads\/2024\/07\/3-300x200.jpg 300w, https:\/\/nailympia.asia\/wp-content\/uploads\/2024\/07\/3-768x512.jpg 768w, https:\/\/nailympia.asia\/wp-content\/uploads\/2024\/07\/3-50x33.jpg 50w, https:\/\/nailympia.asia\/wp-content\/uploads\/2024\/07\/3-1600x1067.jpg 1600w, https:\/\/nailympia.asia\/wp-content\/uploads\/2024\/07\/3-1536x1024.jpg 1536w, https:\/\/nailympia.asia\/wp-content\/uploads\/2024\/07\/3-2048x1365.jpg 2048w\" sizes=\"(max-width: 3500px) 100vw, 3500px\" \/><\/figure>\n\n\n\n<p class=\"has-text-align-center\"><em>K\u1ec1m Ngh\u0129a gi\u1edbi thi\u1ec7u s\u1ea3n ph\u1ea9m m\u1edbi t\u1ea1i s\u1ef1 ki\u1ec7n<\/em><\/p>\n\n\n\n<p>N\u0103m nay, Nailympia l\u1ea7n \u0111\u1ea7u ti\u00ean \u0111\u01b0\u1ee3c t\u1ed5 ch\u1ee9c t\u1ea1i Vi\u1ec7t Nam, \u0111\u00e1nh d\u1ea5u c\u1ed9t m\u1ed1c quan tr\u1ecdng v\u00e0 t\u1ea1o ti\u1ec1n \u0111\u1ec1 cho s\u1ef1 ph\u00e1t tri\u1ec3n m\u1ea1nh m\u1ebd trong t\u01b0\u01a1ng lai. \u0110i\u1ec1u n\u00e0y kh\u00f4ng th\u1ec3 thi\u1ebfu s\u1ef1 h\u1ed7 tr\u1ee3 \u0111\u1eafc l\u1ef1c t\u1eeb K\u1ec1m Ngh\u0129a trong vai tr\u00f2 nh\u00e0 t\u00e0i tr\u1ee3 Platinum. S\u1ef1 \u0111\u1ed3ng h\u00e0nh c\u1ee7a K\u1ec1m Ngh\u0129a \u0111\u00e3 bi\u1ebfn Nailympia Vi\u1ec7t Nam 2024 tr\u1edf th\u00e0nh kh\u00f4ng ch\u1ec9 m\u1ed9t cu\u1ed9c thi, m\u00e0 c\u00f2n l\u00e0 m\u1ed9t s\u00e2n ch\u01a1i b\u1ed5 \u00edch, n\u01a1i c\u00e1c th\u00ed sinh c\u00f3 th\u1ec3 kh\u00e1m ph\u00e1 v\u00e0 m\u1edf r\u1ed9ng gi\u1edbi h\u1ea1n c\u1ee7a b\u1ea3n th\u00e2n.<\/p>\n\n\n\n<p>S\u1ef1 g\u00f3p m\u1eb7t c\u1ee7a K\u1ec1m Ngh\u0129a t\u1ea1i Nailympia Vi\u1ec7t Nam 2024 kh\u00f4ng ch\u1ec9 gi\u00fap n\u00e2ng cao h\u00ecnh \u1ea3nh th\u01b0\u01a1ng hi\u1ec7u c\u1ee7a Vi\u1ec7t Nam m\u00e0 c\u00f2n m\u1edf ra nhi\u1ec1u c\u01a1 h\u1ed9i h\u1ee3p t\u00e1c v\u00e0 ph\u00e1t tri\u1ec3n m\u1edbi. Qua s\u1ef1 ki\u1ec7n n\u00e0y, K\u1ec1m Ngh\u0129a \u0111\u00e3 ch\u1ee9ng minh r\u1eb1ng s\u1ea3n ph\u1ea9m c\u1ee7a h\u1ecd kh\u00f4ng ch\u1ec9 \u0111\u00e1p \u1ee9ng \u0111\u01b0\u1ee3c nhu c\u1ea7u trong n\u01b0\u1edbc m\u00e0 c\u00f2n c\u00f3 th\u1ec3 c\u1ea1nh tranh v\u00e0 t\u1ecfa s\u00e1ng tr\u00ean th\u1ecb tr\u01b0\u1eddng qu\u1ed1c t\u1ebf.<\/p>\n\n\n\n<p class=\"has-large-font-size\"><strong>Nh\u1eefng kho\u1ea3nh kh\u1eafc n\u1ed5i b\u1eadt c\u1ee7a K\u1ec1m Ngh\u0129a t\u1ea1i Nailympia Vi\u1ec7t Nam 2024<\/strong><\/p>\n\n\n\n<p>Kho\u00e1c l\u00ean m\u00ecnh m\u00e0u \u00e1o th\u01b0\u01a1ng hi\u1ec7u xanh l\u00e1 n\u1ed5i b\u1eadt, c\u00f9ng slogan \u201cK\u1ec1m Ngh\u0129a &#8211; Cho cu\u1ed9c s\u1ed1ng lu\u00f4n c\u00f3 ngh\u0129a\u201d, gian h\u00e0ng tr\u01b0ng b\u00e0y c\u1ee7a K\u1ec1m Ngh\u0129a \u0111\u00e3 th\u00e0nh c\u00f4ng t\u1ecfa s\u00e1ng t\u1ea1i s\u1ea3nh ch\u00ednh c\u1ee7a s\u1ef1 ki\u1ec7n. Gi\u1eefa kh\u00f4ng gian n\u00e1o nhi\u1ec7t v\u00e0 s\u00f4i \u0111\u1ed9ng c\u1ee7a cu\u1ed9c thi, gian h\u00e0ng c\u1ee7a K\u1ec1m Ngh\u0129a \u0111\u00e3 tr\u1edf th\u00e0nh t\u00e2m \u0111i\u1ec3m thu h\u00fat s\u1ef1 ch\u00fa \u00fd c\u1ee7a h\u00e0ng ng\u00e0n kh\u00e1ch tham quan.<\/p>\n\n\n\n<figure class=\"wp-block-image aligncenter size-large\"><img loading=\"lazy\" decoding=\"async\" width=\"1024\" height=\"683\" src=\"https:\/\/nailympia.asia\/wp-content\/uploads\/2024\/07\/4-1024x683.jpg\" alt=\"\" class=\"wp-image-3321\" srcset=\"https:\/\/nailympia.asia\/wp-content\/uploads\/2024\/07\/4-1024x683.jpg 1024w, https:\/\/nailympia.asia\/wp-content\/uploads\/2024\/07\/4-300x200.jpg 300w, https:\/\/nailympia.asia\/wp-content\/uploads\/2024\/07\/4-768x512.jpg 768w, https:\/\/nailympia.asia\/wp-content\/uploads\/2024\/07\/4-50x33.jpg 50w, https:\/\/nailympia.asia\/wp-content\/uploads\/2024\/07\/4-1600x1067.jpg 1600w, https:\/\/nailympia.asia\/wp-content\/uploads\/2024\/07\/4-1536x1024.jpg 1536w, https:\/\/nailympia.asia\/wp-content\/uploads\/2024\/07\/4-2048x1365.jpg 2048w\" sizes=\"(max-width: 1024px) 100vw, 1024px\" \/><\/figure>\n\n\n\n<p class=\"has-text-align-center\"><em>C\u00e1c s\u1ea3n ph\u1ea9m c\u1ee7a K\u1ec1m Ngh\u0129a thu h\u00fat nhi\u1ec1u s\u1ef1 quan t\u00e2m<\/em><\/p>\n\n\n\n<p>Kh\u00f4ng d\u1eebng l\u1ea1i \u1edf \u0111\u00f3, K\u1ec1m Ngh\u0129a c\u00f2n kh\u1eb3ng \u0111\u1ecbnh \u0111\u01b0\u1ee3c t\u1ea7m \u1ea3nh h\u01b0\u1edfng c\u1ee7a m\u00ecnh trong m\u1eaft nh\u1eefng ng\u01b0\u1eddi h\u00e2m m\u1ed9 ngh\u1ec7 thu\u1eadt nail, trong l\u00fac c\u00e1c th\u00ed sinh \u0111ang thi \u0111\u1ea5u gay c\u1ea5n, m\u1ed9t kho\u1ea3nh kh\u1eafc \u0111\u1eb7c bi\u1ec7t \u0111\u00e3 di\u1ec5n ra khi TVC c\u1ee7a K\u1ec1m Ngh\u0129a \u0111\u01b0\u1ee3c chi\u1ebfu tr\u00ean s\u00e2n kh\u1ea5u ch\u00ednh, h\u00ecnh \u1ea3nh s\u1ed1ng \u0111\u1ed9ng v\u00e0 th\u00f4ng \u0111i\u1ec7p \u00fd ngh\u0129a c\u1ee7a TVC \u0111\u00e3 thu h\u00fat \u00e1nh nh\u00ecn c\u1ee7a nhi\u1ec1u ng\u01b0\u1eddi tham quan. D\u00f9 \u0111ang t\u1eadp trung v\u00e0o cu\u1ed9c thi, nhi\u1ec1u th\u00ed sinh v\u00e0 kh\u00e1n gi\u1ea3 v\u1eabn kh\u00f4ng kh\u1ecfi r\u1eddi m\u1eaft kh\u1ecfi m\u00e0n h\u00ecnh \u0111\u1ec3 theo d\u00f5i t\u1eebng ph\u00fat gi\u00e2y c\u1ee7a TVC.<\/p>\n\n\n\n<figure class=\"wp-block-image aligncenter size-large\"><img loading=\"lazy\" decoding=\"async\" width=\"1024\" height=\"683\" src=\"https:\/\/nailympia.asia\/wp-content\/uploads\/2024\/07\/5-1024x683.jpg\" alt=\"\" class=\"wp-image-3323\" srcset=\"https:\/\/nailympia.asia\/wp-content\/uploads\/2024\/07\/5-1024x683.jpg 1024w, https:\/\/nailympia.asia\/wp-content\/uploads\/2024\/07\/5-300x200.jpg 300w, https:\/\/nailympia.asia\/wp-content\/uploads\/2024\/07\/5-768x512.jpg 768w, https:\/\/nailympia.asia\/wp-content\/uploads\/2024\/07\/5-50x33.jpg 50w, https:\/\/nailympia.asia\/wp-content\/uploads\/2024\/07\/5-1600x1067.jpg 1600w, https:\/\/nailympia.asia\/wp-content\/uploads\/2024\/07\/5-1536x1024.jpg 1536w, https:\/\/nailympia.asia\/wp-content\/uploads\/2024\/07\/5-2048x1365.jpg 2048w\" sizes=\"(max-width: 1024px) 100vw, 1024px\" \/><\/figure>\n\n\n\n<p class=\"has-text-align-center\"><em>TVC c\u1ee7a K\u1ec1m Ngh\u0129a<\/em><\/p>\n\n\n\n<p>Nh\u1eb1m t\u00f4n vinh nh\u1eefng \u0111\u00f3ng g\u00f3p quan tr\u1ecdng v\u00e0 s\u1ef1 \u0111\u1ed3ng h\u00e0nh qu\u00fd b\u00e1u trong vi\u1ec7c t\u1ea1o n\u00ean s\u1ef1 th\u00e0nh c\u00f4ng c\u1ee7a Nailympia Vi\u1ec7t Nam 2024, ban t\u1ed5 ch\u1ee9c \u0111\u00e3 \u0111\u1eb7c bi\u1ec7t vinh danh nh\u00e0 t\u00e0i tr\u1ee3 Platinum K\u1ec1m Ngh\u0129a, c\u00f9ng v\u1edbi c\u00e1c nh\u00e0 t\u00e0i tr\u1ee3 danh gi\u00e1 kh\u00e1c. \u0110\u1ea1i di\u1ec7n c\u1ee7a c\u00e1c nh\u00e0 t\u00e0i tr\u1ee3 \u0111\u01b0\u1ee3c ban t\u1ed5 ch\u1ee9c trao t\u1eb7ng hoa v\u00e0 k\u1ef7 ni\u1ec7m ch\u01b0\u01a1ng c\u1ee7a ch\u01b0\u01a1ng tr\u00ecnh nh\u01b0 m\u1ed9t l\u1eddi tri \u00e2n v\u00e0 c\u00f4ng nh\u1eadn cho nh\u1eefng c\u1ed1ng hi\u1ebfn to l\u1edbn c\u1ee7a h\u1ecd \u0111\u1ed1i v\u1edbi s\u1ef1 ki\u1ec7n.<\/p>\n\n\n\n<figure class=\"wp-block-image aligncenter size-large\"><img loading=\"lazy\" decoding=\"async\" width=\"1024\" height=\"683\" src=\"https:\/\/nailympia.asia\/wp-content\/uploads\/2024\/07\/6-1024x683.jpg\" alt=\"\" class=\"wp-image-3326\" srcset=\"https:\/\/nailympia.asia\/wp-content\/uploads\/2024\/07\/6-1024x683.jpg 1024w, https:\/\/nailympia.asia\/wp-content\/uploads\/2024\/07\/6-300x200.jpg 300w, https:\/\/nailympia.asia\/wp-content\/uploads\/2024\/07\/6-768x512.jpg 768w, https:\/\/nailympia.asia\/wp-content\/uploads\/2024\/07\/6-50x33.jpg 50w, https:\/\/nailympia.asia\/wp-content\/uploads\/2024\/07\/6-1600x1067.jpg 1600w, https:\/\/nailympia.asia\/wp-content\/uploads\/2024\/07\/6-1536x1024.jpg 1536w, https:\/\/nailympia.asia\/wp-content\/uploads\/2024\/07\/6-2048x1365.jpg 2048w\" sizes=\"(max-width: 1024px) 100vw, 1024px\" \/><\/figure>\n\n\n\n<p class=\"has-text-align-center\"><em>C\u00e1c nh\u00e0 t\u00e0i tr\u1ee3 nh\u1eadn hoa v\u00e0 k\u1ef7 ni\u1ec7m ch\u01b0\u01a1ng t\u1eeb ban t\u1ed5 ch\u1ee9c<\/em><\/p>\n\n\n\n<p>V\u1edbi mong mu\u1ed1n \u0111\u1ec3 l\u1ea1i d\u1ea5u \u1ea5n t\u01b0\u01a1i \u0111\u1eb9p v\u00e0 kh\u00f3 phai trong l\u00f2ng c\u00e1c gi\u00e1m kh\u1ea3o tham d\u1ef1 s\u1ef1 ki\u1ec7n Nailympia l\u1ea7n \u0111\u1ea7u ti\u00ean \u0111\u01b0\u1ee3c \u0111\u0103ng cai t\u1ea1i Vi\u1ec7t Nam, ban t\u1ed5 ch\u1ee9c v\u00e0 \u0111\u1ea1i di\u1ec7n \u0111\u1ebfn t\u1eeb K\u1ec1m Ngh\u0129a \u0111\u00e3 t\u1eadn tay trao t\u1eb7ng c\u00e1c v\u1ecb gi\u00e1m kh\u1ea3o qu\u1ed1c t\u1ebf nh\u1eefng m\u00f3n qu\u00e0 \u0111\u1eb7c bi\u1ec7t \u0111\u1ebfn t\u1eeb \u0111\u1ed9i ng\u0169 ban t\u1ed5 ch\u1ee9c C\u00f4ng ty TNHH MTV T\u01b0 V\u1ea5n D\u1ecbch V\u1ee5 \u0110\u1ecbnh C\u01b0 ISIE. \u0110\u00f3 l\u00e0 nh\u1eefng chi\u1ebfc n\u00f3n l\u00e1 \u0111\u01b0\u1ee3c v\u1ebd tay ho\u00e0n to\u00e0n th\u1ee7 c\u00f4ng, tr\u00ean m\u1ed7i chi\u1ebfc n\u00f3n \u0111\u1ec1u \u0111\u01b0\u1ee3c \u0111i\u1ec3m s\u1eafc b\u1edfi nh\u1eefng h\u00ecnh \u1ea3nh c\u1ee7a con ng\u01b0\u1eddi Vi\u1ec7t Nam ch\u1ecbu kh\u00f3 c\u1ea7n m\u1eabn, s\u1ef1 thanh cao c\u1ee7a bi\u1ec3u t\u01b0\u1ee3ng hoa sen, hay s\u1ef1 m\u1ea1nh m\u1ebd c\u1ee7a nh\u1eefng l\u0169y tre xanh. Nh\u1eefng m\u00f3n qu\u00e0 n\u00e0y kh\u00f4ng ch\u1ec9 th\u1ec3 hi\u1ec7n l\u00f2ng hi\u1ebfu kh\u00e1ch m\u00e0 c\u00f2n gi\u1edbi thi\u1ec7u n\u00e9t v\u0103n h\u00f3a \u0111\u1eb7c tr\u01b0ng c\u1ee7a Vi\u1ec7t Nam \u0111\u1ebfn b\u1ea1n b\u00e8 qu\u1ed1c t\u1ebf.<\/p>\n\n\n\n<figure class=\"wp-block-image aligncenter size-large\"><img loading=\"lazy\" decoding=\"async\" width=\"1024\" height=\"683\" src=\"https:\/\/nailympia.asia\/wp-content\/uploads\/2024\/07\/7-1024x683.jpg\" alt=\"\" class=\"wp-image-3328\" srcset=\"https:\/\/nailympia.asia\/wp-content\/uploads\/2024\/07\/7-1024x683.jpg 1024w, https:\/\/nailympia.asia\/wp-content\/uploads\/2024\/07\/7-300x200.jpg 300w, https:\/\/nailympia.asia\/wp-content\/uploads\/2024\/07\/7-768x512.jpg 768w, https:\/\/nailympia.asia\/wp-content\/uploads\/2024\/07\/7-50x33.jpg 50w, https:\/\/nailympia.asia\/wp-content\/uploads\/2024\/07\/7-1600x1067.jpg 1600w, https:\/\/nailympia.asia\/wp-content\/uploads\/2024\/07\/7-1536x1024.jpg 1536w, https:\/\/nailympia.asia\/wp-content\/uploads\/2024\/07\/7-2048x1365.jpg 2048w\" sizes=\"(max-width: 1024px) 100vw, 1024px\" \/><\/figure>\n\n\n\n<p class=\"has-text-align-center\"><em>BTC c\u00f9ng K\u1ec1m Ngh\u0129a trao qu\u00e0 cho c\u00e1c gi\u00e1m kh\u1ea3o<\/em><\/p>\n\n\n\n<p>T\u1ea1i gi\u00e2y ph\u00fat \u0111\u01b0\u1ee3c mong ch\u1edd nh\u1ea5t c\u1ee7a Nailympia Vi\u1ec7t Nam 2024, \u0111\u1ea1i di\u1ec7n K\u1ec1m Ngh\u0129a \u0111\u00e3 xu\u1ea5t hi\u1ec7n tr\u00ean s\u00e2n kh\u1ea5u \u0111\u1ec3 trao gi\u1ea3i cho c\u00e1c th\u00ed sinh xu\u1ea5t s\u1eafc v\u00e0 trao ch\u1ee9ng nh\u1eadn cho c\u00e1c Grand Master Nail. S\u1ef1 hi\u1ec7n di\u1ec7n c\u1ee7a K\u1ec1m Ngh\u0129a trong kho\u1ea3nh kh\u1eafc vinh danh n\u00e0y kh\u00f4ng ch\u1ec9 t\u00f4n vinh nh\u1eefng n\u1ed7 l\u1ef1c v\u00e0 t\u00e0i n\u0103ng c\u1ee7a c\u00e1c th\u00ed sinh m\u00e0 c\u00f2n th\u1ec3 hi\u1ec7n s\u1ef1 cam k\u1ebft m\u1ea1nh m\u1ebd c\u1ee7a th\u01b0\u01a1ng hi\u1ec7u trong vi\u1ec7c h\u1ed7 tr\u1ee3 v\u00e0 ph\u00e1t tri\u1ec3n c\u1ed9ng \u0111\u1ed3ng ngh\u1ec7 thu\u1eadt nail. \u0110i\u1ec1u n\u00e0y g\u00f3p ph\u1ea7n t\u1ea1o n\u00ean nh\u1eefng kho\u1ea3nh kh\u1eafc vinh quang \u0111\u1ea7y c\u1ea3m x\u00fac, kh\u1eafc s\u00e2u \u1ea5n t\u01b0\u1ee3ng v\u1ec1 K\u1ec1m Ngh\u0129a trong l\u00f2ng c\u00e1c kh\u00e1n gi\u1ea3 tham d\u1ef1.<\/p>\n\n\n\n<figure class=\"wp-block-image aligncenter size-large\"><img loading=\"lazy\" decoding=\"async\" width=\"1024\" height=\"683\" src=\"https:\/\/nailympia.asia\/wp-content\/uploads\/2024\/07\/8-1024x683.jpg\" alt=\"\" class=\"wp-image-3329\" srcset=\"https:\/\/nailympia.asia\/wp-content\/uploads\/2024\/07\/8-1024x683.jpg 1024w, https:\/\/nailympia.asia\/wp-content\/uploads\/2024\/07\/8-300x200.jpg 300w, https:\/\/nailympia.asia\/wp-content\/uploads\/2024\/07\/8-768x512.jpg 768w, https:\/\/nailympia.asia\/wp-content\/uploads\/2024\/07\/8-50x33.jpg 50w, https:\/\/nailympia.asia\/wp-content\/uploads\/2024\/07\/8-1600x1067.jpg 1600w, https:\/\/nailympia.asia\/wp-content\/uploads\/2024\/07\/8-1536x1024.jpg 1536w, https:\/\/nailympia.asia\/wp-content\/uploads\/2024\/07\/8-2048x1365.jpg 2048w\" sizes=\"(max-width: 1024px) 100vw, 1024px\" \/><\/figure>\n\n\n\n<p class=\"has-text-align-center\"><em>\u0110\u1ea1i di\u1ec7n K\u1ec1m Ngh\u0129a trao gi\u1ea3i cho c\u00e1c th\u00ed sinh chi\u1ebfn th\u1eafng<\/em><\/p>\n\n\n\n<p>V\u1edbi s\u1ef1 \u0111\u00f3ng g\u00f3p to l\u1edbn v\u00e0 nh\u1eefng n\u1ed7 l\u1ef1c kh\u00f4ng ng\u1eebng ngh\u1ec9, K\u1ec1m Ngh\u0129a \u0111\u00e3 v\u00e0 \u0111ang ti\u1ebfp t\u1ee5c kh\u1eb3ng \u0111\u1ecbnh v\u1ecb th\u1ebf c\u1ee7a m\u00ecnh tr\u00ean b\u1ea3n \u0111\u1ed3 qu\u1ed1c t\u1ebf. Th\u01b0\u01a1ng hi\u1ec7u kh\u00f4ng ch\u1ec9 mang l\u1ea1i nh\u1eefng s\u1ea3n ph\u1ea9m ch\u1ea5t l\u01b0\u1ee3ng m\u00e0 c\u00f2n g\u00f3p ph\u1ea7n n\u00e2ng cao gi\u00e1 tr\u1ecb c\u1ee7a ng\u00e0nh c\u00f4ng nghi\u1ec7p nailart Vi\u1ec7t Nam. C\u00f9ng \u0111\u00f3n ch\u1edd c\u00e1c m\u00f9a Nailympia Vi\u1ec7t Nam ti\u1ebfp theo \u0111\u1ec3 theo d\u00f5i s\u1ef1 t\u1ecfa s\u00e1ng c\u1ee7a c\u00e1c th\u00ed sinh v\u00e0 s\u1ef1 \u0111\u00f3ng g\u00f3p to l\u1edbn c\u1ee7a K\u1ec1m Ngh\u0129a n\u00f3i ri\u00eang v\u00e0 c\u00e1c nh\u00e0 t\u00e0i tr\u1ee3 n\u00f3i chung cho s\u1ef1 ph\u00e1t tri\u1ec3n c\u1ee7a ng\u00e0nh nail to\u00e0n c\u1ea7u.<\/p>\n<\/div>\n","protected":false},"excerpt":{"rendered":"<p>K\u1ec1m Ngh\u0129a &#8211; S\u1ef1 t\u1ecfa s\u00e1ng c\u1ee7a \u201c\u00d4ng ho\u00e0ng\u201d ng\u00e0nh k\u1ec1m v\u00e0 nh\u1eefng kho\u1ea3nh kh\u1eafc n\u1ed5i b\u1eadt t\u1ea1i Nailympia Vi\u1ec7t Nam 2024 Nailympia Vi\u1ec7t Nam 2024 \u0111\u00e3 ghi d\u1ea5u \u1ea5n m\u1ea1nh m\u1ebd trong l\u00f2ng c\u00e1c t\u00edn \u0111\u1ed3 y\u00eau th\u00edch ngh\u1ec7 thu\u1eadt nail tr\u00ean to\u00e0n th\u1ebf gi\u1edbi. \u0110\u00e2y kh\u00f4ng ch\u1ec9 l\u00e0 m\u1ed9t s\u1ef1 ki\u1ec7n qu\u1ed1c t\u1ebf [&hellip;]<\/p>\n","protected":false},"author":1,"featured_media":3315,"parent":0,"menu_order":0,"comment_status":"closed","ping_status":"closed","template":"wp-custom-template-main-pages","meta":{"footnotes":""},"featured_image_urls":{"full":["https:\/\/nailympia.asia\/wp-content\/uploads\/2024\/07\/anh-bia-va-anh-so-1.jpg",3500,2333,false],"thumbnail":["https:\/\/nailympia.asia\/wp-content\/uploads\/2024\/07\/anh-bia-va-anh-so-1-150x150.jpg",150,150,true],"medium":["https:\/\/nailympia.asia\/wp-content\/uploads\/2024\/07\/anh-bia-va-anh-so-1-300x200.jpg",300,200,true],"medium_large":["https:\/\/nailympia.asia\/wp-content\/uploads\/2024\/07\/anh-bia-va-anh-so-1-768x512.jpg",768,512,true],"large":["https:\/\/nailympia.asia\/wp-content\/uploads\/2024\/07\/anh-bia-va-anh-so-1-1024x683.jpg",1024,683,true],"gs-tiny":["https:\/\/nailympia.asia\/wp-content\/uploads\/2024\/07\/anh-bia-va-anh-so-1-50x33.jpg",50,33,true],"xl":["https:\/\/nailympia.asia\/wp-content\/uploads\/2024\/07\/anh-bia-va-anh-so-1-1600x1067.jpg",1600,1067,true],"xxl":["https:\/\/nailympia.asia\/wp-content\/uploads\/2024\/07\/anh-bia-va-anh-so-1-2200x1466.jpg",2200,1466,true],"xxxl":["https:\/\/nailympia.asia\/wp-content\/uploads\/2024\/07\/anh-bia-va-anh-so-1-2800x1866.jpg",2800,1866,true],"xxxxl":["https:\/\/nailympia.asia\/wp-content\/uploads\/2024\/07\/anh-bia-va-anh-so-1-3400x2266.jpg",3400,2266,true],"xxxxxl":["https:\/\/nailympia.asia\/wp-content\/uploads\/2024\/07\/anh-bia-va-anh-so-1.jpg",3500,2333,false],"1536x1536":["https:\/\/nailympia.asia\/wp-content\/uploads\/2024\/07\/anh-bia-va-anh-so-1-1536x1024.jpg",1536,1024,true],"2048x2048":["https:\/\/nailympia.asia\/wp-content\/uploads\/2024\/07\/anh-bia-va-anh-so-1-2048x1365.jpg",2048,1365,true]},"post_excerpt_stackable":"<p>K\u1ec1m Ngh\u0129a &#8211; S\u1ef1 t\u1ecfa s\u00e1ng c\u1ee7a \u201c\u00d4ng ho\u00e0ng\u201d ng\u00e0nh k\u1ec1m v\u00e0 nh\u1eefng kho\u1ea3nh kh\u1eafc n\u1ed5i b\u1eadt t\u1ea1i Nailympia Vi\u1ec7t Nam 2024 Nailympia Vi\u1ec7t Nam 2024 \u0111\u00e3 ghi d\u1ea5u \u1ea5n m\u1ea1nh m\u1ebd trong l\u00f2ng c\u00e1c t\u00edn \u0111\u1ed3 y\u00eau th\u00edch ngh\u1ec7 thu\u1eadt nail tr\u00ean to\u00e0n th\u1ebf gi\u1edbi. \u0110\u00e2y kh\u00f4ng ch\u1ec9 l\u00e0 m\u1ed9t s\u1ef1 ki\u1ec7n qu\u1ed1c t\u1ebf quan tr\u1ecdng trong ng\u00e0nh nail, m\u00e0 c\u00f2n l\u00e0 d\u1ecbp \u0111\u1ec3 c\u00e1c ngh\u1ec7 s\u0129, chuy\u00ean gia h\u00e0ng \u0111\u1ea7u v\u00e0 nh\u1eefng ngh\u1ec7 s\u0129 \u0111am m\u00ea l\u0129nh v\u1ef1c n\u00e0y t\u1ee5 h\u1ed9i, giao l\u01b0u v\u00e0 h\u1ecdc h\u1ecfi l\u1eabn nhau. S\u1ef1 ki\u1ec7n n\u0103m nay c\u00e0ng th\u00eam ph\u1ea7n r\u1ef1c r\u1ee1 v\u1edbi&hellip;<\/p>\n","category_list":"","author_info":{"name":"anhnguyen","url":"https:\/\/nailympia.asia\/index.php\/author\/anhnguyen\/"},"comments_num":"0 comments","aioseo_notices":[],"_links":{"self":[{"href":"https:\/\/nailympia.asia\/index.php\/wp-json\/wp\/v2\/pages\/3312"}],"collection":[{"href":"https:\/\/nailympia.asia\/index.php\/wp-json\/wp\/v2\/pages"}],"about":[{"href":"https:\/\/nailympia.asia\/index.php\/wp-json\/wp\/v2\/types\/page"}],"author":[{"embeddable":true,"href":"https:\/\/nailympia.asia\/index.php\/wp-json\/wp\/v2\/users\/1"}],"replies":[{"embeddable":true,"href":"https:\/\/nailympia.asia\/index.php\/wp-json\/wp\/v2\/comments?post=3312"}],"version-history":[{"count":11,"href":"https:\/\/nailympia.asia\/index.php\/wp-json\/wp\/v2\/pages\/3312\/revisions"}],"predecessor-version":[{"id":3338,"href":"https:\/\/nailympia.asia\/index.php\/wp-json\/wp\/v2\/pages\/3312\/revisions\/3338"}],"wp:featuredmedia":[{"embeddable":true,"href":"https:\/\/nailympia.asia\/index.php\/wp-json\/wp\/v2\/media\/3315"}],"wp:attachment":[{"href":"https:\/\/nailympia.asia\/index.php\/wp-json\/wp\/v2\/media?parent=3312"}],"curies":[{"name":"wp","href":"https:\/\/api.w.org\/{rel}","templated":true}]}}