{"id":3295,"date":"2024-06-18T08:24:14","date_gmt":"2024-06-18T08:24:14","guid":{"rendered":"https:\/\/nailympia.asia\/?page_id=3295"},"modified":"2024-06-18T08:36:50","modified_gmt":"2024-06-18T08:36:50","slug":"ban-to-chuc","status":"publish","type":"page","link":"https:\/\/nailympia.asia\/index.php\/ban-to-chuc\/","title":{"rendered":"BAN T\u1ed4 CH\u1ee8C"},"content":{"rendered":"\n<div class=\"wp-block-group is-layout-constrained wp-container-core-group-layout-1 wp-block-group-is-layout-constrained\">\n<p class=\"has-large-font-size\"><strong>ISIE t\u1ef1 h\u00e0o l\u00e0 \u0111\u01a1n v\u1ecb \u0111\u1ea7u ti\u00ean v\u00e0 duy nh\u1ea5t mang cu\u1ed9c thi Nailympia Th\u1ebf Gi\u1edbi v\u1ec1 v\u1edbi Vi\u1ec7t Nam<\/strong><\/p>\n\n\n\n<p>V\u00e0o ng\u00e0y 10 v\u00e0 11\/04\/2024, cu\u1ed9c thi s\u00e1ng t\u1ea1o nail l\u1edbn nh\u1ea5t th\u1ebf gi\u1edbi \u201cNailympia Vi\u1ec7t Nam 2024\u201d \u0111\u01b0\u1ee3c t\u1ed5 ch\u1ee9c t\u1ea1i Th\u00e0nh ph\u1ed1 H\u1ed3 Ch\u00ed Minh, do C\u00f4ng ty TNHH MTV T\u01b0 V\u1ea5n \u0110\u1ecbnh C\u01b0 ISIE l\u00e0 \u0111\u01a1n v\u1ecb t\u1ed5 ch\u1ee9c v\u00e0 th\u1ef1c hi\u1ec7n.<\/p>\n\n\n\n<figure class=\"wp-block-image aligncenter size-large\"><img loading=\"lazy\" decoding=\"async\" width=\"1024\" height=\"540\" src=\"https:\/\/nailympia.asia\/wp-content\/uploads\/2024\/06\/1-1024x540.jpg\" alt=\"\" class=\"wp-image-3298\" srcset=\"https:\/\/nailympia.asia\/wp-content\/uploads\/2024\/06\/1-1024x540.jpg 1024w, https:\/\/nailympia.asia\/wp-content\/uploads\/2024\/06\/1-300x158.jpg 300w, https:\/\/nailympia.asia\/wp-content\/uploads\/2024\/06\/1-768x405.jpg 768w, https:\/\/nailympia.asia\/wp-content\/uploads\/2024\/06\/1-50x26.jpg 50w, https:\/\/nailympia.asia\/wp-content\/uploads\/2024\/06\/1-1600x844.jpg 1600w, https:\/\/nailympia.asia\/wp-content\/uploads\/2024\/06\/1-1536x810.jpg 1536w, https:\/\/nailympia.asia\/wp-content\/uploads\/2024\/06\/1-2048x1080.jpg 2048w\" sizes=\"(max-width: 1024px) 100vw, 1024px\" \/><\/figure>\n\n\n\n<p>Nailympia l\u00e0 cu\u1ed9c thi s\u00e1ng t\u1ea1o nail ngh\u1ec7 thu\u1eadt uy t\u00edn v\u00e0 l\u1edbn nh\u1ea5t to\u00e0n c\u1ea7u, tr\u1ea3i qua h\u01a1n 20 n\u0103m h\u00ecnh th\u00e0nh v\u00e0 ph\u00e1t tri\u1ec3n, Nailympia \u0111\u00e3 kh\u1eb3ng \u0111\u1ecbnh \u0111\u01b0\u1ee3c v\u1ecb th\u1ebf v\u00e0 t\u1ea7m v\u00f3c c\u1ee7a m\u00ecnh khi thu h\u00fat h\u00e0ng tr\u0103m ng\u00e0n l\u01b0\u1ee3t quan t\u00e2m v\u00e0 h\u00e0ng ng\u00e0n th\u00ed sinh tham d\u1ef1 thi \u0111\u1ea5u \u0111\u1ebfn t\u1eeb h\u01a1n 20 qu\u1ed1c gia tr\u00ean kh\u1eafp th\u1ebf gi\u1edbi.<br>N\u0103m nay, C\u00f4ng ty TNHH MTV T\u01b0 V\u1ea5n \u0110\u1ecbnh C\u01b0 ISIE c\u00f9ng \u00d4ng Damon Ho t\u1ef1 h\u00e0o c\u00f4ng b\u1ed1 vai tr\u00f2 ti\u00ean phong c\u1ee7a m\u00ecnh l\u00e0 \u0111\u01a1n v\u1ecb \u0111\u1ea7u ti\u00ean v\u00e0 duy nh\u1ea5t \u0111\u01b0\u1ee3c c\u1ea5p ph\u00e9p mang cu\u1ed9c thi danh gi\u00e1 Nailympia Th\u1ebf Gi\u1edbi v\u1ec1 t\u1ed5 ch\u1ee9c t\u1ea1i Vi\u1ec7t Nam.<\/p>\n\n\n\n<figure class=\"wp-block-image aligncenter size-large\"><img loading=\"lazy\" decoding=\"async\" width=\"1024\" height=\"503\" src=\"https:\/\/nailympia.asia\/wp-content\/uploads\/2024\/06\/2-1024x503.jpg\" alt=\"\" class=\"wp-image-3299\" srcset=\"https:\/\/nailympia.asia\/wp-content\/uploads\/2024\/06\/2-1024x503.jpg 1024w, https:\/\/nailympia.asia\/wp-content\/uploads\/2024\/06\/2-300x147.jpg 300w, https:\/\/nailympia.asia\/wp-content\/uploads\/2024\/06\/2-768x377.jpg 768w, https:\/\/nailympia.asia\/wp-content\/uploads\/2024\/06\/2-50x25.jpg 50w, https:\/\/nailympia.asia\/wp-content\/uploads\/2024\/06\/2-1600x786.jpg 1600w, https:\/\/nailympia.asia\/wp-content\/uploads\/2024\/06\/2-1536x754.jpg 1536w, https:\/\/nailympia.asia\/wp-content\/uploads\/2024\/06\/2-2048x1006.jpg 2048w\" sizes=\"(max-width: 1024px) 100vw, 1024px\" \/><\/figure>\n\n\n\n<p class=\"has-large-font-size\"><strong>ISIE t\u1ef1 h\u00e0o mang \u0111\u1ebfn d\u1ecbch v\u1ee5 t\u01b0 v\u1ea5n \u0111\u1ecbnh c\u01b0 M\u1ef9 ch\u1ea5t l\u01b0\u1ee3ng cao cho c\u00e1c gia \u0111\u00ecnh Vi\u1ec7t<\/strong><\/p>\n\n\n\n<p class=\"has-medium-font-size\">ISIE hi\u1ec3u r\u1eb1ng vi\u1ec7c di tr\u00fa l\u00e0 m\u1ed9t quy\u1ebft \u0111\u1ecbnh quan tr\u1ecdng trong cu\u1ed9c s\u1ed1ng c\u1ee7a m\u1ed7i ng\u01b0\u1eddi. V\u1edbi s\u1ee9 m\u1ec7nh \u201cBi\u1ebfn gi\u1ea5c m\u01a1 M\u1ef9 tr\u1edf th\u00e0nh hi\u1ec7n th\u1ef1c cho m\u1ecdi gia \u0111\u00ecnh Vi\u1ec7t Nam\u201d, ISIE kh\u00f4ng ch\u1ec9 cung c\u1ea5p c\u00e1c d\u1ecbch v\u1ee5 di tr\u00fa Hoa K\u1ef3 chuy\u00ean nghi\u1ec7p v\u00e0 \u0111\u00e1ng tin c\u1eady v\u1edbi s\u1ef1 ch\u00fa tr\u1ecdng v\u00e0o c\u00e1c l\u0129nh v\u1ef1c nh\u01b0: du h\u1ecdc, lao \u0111\u1ed9ng \u0111\u1ecbnh c\u01b0 v\u00e0 \u0111\u1ea7u t\u01b0 \u0111\u1ecbnh c\u01b0, m\u00e0 c\u00f2n t\u1ea1o \u0111i\u1ec1u ki\u1ec7n cho c\u00e1c gia \u0111\u00ecnh Vi\u1ec7t c\u00f3 m\u1ed9t cu\u1ed9c s\u1ed1ng \u1ed5n \u0111\u1ecbnh v\u00e0 h\u1ea1nh ph\u00fac t\u1ea1i X\u1ee9 s\u1edf c\u1edd hoa.<br>Song song \u0111\u00f3, ISIE c\u0169ng n\u1ed7 l\u1ef1c v\u01b0\u01a1n m\u00ecnh l\u00e0 tr\u1edf th\u00e0nh t\u1ed5 ch\u1ee9c h\u00e0ng \u0111\u1ea7u trong l\u0129nh v\u1ef1c di tr\u00fa v\u00e0 gi\u00e1o d\u1ee5c t\u1ea1i M\u1ef9, b\u1eb1ng vi\u1ec7c lu\u00f4n \u0111\u1ed5i m\u1edbi v\u00e0 \u00e1p d\u1ee5ng nh\u1eefng c\u00f4ng ngh\u1ec7 khoa h\u1ecdc ti\u00ean ti\u1ebfn nh\u01b0 t\u00edch h\u1ee3p c\u00f4ng ngh\u1ec7 GP-RPMTM v\u00e0o kh\u00f4ng gian Medical Spa, \u0111i\u1ec1u n\u00e0y g\u00f3p ph\u1ea7n \u0111\u01b0a h\u00e0nh tr\u00ecnh \u0111\u1ecbnh c\u01b0 M\u1ef9 c\u1ee7a ISIE tr\u1edf n\u00ean \u0111\u1eb7c bi\u1ec7t v\u00e0 ph\u00f9 h\u1ee3p v\u1edbi xu th\u1ebf ph\u00e1t tri\u1ec3n h\u01a1n bao gi\u1edd h\u1ebft.<br>ISIE x\u00e1c \u0111\u1ecbnh m\u1ee5c ti\u00eau c\u1ed1t l\u00f5i t\u1ea1o n\u00ean s\u1ef1 kh\u00e1c bi\u1ec7t trong cu\u1ed9c s\u1ed1ng c\u1ee7a h\u00e0ng ng\u00e0n ng\u01b0\u1eddi, h\u01b0\u1edbng \u0111\u1ebfn vi\u1ec7c mang \u0111\u1ebfn nh\u1eefng gi\u1ea3i ph\u00e1p di tr\u00fa to\u00e0n di\u1ec7n v\u00e0 ch\u1ea5t l\u01b0\u1ee3ng cao, gi\u00fap m\u1ecdi c\u00e1 nh\u00e2n v\u00e0 gia \u0111\u00ecnh c\u00f3 c\u01a1 h\u1ed9i du h\u1ecdc, lao \u0111\u1ed9ng v\u00e0 \u0111\u1ecbnh c\u1ef1 t\u1ea1i Hoa K\u1ef3 m\u1ed9t c\u00e1ch d\u1ec5 d\u00e0ng v\u00e0 th\u00e0nh c\u00f4ng.<\/p>\n\n\n\n<figure class=\"wp-block-image aligncenter size-large\"><img loading=\"lazy\" decoding=\"async\" width=\"4400\" height=\"2933\" src=\"https:\/\/nailympia.asia\/wp-content\/uploads\/2024\/06\/3-1024x683.jpg\" alt=\"\" class=\"wp-image-3300\" srcset=\"https:\/\/nailympia.asia\/wp-content\/uploads\/2024\/06\/3-1024x683.jpg 1024w, https:\/\/nailympia.asia\/wp-content\/uploads\/2024\/06\/3-300x200.jpg 300w, https:\/\/nailympia.asia\/wp-content\/uploads\/2024\/06\/3-768x512.jpg 768w, https:\/\/nailympia.asia\/wp-content\/uploads\/2024\/06\/3-50x33.jpg 50w, https:\/\/nailympia.asia\/wp-content\/uploads\/2024\/06\/3-1600x1067.jpg 1600w, https:\/\/nailympia.asia\/wp-content\/uploads\/2024\/06\/3-1536x1024.jpg 1536w, https:\/\/nailympia.asia\/wp-content\/uploads\/2024\/06\/3-2048x1365.jpg 2048w\" sizes=\"(max-width: 4400px) 100vw, 4400px\" \/><\/figure>\n\n\n\n<p><strong>Nailympia Vi\u1ec7t Nam 2024 \u0111\u00e1nh d\u1ea5u b\u01b0\u1edbc ngo\u1eb7t quan tr\u1ecdng trong l\u1ecbch s\u1eed c\u1ee7a ng\u00e0nh nail Vi\u1ec7t Nam<\/strong><br>C\u00f3 th\u1ec3 n\u00f3i, Nailympia Vi\u1ec7t Nam 2024 l\u00e0 c\u1ed9t m\u1ed1c v\u00f4 c\u00f9ng danh gi\u00e1 b\u1edfi \u0111\u00e2y l\u00e0 n\u0103m \u0111\u1ea7u ti\u00ean, Vi\u1ec7t Nam \u0111\u01b0\u1ee3c \u0111\u0103ng cai t\u1ed5 ch\u1ee9c m\u1ed9t cu\u1ed9c thi v\u1ec1 nail ho\u00e0nh tr\u00e1ng v\u00e0 t\u1ea7m c\u1ee1 l\u1edbn nh\u1ea5t th\u1ebf gi\u1edbi \u0111\u01b0\u1ee3c h\u00e0ng ngh\u00ecn ng\u01b0\u1eddi c\u00f4ng nh\u1eadn.<br>M\u1ed9t trong nh\u1eefng th\u00e1ch th\u1ee9c l\u1edbn nh\u1ea5t m\u00e0 cu\u1ed9c thi mang l\u1ea1i cho ng\u00e0nh nail Vi\u1ec7t ch\u00ednh l\u00e0 s\u1ee9c \u00e9p c\u1ea1nh tranh. V\u1edbi s\u1ef1 tham gia c\u1ee7a c\u00e1c ngh\u1ec7 s\u0129 v\u00e0 chuy\u00ean gia h\u00e0ng \u0111\u1ea7u t\u1eeb kh\u1eafp n\u01a1i tr\u00ean th\u1ebf gi\u1edbi, c\u00e1c th\u00ed sinh Vi\u1ec7t Nam ph\u1ea3i n\u1ed7 l\u1ef1c h\u01a1n bao gi\u1edd h\u1ebft \u0111\u1ec3 th\u1ec3 hi\u1ec7n t\u00e0i n\u0103ng v\u00e0 k\u1ef9 n\u0103ng c\u1ee7a m\u00ecnh. Th\u1ebf nh\u01b0ng, th\u00e1ch th\u1ee9c n\u00e0y c\u0169ng \u0111\u1ed3ng ngh\u0129a v\u1edbi vi\u1ec7c th\u00fac \u0111\u1ea9y s\u1ef1 n\u00e2ng cao ch\u1ea5t l\u01b0\u1ee3ng v\u00e0 s\u00e1ng t\u1ea1o trong ng\u00e0nh, gi\u00fap ngh\u1ec7 s\u0129 nail Vi\u1ec7t Nam ti\u1ebfp c\u1eadn v\u00e0 h\u1ecdc h\u1ecfi nh\u1eefng xu h\u01b0\u1edbng m\u1edbi v\u00e0 k\u1ef9 thu\u1eadt ti\u00ean ti\u1ebfn.<br>Tuy nhi\u00ean, Nailympia Vi\u1ec7t Nam 2024 c\u0169ng m\u1edf ra m\u1ed9t c\u01a1 h\u1ed9i r\u1ed9ng l\u1edbn cho ng\u00e0nh nail Vi\u1ec7t Nam. S\u1ef1 xu\u1ea5t hi\u1ec7n c\u1ee7a cu\u1ed9c thi n\u00e0y kh\u00f4ng ch\u1ec9 thu h\u00fat s\u1ef1 ch\u00fa \u00fd c\u1ee7a ng\u01b0\u1eddi h\u00e2m m\u1ed9 trong n\u01b0\u1edbc m\u00e0 c\u00f2n c\u1ee7a c\u1ed9ng \u0111\u1ed3ng qu\u1ed1c t\u1ebf, t\u1ea1o \u0111i\u1ec1u ki\u1ec7n \u0111\u1ec3 c\u00e1c ngh\u1ec7 s\u0129 v\u00e0 doanh nghi\u1ec7p trong ng\u00e0nh c\u00f3 c\u01a1 h\u1ed9i ti\u1ebfp c\u1eadn th\u1ecb tr\u01b0\u1eddng to\u00e0n c\u1ea7u. B\u1eb1ng c\u00e1ch tham gia v\u00e0 \u0111\u1ea1t th\u00e0nh t\u00edch t\u1ea1i cu\u1ed9c thi, c\u00e1c th\u00ed sinh Vi\u1ec7t Nam c\u00f3 th\u1ec3 n\u00e2ng cao tay ngh\u1ec1 v\u00e0 danh ti\u1ebfng c\u1ee7a b\u1ea3n th\u00e2n, c\u0169ng nh\u01b0 \u0111\u01b0a ng\u00e0nh nail Vi\u1ec7t Nam tr\u1edf n\u00ean v\u1eefng m\u1ea1nh tr\u00ean b\u1ea3n \u0111\u1ed3 th\u1ebf gi\u1edbi.<br>T\u00e1c \u0111\u1ed9ng t\u00edch c\u1ef1c c\u1ee7a Nailympia Vi\u1ec7t Nam 2024 c\u00f2n \u0111\u01b0\u1ee3c kh\u1eb3ng \u0111\u1ecbnh qua vi\u1ec7c t\u1ea1o ra m\u1ed9t s\u00e2n ch\u01a1i chuy\u00ean nghi\u1ec7p v\u00e0 c\u00f4ng b\u1eb1ng cho c\u00e1c ngh\u1ec7 s\u0129 v\u00e0 doanh nghi\u1ec7p trong ng\u00e0nh. Cu\u1ed9c thi kh\u00f4ng ch\u1ec9 l\u00e0 n\u01a1i th\u1ec3 hi\u1ec7n t\u00e0i n\u0103ng m\u00e0 c\u00f2n l\u00e0 c\u01a1 h\u1ed9i \u0111\u1ec3 h\u1ecd k\u1ebft n\u1ed1i, trao \u0111\u1ed5i kinh nghi\u1ec7m, v\u00e0 h\u1ecdc h\u1ecfi l\u1eabn nhau. \u0110i\u1ec1u n\u00e0y kh\u00f4ng ch\u1ec9 m\u1edf ra m\u1ed9t k\u1ef7 nguy\u00ean m\u1edbi m\u00e0 c\u00f2n th\u00fac \u0111\u1ea9y s\u1ef1 ph\u00e1t tri\u1ec3n v\u00e0 th\u1ecbnh v\u01b0\u1ee3ng c\u1ee7a ng\u00e0nh nail Vi\u1ec7t Nam trong t\u01b0\u01a1ng lai.<\/p>\n\n\n\n<figure class=\"wp-block-image aligncenter size-large\"><img loading=\"lazy\" decoding=\"async\" width=\"1024\" height=\"683\" src=\"https:\/\/nailympia.asia\/wp-content\/uploads\/2024\/06\/4-1024x683.jpg\" alt=\"\" class=\"wp-image-3301\" srcset=\"https:\/\/nailympia.asia\/wp-content\/uploads\/2024\/06\/4-1024x683.jpg 1024w, https:\/\/nailympia.asia\/wp-content\/uploads\/2024\/06\/4-300x200.jpg 300w, https:\/\/nailympia.asia\/wp-content\/uploads\/2024\/06\/4-768x512.jpg 768w, https:\/\/nailympia.asia\/wp-content\/uploads\/2024\/06\/4-50x33.jpg 50w, https:\/\/nailympia.asia\/wp-content\/uploads\/2024\/06\/4-1600x1067.jpg 1600w, https:\/\/nailympia.asia\/wp-content\/uploads\/2024\/06\/4-1536x1024.jpg 1536w, https:\/\/nailympia.asia\/wp-content\/uploads\/2024\/06\/4-2048x1365.jpg 2048w\" sizes=\"(max-width: 1024px) 100vw, 1024px\" \/><\/figure>\n\n\n\n<p class=\"has-large-font-size\"><strong>ISIE v\u00e0 s\u1ee9 m\u1ec7nh ng\u01b0\u1eddi ti\u00ean phong \u0111\u01b0a cu\u1ed9c thi Nailympia Th\u1ebf Gi\u1edbi v\u1ec1 v\u1edbi Vi\u1ec7t Nam<\/strong><\/p>\n\n\n\n<p>M\u1ed9t trong nh\u1eefng vai tr\u00f2 to l\u1edbn kh\u00f4ng th\u1ec3 ph\u1ee7 nh\u1eadn c\u1ee7a ISIE, \u0111\u00f3 ch\u00ednh l\u00e0 \u201c\u0111\u1ea7u t\u00e0u\u201d \u0111\u01b0a Nailympia Th\u1ebf Gi\u1edbi v\u1ec1 v\u1edbi Vi\u1ec7t Nam, c\u00f9ng v\u1edbi s\u1ef1 d\u1eabn d\u1eaft c\u1ee7a \u00d4ng Damon Ho. \u0110\u00e2y l\u00e0 m\u1ed9t b\u01b0\u1edbc \u0111i m\u1ea1nh m\u1ebd, kh\u1eb3ng \u0111\u1ecbnh v\u1ecb th\u1ebf c\u1ee7a ISIE trong vi\u1ec7c lu\u00f4n \u0111\u1ed5i m\u1edbi, d\u1eabn \u0111\u1ea7u du nh\u1eadp nh\u1eefng cu\u1ed9c thi v\u1edbi quy m\u00f4 to\u00e0n c\u1ea7u v\u1ec1 ph\u00e1t tri\u1ec3n t\u1ea1i Vi\u1ec7t Nam.<br>Kh\u00f4ng ch\u1ec9 t\u1ea1o ra s\u00e2n ch\u01a1i \u00fd ngh\u0129a, ISIE c\u00f2n m\u1edf ra c\u00e1nh c\u1eeda \u0111\u1ecbnh c\u01b0 Hoa K\u1ef3 v\u00f4 c\u00f9ng ti\u1ec1m n\u0103ng d\u00e0nh cho c\u00e1c th\u1ee3 l\u00e0m nail chuy\u00ean nghi\u1ec7p. Duy nh\u1ea5t khi \u0111\u0103ng k\u00fd tham gia cu\u1ed9c thi Nailympia Vi\u1ec7t Nam 2024, c\u00e1c th\u00ed sinh s\u1ebd nh\u1eadn \u0111\u01b0\u1ee3c c\u01a1 h\u1ed9i \u0111\u1ecbnh c\u01b0 v\u00e0 l\u00e0m vi\u1ec7c t\u1ea1i c\u00e1c th\u00e0nh ph\u1ed1 l\u1edbn nh\u01b0: Arizona, Dallas, Guta,\u2026theo di\u1ec7n EB3 v\u1edbi nh\u1eefng \u01b0u \u0111\u00e3i \u0111\u1eb7c bi\u1ec7t \u0111\u1ebfn t\u1eeb ISIE.<br>V\u1edbi l\u00f2ng \u0111am m\u00ea, s\u1ee9 m\u1ec7nh cao c\u1ea3 v\u00e0 s\u1ef1 n\u1ed7 l\u1ef1c kh\u00f4ng ng\u1eebng ngh\u1ec9, ISIE s\u1ebd l\u00e0 kim ch\u1ec9 nam d\u1eabn \u0111\u01b0\u1eddng cho c\u00e1c d\u1ef1 \u00e1n l\u1edbn v\u1edbi quy m\u00f4 to\u00e0n c\u1ea7u v\u1ec1 v\u1edbi Vi\u1ec7t Nam, l\u00e0 b\u01b0\u1edbc \u0111\u1ec7m v\u1eefng ch\u1eafc \u0111\u01b0a v\u1ecb th\u1ebf c\u1ee7a n\u01b0\u1edbc nh\u00e0 ghi d\u1ea5u v\u1eefng m\u1ea1nh trong m\u1eaft b\u1ea1n b\u00e8 qu\u1ed1c t\u1ebf.<\/p>\n\n\n\n<figure class=\"wp-block-image aligncenter size-large\"><img loading=\"lazy\" decoding=\"async\" width=\"1024\" height=\"683\" src=\"https:\/\/nailympia.asia\/wp-content\/uploads\/2024\/06\/5-1024x683.jpg\" alt=\"\" class=\"wp-image-3304\" srcset=\"https:\/\/nailympia.asia\/wp-content\/uploads\/2024\/06\/5-1024x683.jpg 1024w, https:\/\/nailympia.asia\/wp-content\/uploads\/2024\/06\/5-300x200.jpg 300w, https:\/\/nailympia.asia\/wp-content\/uploads\/2024\/06\/5-768x512.jpg 768w, https:\/\/nailympia.asia\/wp-content\/uploads\/2024\/06\/5-50x33.jpg 50w, https:\/\/nailympia.asia\/wp-content\/uploads\/2024\/06\/5-1600x1067.jpg 1600w, https:\/\/nailympia.asia\/wp-content\/uploads\/2024\/06\/5-1536x1024.jpg 1536w, https:\/\/nailympia.asia\/wp-content\/uploads\/2024\/06\/5-2048x1365.jpg 2048w\" sizes=\"(max-width: 1024px) 100vw, 1024px\" \/><\/figure>\n\n\n\n<p><strong>C\u00d4NG TY TNHH M\u1ed8T TH\u00c0NH VI\u00caN T\u01af V\u1ea4N D\u1ecaCH V\u1ee4 \u0110\u1ecaNH C\u01af ISIE:<\/strong><br><strong>V\u0103n ph\u00f2ng t\u1ea1i M\u1ef9:<\/strong><br>2375 E. Camelback Rd. Ste 600, Phoenix, AZ 85016<br>Phone: +1316-768-1657<br>Email: infous@isieus.com<br><strong>V\u0103n ph\u00f2ng t\u1ea1i Vi\u1ec7t Nam:<\/strong><br>586 \u0111\u01b0\u01a1\u0300ng 3\/2, Ph\u01b0\u01a1\u0300ng 14, Qu\u00e2\u0323n 10, TP. HCM.<br>Phone: +84-906-888-008<br>Email: infovn@isieus.com<\/p>\n<\/div>\n","protected":false},"excerpt":{"rendered":"<p>ISIE t\u1ef1 h\u00e0o l\u00e0 \u0111\u01a1n v\u1ecb \u0111\u1ea7u ti\u00ean v\u00e0 duy nh\u1ea5t mang cu\u1ed9c thi Nailympia Th\u1ebf Gi\u1edbi v\u1ec1 v\u1edbi Vi\u1ec7t Nam V\u00e0o ng\u00e0y 10 v\u00e0 11\/04\/2024, cu\u1ed9c thi s\u00e1ng t\u1ea1o nail l\u1edbn nh\u1ea5t th\u1ebf gi\u1edbi \u201cNailympia Vi\u1ec7t Nam 2024\u201d \u0111\u01b0\u1ee3c t\u1ed5 ch\u1ee9c t\u1ea1i Th\u00e0nh ph\u1ed1 H\u1ed3 Ch\u00ed Minh, do C\u00f4ng ty TNHH MTV T\u01b0 V\u1ea5n [&hellip;]<\/p>\n","protected":false},"author":1,"featured_media":0,"parent":0,"menu_order":0,"comment_status":"closed","ping_status":"closed","template":"wp-custom-template-main-pages","meta":{"footnotes":""},"featured_image_urls":{"full":"","thumbnail":"","medium":"","medium_large":"","large":"","gs-tiny":"","xl":"","xxl":"","xxxl":"","xxxxl":"","xxxxxl":"","1536x1536":"","2048x2048":""},"post_excerpt_stackable":"<p>ISIE t\u1ef1 h\u00e0o l\u00e0 \u0111\u01a1n v\u1ecb \u0111\u1ea7u ti\u00ean v\u00e0 duy nh\u1ea5t mang cu\u1ed9c thi Nailympia Th\u1ebf Gi\u1edbi v\u1ec1 v\u1edbi Vi\u1ec7t Nam V\u00e0o ng\u00e0y 10 v\u00e0 11\/04\/2024, cu\u1ed9c thi s\u00e1ng t\u1ea1o nail l\u1edbn nh\u1ea5t th\u1ebf gi\u1edbi \u201cNailympia Vi\u1ec7t Nam 2024\u201d \u0111\u01b0\u1ee3c t\u1ed5 ch\u1ee9c t\u1ea1i Th\u00e0nh ph\u1ed1 H\u1ed3 Ch\u00ed Minh, do C\u00f4ng ty TNHH MTV T\u01b0 V\u1ea5n \u0110\u1ecbnh C\u01b0 ISIE l\u00e0 \u0111\u01a1n v\u1ecb t\u1ed5 ch\u1ee9c v\u00e0 th\u1ef1c hi\u1ec7n. Nailympia l\u00e0 cu\u1ed9c thi s\u00e1ng t\u1ea1o nail ngh\u1ec7 thu\u1eadt uy t\u00edn v\u00e0 l\u1edbn nh\u1ea5t to\u00e0n c\u1ea7u, tr\u1ea3i qua h\u01a1n 20 n\u0103m h\u00ecnh th\u00e0nh v\u00e0 ph\u00e1t tri\u1ec3n, Nailympia \u0111\u00e3 kh\u1eb3ng \u0111\u1ecbnh \u0111\u01b0\u1ee3c v\u1ecb th\u1ebf v\u00e0&hellip;<\/p>\n","category_list":"","author_info":{"name":"anhnguyen","url":"https:\/\/nailympia.asia\/index.php\/author\/anhnguyen\/"},"comments_num":"0 comments","aioseo_notices":[],"_links":{"self":[{"href":"https:\/\/nailympia.asia\/index.php\/wp-json\/wp\/v2\/pages\/3295"}],"collection":[{"href":"https:\/\/nailympia.asia\/index.php\/wp-json\/wp\/v2\/pages"}],"about":[{"href":"https:\/\/nailympia.asia\/index.php\/wp-json\/wp\/v2\/types\/page"}],"author":[{"embeddable":true,"href":"https:\/\/nailympia.asia\/index.php\/wp-json\/wp\/v2\/users\/1"}],"replies":[{"embeddable":true,"href":"https:\/\/nailympia.asia\/index.php\/wp-json\/wp\/v2\/comments?post=3295"}],"version-history":[{"count":5,"href":"https:\/\/nailympia.asia\/index.php\/wp-json\/wp\/v2\/pages\/3295\/revisions"}],"predecessor-version":[{"id":3307,"href":"https:\/\/nailympia.asia\/index.php\/wp-json\/wp\/v2\/pages\/3295\/revisions\/3307"}],"wp:attachment":[{"href":"https:\/\/nailympia.asia\/index.php\/wp-json\/wp\/v2\/media?parent=3295"}],"curies":[{"name":"wp","href":"https:\/\/api.w.org\/{rel}","templated":true}]}}