{"id":2728,"date":"2024-05-18T11:08:59","date_gmt":"2024-05-18T11:08:59","guid":{"rendered":"https:\/\/nailympia.asia\/?page_id=2728"},"modified":"2024-05-31T13:01:32","modified_gmt":"2024-05-31T13:01:32","slug":"nailympia-viet-nam-2024-gel-polish-manicure","status":"publish","type":"page","link":"https:\/\/nailympia.asia\/index.php\/nailympia-viet-nam-2024-gel-polish-manicure\/","title":{"rendered":"NAILYMPIA VI\u1ec6T NAM 2024 &#8211; GEL POLISH MANICURE"},"content":{"rendered":"\n<div class=\"wp-block-group is-layout-constrained wp-container-core-group-layout-1 wp-block-group-is-layout-constrained\">\n<div class=\"wp-block-columns is-layout-flex wp-container-core-columns-layout-1 wp-block-columns-is-layout-flex\">\n<div class=\"wp-block-column is-layout-flow wp-block-column-is-layout-flow\">\n<p class=\"has-text-align-center has-large-font-size\"><strong>NAILYMPIA VI\u1ec6T NAM 2024 &#8211; GEL POLISH MANICURE<\/strong><br><strong>Division 1<\/strong><br><strong>3rd<\/strong> Mai Ng\u1ecdc \u2013 Vietnam&nbsp;<br><strong>2nd<\/strong> L\u00fd B\u00edch Ch\u00e2u \u2013 Vietnam&nbsp;<br><strong>1st<\/strong> L\u00ea Kh\u00e1nh \u2013 Vietnam&nbsp;<br><strong>Division 2<\/strong><br><strong>3rd<\/strong> Le Anh \u2013 Vietnam&nbsp;<br><strong>2nd<\/strong> Nguyen Ngoc Phuong \u2013 Vietnam&nbsp;<br><strong>1st<\/strong> Nguy\u1ec5n H\u1ed3ng Ng\u1ecdc \u2013 Vietnam&nbsp;<\/p>\n\n\n\n<p class=\"has-text-align-center has-large-font-size\"><strong>Division3 <\/strong><\/p>\n\n\n\n<p class=\"has-text-align-center has-large-font-size\"><strong>3rd<\/strong> Yuki Ide \u2013 Japan&nbsp;<br><strong>2nd<\/strong> Genki Itou \u2013 Japan<br><strong>1st <\/strong>Natalia Trefon \u2013 Poland&nbsp;<\/p>\n<\/div>\n<\/div>\n\n\n\n<div class=\"wp-block-columns is-layout-flex wp-container-core-columns-layout-2 wp-block-columns-is-layout-flex\">\n<div class=\"wp-block-column is-layout-flow wp-block-column-is-layout-flow\"><div id=\"envira-gallery-wrap-2727\" class=\"envira-gallery-wrap envira-gallery-theme-base envira-lightbox-theme-base\" itemscope itemtype=\"https:\/\/schema.org\/ImageGallery\"><div data-row-height=\"\" data-gallery-theme=\"\" id=\"envira-gallery-2727\" class=\"envira-gallery-public  envira-gallery-3-columns envira-clear enviratope envira-gallery-css-animations\" data-envira-columns=\"3\"><div id=\"envira-gallery-item-2745\" class=\"envira-gallery-item enviratope-item envira-gallery-item-1 envira-lazy-load\" style=\"padding-left: 5px; padding-bottom: 10px; padding-right: 5px;\"  itemscope itemtype=\"https:\/\/schema.org\/ImageObject\"><div class=\"envira-gallery-item-inner\"><div class=\"envira-gallery-position-overlay  envira-gallery-top-left\"><\/div><div class=\"envira-gallery-position-overlay  envira-gallery-top-right\"><\/div><div class=\"envira-gallery-position-overlay  envira-gallery-bottom-left\"><\/div><div class=\"envira-gallery-position-overlay  envira-gallery-bottom-right\"><\/div><a href=\"https:\/\/nailympia.asia\/wp-content\/uploads\/2024\/05\/GEL-1.jpg\" class=\"envira-gallery-2727 envira-gallery-link\" rel=\"enviragallery2727\" title=\"GEL 1\" data-envira-caption=\"GEL 1\" data-envira-retina=\"\" data-thumbnail=\"\"  itemprop=\"contentUrl\"><div class=\"envira-lazy\" data-test-width=\"640\" data-test-height=\"480\" style=\"padding-bottom:75%;\"><img decoding=\"async\" id=\"envira-gallery-image-2745\" class=\"envira-gallery-image envira-gallery-image-1\" data-envira-index=\"1\" src=\"https:\/\/nailympia.asia\/wp-content\/uploads\/2024\/05\/GEL-1-1024x683-640x480.jpg\" data-envira-src=\"https:\/\/nailympia.asia\/wp-content\/uploads\/2024\/05\/GEL-1-1024x683-640x480.jpg\" data-envira-gallery-id=\"2727\" data-envira-item-id=\"2745\" data-envira-caption=\"GEL 1\" alt=\"\" title=\"GEL 1\"  itemprop=\"thumbnailUrl\" data-envira-srcset=\"https:\/\/nailympia.asia\/wp-content\/uploads\/2024\/05\/GEL-1-1024x683-640x480.jpg 400w,https:\/\/nailympia.asia\/wp-content\/uploads\/2024\/05\/GEL-1-1024x683-640x480.jpg 2x\" srcset=\"data:image\/gif;base64,R0lGODlhAQABAIAAAP\/\/\/\/\/\/\/yH5BAEKAAEALAAAAAABAAEAAAICTAEAOw==\" \/><\/div><\/a><\/div><\/div><div id=\"envira-gallery-item-2746\" class=\"envira-gallery-item enviratope-item envira-gallery-item-2 envira-lazy-load\" style=\"padding-left: 5px; padding-bottom: 10px; padding-right: 5px;\"  itemscope itemtype=\"https:\/\/schema.org\/ImageObject\"><div class=\"envira-gallery-item-inner\"><div class=\"envira-gallery-position-overlay  envira-gallery-top-left\"><\/div><div class=\"envira-gallery-position-overlay  envira-gallery-top-right\"><\/div><div class=\"envira-gallery-position-overlay  envira-gallery-bottom-left\"><\/div><div class=\"envira-gallery-position-overlay  envira-gallery-bottom-right\"><\/div><a href=\"https:\/\/nailympia.asia\/wp-content\/uploads\/2024\/05\/GEL-2.jpg\" class=\"envira-gallery-2727 envira-gallery-link\" rel=\"enviragallery2727\" title=\"GEL 2\" data-envira-caption=\"GEL 2\" data-envira-retina=\"\" data-thumbnail=\"\"  itemprop=\"contentUrl\"><div class=\"envira-lazy\" data-test-width=\"640\" data-test-height=\"480\" style=\"padding-bottom:75%;\"><img decoding=\"async\" id=\"envira-gallery-image-2746\" class=\"envira-gallery-image envira-gallery-image-2\" data-envira-index=\"2\" src=\"https:\/\/nailympia.asia\/wp-content\/uploads\/2024\/05\/GEL-2-1024x683-640x480.jpg\" data-envira-src=\"https:\/\/nailympia.asia\/wp-content\/uploads\/2024\/05\/GEL-2-1024x683-640x480.jpg\" data-envira-gallery-id=\"2727\" data-envira-item-id=\"2746\" data-envira-caption=\"GEL 2\" alt=\"\" title=\"GEL 2\"  itemprop=\"thumbnailUrl\" data-envira-srcset=\"https:\/\/nailympia.asia\/wp-content\/uploads\/2024\/05\/GEL-2-1024x683-640x480.jpg 400w,https:\/\/nailympia.asia\/wp-content\/uploads\/2024\/05\/GEL-2-1024x683-640x480.jpg 2x\" srcset=\"data:image\/gif;base64,R0lGODlhAQABAIAAAP\/\/\/\/\/\/\/yH5BAEKAAEALAAAAAABAAEAAAICTAEAOw==\" \/><\/div><\/a><\/div><\/div><div id=\"envira-gallery-item-2747\" class=\"envira-gallery-item enviratope-item envira-gallery-item-3 envira-lazy-load\" style=\"padding-left: 5px; padding-bottom: 10px; padding-right: 5px;\"  itemscope itemtype=\"https:\/\/schema.org\/ImageObject\"><div class=\"envira-gallery-item-inner\"><div class=\"envira-gallery-position-overlay  envira-gallery-top-left\"><\/div><div class=\"envira-gallery-position-overlay  envira-gallery-top-right\"><\/div><div class=\"envira-gallery-position-overlay  envira-gallery-bottom-left\"><\/div><div class=\"envira-gallery-position-overlay  envira-gallery-bottom-right\"><\/div><a href=\"https:\/\/nailympia.asia\/wp-content\/uploads\/2024\/05\/GEL-3.jpg\" class=\"envira-gallery-2727 envira-gallery-link\" rel=\"enviragallery2727\" title=\"GEL 3\" data-envira-caption=\"GEL 3\" data-envira-retina=\"\" data-thumbnail=\"\"  itemprop=\"contentUrl\"><div class=\"envira-lazy\" data-test-width=\"640\" data-test-height=\"480\" style=\"padding-bottom:75%;\"><img decoding=\"async\" id=\"envira-gallery-image-2747\" class=\"envira-gallery-image envira-gallery-image-3\" data-envira-index=\"3\" src=\"https:\/\/nailympia.asia\/wp-content\/uploads\/2024\/05\/GEL-3-1024x683-640x480.jpg\" data-envira-src=\"https:\/\/nailympia.asia\/wp-content\/uploads\/2024\/05\/GEL-3-1024x683-640x480.jpg\" data-envira-gallery-id=\"2727\" data-envira-item-id=\"2747\" data-envira-caption=\"GEL 3\" alt=\"\" title=\"GEL 3\"  itemprop=\"thumbnailUrl\" data-envira-srcset=\"https:\/\/nailympia.asia\/wp-content\/uploads\/2024\/05\/GEL-3-1024x683-640x480.jpg 400w,https:\/\/nailympia.asia\/wp-content\/uploads\/2024\/05\/GEL-3-1024x683-640x480.jpg 2x\" srcset=\"data:image\/gif;base64,R0lGODlhAQABAIAAAP\/\/\/\/\/\/\/yH5BAEKAAEALAAAAAABAAEAAAICTAEAOw==\" \/><\/div><\/a><\/div><\/div><div id=\"envira-gallery-item-2748\" class=\"envira-gallery-item enviratope-item envira-gallery-item-4 envira-lazy-load\" style=\"padding-left: 5px; padding-bottom: 10px; padding-right: 5px;\"  itemscope itemtype=\"https:\/\/schema.org\/ImageObject\"><div class=\"envira-gallery-item-inner\"><div class=\"envira-gallery-position-overlay  envira-gallery-top-left\"><\/div><div class=\"envira-gallery-position-overlay  envira-gallery-top-right\"><\/div><div class=\"envira-gallery-position-overlay  envira-gallery-bottom-left\"><\/div><div class=\"envira-gallery-position-overlay  envira-gallery-bottom-right\"><\/div><a href=\"https:\/\/nailympia.asia\/wp-content\/uploads\/2024\/05\/GEL-4.jpg\" class=\"envira-gallery-2727 envira-gallery-link\" rel=\"enviragallery2727\" title=\"GEL 4\" data-envira-caption=\"GEL 4\" data-envira-retina=\"\" data-thumbnail=\"\"  itemprop=\"contentUrl\"><div class=\"envira-lazy\" data-test-width=\"640\" data-test-height=\"480\" style=\"padding-bottom:75%;\"><img decoding=\"async\" id=\"envira-gallery-image-2748\" class=\"envira-gallery-image envira-gallery-image-4\" data-envira-index=\"4\" src=\"https:\/\/nailympia.asia\/wp-content\/uploads\/2024\/05\/GEL-4-1024x683-640x480.jpg\" data-envira-src=\"https:\/\/nailympia.asia\/wp-content\/uploads\/2024\/05\/GEL-4-1024x683-640x480.jpg\" data-envira-gallery-id=\"2727\" data-envira-item-id=\"2748\" data-envira-caption=\"GEL 4\" alt=\"\" title=\"GEL 4\"  itemprop=\"thumbnailUrl\" data-envira-srcset=\"https:\/\/nailympia.asia\/wp-content\/uploads\/2024\/05\/GEL-4-1024x683-640x480.jpg 400w,https:\/\/nailympia.asia\/wp-content\/uploads\/2024\/05\/GEL-4-1024x683-640x480.jpg 2x\" srcset=\"data:image\/gif;base64,R0lGODlhAQABAIAAAP\/\/\/\/\/\/\/yH5BAEKAAEALAAAAAABAAEAAAICTAEAOw==\" \/><\/div><\/a><\/div><\/div><div id=\"envira-gallery-item-2749\" class=\"envira-gallery-item enviratope-item envira-gallery-item-5 envira-lazy-load\" style=\"padding-left: 5px; padding-bottom: 10px; padding-right: 5px;\"  itemscope itemtype=\"https:\/\/schema.org\/ImageObject\"><div class=\"envira-gallery-item-inner\"><div class=\"envira-gallery-position-overlay  envira-gallery-top-left\"><\/div><div class=\"envira-gallery-position-overlay  envira-gallery-top-right\"><\/div><div class=\"envira-gallery-position-overlay  envira-gallery-bottom-left\"><\/div><div class=\"envira-gallery-position-overlay  envira-gallery-bottom-right\"><\/div><a href=\"https:\/\/nailympia.asia\/wp-content\/uploads\/2024\/05\/GEL-5.jpg\" class=\"envira-gallery-2727 envira-gallery-link\" rel=\"enviragallery2727\" title=\"GEL 5\" data-envira-caption=\"GEL 5\" data-envira-retina=\"\" data-thumbnail=\"\"  itemprop=\"contentUrl\"><div class=\"envira-lazy\" data-test-width=\"640\" data-test-height=\"480\" style=\"padding-bottom:75%;\"><img decoding=\"async\" id=\"envira-gallery-image-2749\" class=\"envira-gallery-image envira-gallery-image-5\" data-envira-index=\"5\" src=\"https:\/\/nailympia.asia\/wp-content\/uploads\/2024\/05\/GEL-5-1024x683-640x480.jpg\" data-envira-src=\"https:\/\/nailympia.asia\/wp-content\/uploads\/2024\/05\/GEL-5-1024x683-640x480.jpg\" data-envira-gallery-id=\"2727\" data-envira-item-id=\"2749\" data-envira-caption=\"GEL 5\" alt=\"\" title=\"GEL 5\"  itemprop=\"thumbnailUrl\" data-envira-srcset=\"https:\/\/nailympia.asia\/wp-content\/uploads\/2024\/05\/GEL-5-1024x683-640x480.jpg 400w,https:\/\/nailympia.asia\/wp-content\/uploads\/2024\/05\/GEL-5-1024x683-640x480.jpg 2x\" srcset=\"data:image\/gif;base64,R0lGODlhAQABAIAAAP\/\/\/\/\/\/\/yH5BAEKAAEALAAAAAABAAEAAAICTAEAOw==\" \/><\/div><\/a><\/div><\/div><div id=\"envira-gallery-item-2750\" class=\"envira-gallery-item enviratope-item envira-gallery-item-6 envira-lazy-load\" style=\"padding-left: 5px; padding-bottom: 10px; padding-right: 5px;\"  itemscope itemtype=\"https:\/\/schema.org\/ImageObject\"><div class=\"envira-gallery-item-inner\"><div class=\"envira-gallery-position-overlay  envira-gallery-top-left\"><\/div><div class=\"envira-gallery-position-overlay  envira-gallery-top-right\"><\/div><div class=\"envira-gallery-position-overlay  envira-gallery-bottom-left\"><\/div><div class=\"envira-gallery-position-overlay  envira-gallery-bottom-right\"><\/div><a href=\"https:\/\/nailympia.asia\/wp-content\/uploads\/2024\/05\/GEL-6.jpg\" class=\"envira-gallery-2727 envira-gallery-link\" rel=\"enviragallery2727\" title=\"GEL 6\" data-envira-caption=\"GEL 6\" data-envira-retina=\"\" data-thumbnail=\"\"  itemprop=\"contentUrl\"><div class=\"envira-lazy\" data-test-width=\"640\" data-test-height=\"480\" style=\"padding-bottom:75%;\"><img decoding=\"async\" id=\"envira-gallery-image-2750\" class=\"envira-gallery-image envira-gallery-image-6\" data-envira-index=\"6\" src=\"https:\/\/nailympia.asia\/wp-content\/uploads\/2024\/05\/GEL-6-1024x683-640x480.jpg\" data-envira-src=\"https:\/\/nailympia.asia\/wp-content\/uploads\/2024\/05\/GEL-6-1024x683-640x480.jpg\" data-envira-gallery-id=\"2727\" data-envira-item-id=\"2750\" data-envira-caption=\"GEL 6\" alt=\"\" title=\"GEL 6\"  itemprop=\"thumbnailUrl\" data-envira-srcset=\"https:\/\/nailympia.asia\/wp-content\/uploads\/2024\/05\/GEL-6-1024x683-640x480.jpg 400w,https:\/\/nailympia.asia\/wp-content\/uploads\/2024\/05\/GEL-6-1024x683-640x480.jpg 2x\" srcset=\"data:image\/gif;base64,R0lGODlhAQABAIAAAP\/\/\/\/\/\/\/yH5BAEKAAEALAAAAAABAAEAAAICTAEAOw==\" \/><\/div><\/a><\/div><\/div><\/div><\/div><noscript><img decoding=\"async\" src=\"https:\/\/nailympia.asia\/wp-content\/uploads\/2024\/05\/GEL-1.jpg\" alt=\"\" \/><img decoding=\"async\" src=\"https:\/\/nailympia.asia\/wp-content\/uploads\/2024\/05\/GEL-2.jpg\" alt=\"\" \/><img decoding=\"async\" src=\"https:\/\/nailympia.asia\/wp-content\/uploads\/2024\/05\/GEL-3.jpg\" alt=\"\" \/><img decoding=\"async\" src=\"https:\/\/nailympia.asia\/wp-content\/uploads\/2024\/05\/GEL-4.jpg\" alt=\"\" \/><img decoding=\"async\" src=\"https:\/\/nailympia.asia\/wp-content\/uploads\/2024\/05\/GEL-5.jpg\" alt=\"\" \/><img decoding=\"async\" src=\"https:\/\/nailympia.asia\/wp-content\/uploads\/2024\/05\/GEL-6.jpg\" alt=\"\" \/><\/noscript>\n<\/div>\n<\/div>\n<\/div>\n","protected":false},"excerpt":{"rendered":"<p>NAILYMPIA VI\u1ec6T NAM 2024 &#8211; GEL POLISH MANICUREDivision 13rd Mai Ng\u1ecdc \u2013 Vietnam&nbsp;2nd L\u00fd B\u00edch Ch\u00e2u \u2013 Vietnam&nbsp;1st L\u00ea Kh\u00e1nh \u2013 Vietnam&nbsp;Division 23rd Le Anh \u2013 Vietnam&nbsp;2nd Nguyen Ngoc Phuong \u2013 Vietnam&nbsp;1st Nguy\u1ec5n H\u1ed3ng Ng\u1ecdc \u2013 Vietnam&nbsp; Division3 3rd Yuki Ide \u2013 Japan&nbsp;2nd Genki Itou \u2013 Japan1st Natalia Trefon \u2013 Poland&nbsp;<\/p>\n","protected":false},"author":1,"featured_media":0,"parent":0,"menu_order":0,"comment_status":"closed","ping_status":"closed","template":"wp-custom-template-main-pages","meta":{"footnotes":""},"featured_image_urls":{"full":"","thumbnail":"","medium":"","medium_large":"","large":"","gs-tiny":"","xl":"","xxl":"","xxxl":"","xxxxl":"","xxxxxl":"","1536x1536":"","2048x2048":""},"post_excerpt_stackable":"<p>NAILYMPIA VI\u1ec6T NAM 2024 &#8211; GEL POLISH MANICUREDivision 13rd Mai Ng\u1ecdc \u2013 Vietnam&nbsp;2nd L\u00fd B\u00edch Ch\u00e2u \u2013 Vietnam&nbsp;1st L\u00ea Kh\u00e1nh \u2013 Vietnam&nbsp;Division 23rd Le Anh \u2013 Vietnam&nbsp;2nd Nguyen Ngoc Phuong \u2013 Vietnam&nbsp;1st Nguy\u1ec5n H\u1ed3ng Ng\u1ecdc \u2013 Vietnam&nbsp; Division3 3rd Yuki Ide \u2013 Japan&nbsp;2nd Genki Itou \u2013 Japan1st Natalia Trefon \u2013 Poland&nbsp;<\/p>\n","category_list":"","author_info":{"name":"anhnguyen","url":"https:\/\/nailympia.asia\/index.php\/author\/anhnguyen\/"},"comments_num":"0 comments","aioseo_notices":[],"_links":{"self":[{"href":"https:\/\/nailympia.asia\/index.php\/wp-json\/wp\/v2\/pages\/2728"}],"collection":[{"href":"https:\/\/nailympia.asia\/index.php\/wp-json\/wp\/v2\/pages"}],"about":[{"href":"https:\/\/nailympia.asia\/index.php\/wp-json\/wp\/v2\/types\/page"}],"author":[{"embeddable":true,"href":"https:\/\/nailympia.asia\/index.php\/wp-json\/wp\/v2\/users\/1"}],"replies":[{"embeddable":true,"href":"https:\/\/nailympia.asia\/index.php\/wp-json\/wp\/v2\/comments?post=2728"}],"version-history":[{"count":6,"href":"https:\/\/nailympia.asia\/index.php\/wp-json\/wp\/v2\/pages\/2728\/revisions"}],"predecessor-version":[{"id":3239,"href":"https:\/\/nailympia.asia\/index.php\/wp-json\/wp\/v2\/pages\/2728\/revisions\/3239"}],"wp:attachment":[{"href":"https:\/\/nailympia.asia\/index.php\/wp-json\/wp\/v2\/media?parent=2728"}],"curies":[{"name":"wp","href":"https:\/\/api.w.org\/{rel}","templated":true}]}}