{"id":2138,"date":"2024-05-16T08:06:49","date_gmt":"2024-05-16T08:06:49","guid":{"rendered":"https:\/\/nailympia.asia\/?page_id=2138"},"modified":"2024-08-03T06:51:22","modified_gmt":"2024-08-03T06:51:22","slug":"news","status":"publish","type":"page","link":"https:\/\/nailympia.asia\/index.php\/news\/","title":{"rendered":"NEWS"},"content":{"rendered":"\n<div class=\"wp-block-group is-layout-constrained wp-container-core-group-layout-1 wp-block-group-is-layout-constrained\">\n<div class=\"wp-block-columns is-layout-flex wp-container-core-columns-layout-1 wp-block-columns-is-layout-flex\">\n<div class=\"wp-block-column is-layout-flow wp-container-core-column-layout-1 wp-block-column-is-layout-flow\" style=\"padding-right:var(--wp--preset--spacing--30);padding-left:var(--wp--preset--spacing--30);flex-basis:40%\">\n<figure class=\"wp-block-image size-full\"><img loading=\"lazy\" decoding=\"async\" width=\"630\" height=\"501\" src=\"https:\/\/nailympia.asia\/wp-content\/uploads\/2024\/08\/1.jpg\" alt=\"\" class=\"wp-image-3349\" srcset=\"https:\/\/nailympia.asia\/wp-content\/uploads\/2024\/08\/1.jpg 630w, https:\/\/nailympia.asia\/wp-content\/uploads\/2024\/08\/1-300x239.jpg 300w, https:\/\/nailympia.asia\/wp-content\/uploads\/2024\/08\/1-50x40.jpg 50w\" sizes=\"(max-width: 630px) 100vw, 630px\" \/><\/figure>\n<\/div>\n\n\n\n<div class=\"wp-block-column is-layout-flow wp-block-column-is-layout-flow\">\n<p><strong><span style=\"color: #cf2e2e;\" class=\"stk-highlight\">Kh\u00e1m ph\u00e1 nh\u00e0 m\u00e1y K\u1ec1m Ngh\u0129a c\u00f9ng Alex Fox: T\u1eeb 1,5 m\u00e9t vu\u00f4ng \u0111\u1ebfn k\u1ef7 l\u1ee5c Guinness<\/span><\/strong><\/p>\n\n\n\n<p>T\u00ecm hi\u1ec3u v\u00e0 kh\u00e1m ph\u00e1 quy tr\u00ecnh s\u1ea3n xu\u1ea5t d\u1ee5ng c\u1ee5 l\u00e0m m\u00f3ng b\u00ean trong nh\u00e0 m\u00e1y c\u1ee7a K\u1ec1m Ngh\u0129a t\u1ea1i Vi\u1ec7t Nam c\u00f9ng ALEX FOX<\/p>\n\n\n\n<div class=\"wp-block-buttons is-layout-flex wp-block-buttons-is-layout-flex\">\n<div class=\"wp-block-button\"><a class=\"wp-block-button__link has-vivid-red-background-color has-background wp-element-button\" href=\"https:\/\/nailympia.asia\/index.php\/2024\/08\/02\/kham-pha-ben-trong-nha-may-kem-nghia\/\" style=\"border-radius:10px\">Read more<\/a><\/div>\n<\/div>\n<\/div>\n<\/div>\n\n\n\n<div class=\"wp-block-columns is-layout-flex wp-container-core-columns-layout-2 wp-block-columns-is-layout-flex\" style=\"padding-top:0;padding-bottom:0\">\n<div class=\"wp-block-column is-layout-flow wp-container-core-column-layout-3 wp-block-column-is-layout-flow\" style=\"padding-right:var(--wp--preset--spacing--30);padding-left:var(--wp--preset--spacing--30);flex-basis:40%\">\n<figure class=\"wp-block-image size-large\"><img loading=\"lazy\" decoding=\"async\" width=\"1024\" height=\"623\" src=\"https:\/\/nailympia.asia\/wp-content\/uploads\/2024\/05\/Anh-Bia-va-anh-dau-tien-Nailympia-Viet-Nam-2024-ket-qua--1024x623.jpg\" alt=\"\" class=\"wp-image-2139\" srcset=\"https:\/\/nailympia.asia\/wp-content\/uploads\/2024\/05\/Anh-Bia-va-anh-dau-tien-Nailympia-Viet-Nam-2024-ket-qua--1024x623.jpg 1024w, https:\/\/nailympia.asia\/wp-content\/uploads\/2024\/05\/Anh-Bia-va-anh-dau-tien-Nailympia-Viet-Nam-2024-ket-qua--300x182.jpg 300w, https:\/\/nailympia.asia\/wp-content\/uploads\/2024\/05\/Anh-Bia-va-anh-dau-tien-Nailympia-Viet-Nam-2024-ket-qua--768x467.jpg 768w, https:\/\/nailympia.asia\/wp-content\/uploads\/2024\/05\/Anh-Bia-va-anh-dau-tien-Nailympia-Viet-Nam-2024-ket-qua--50x30.jpg 50w, https:\/\/nailympia.asia\/wp-content\/uploads\/2024\/05\/Anh-Bia-va-anh-dau-tien-Nailympia-Viet-Nam-2024-ket-qua--1600x973.jpg 1600w, https:\/\/nailympia.asia\/wp-content\/uploads\/2024\/05\/Anh-Bia-va-anh-dau-tien-Nailympia-Viet-Nam-2024-ket-qua--1536x934.jpg 1536w, https:\/\/nailympia.asia\/wp-content\/uploads\/2024\/05\/Anh-Bia-va-anh-dau-tien-Nailympia-Viet-Nam-2024-ket-qua--2048x1246.jpg 2048w\" sizes=\"(max-width: 1024px) 100vw, 1024px\" \/><\/figure>\n<\/div>\n\n\n\n<div class=\"wp-block-column is-layout-flow wp-block-column-is-layout-flow\">\n<p><strong><span style=\"color: #f90000;\" class=\"stk-highlight\">K\u1ebeT QU\u1ea2 CU\u1ed8C THI NAILYMPIA VI\u1ec6T NAM 2024<\/span><br><\/strong>Cu\u1ed9c thi Nailympia Vi\u1ec7t Nam 2024 \u0111\u00e3 di\u1ec5n ra v\u00e0o ng\u00e0y 10 \u0111\u1ebfn ng\u00e0y 11 th\u00e1ng 4 n\u0103m 2024 t\u1ea1i Th\u00e0nh ph\u1ed1 H\u1ed3 Ch\u00ed Minh. Do \u00d4ng Damon Ho ph\u1ed1i h\u1ee3p c\u00f9ng C\u00d4NG TY TNHH M\u1ed8T TH\u00c0NH VI\u00caN T\u01af V\u1ea4N D\u1ecaCH V\u1ee4 \u0110\u1ecaNH C\u01af ISIE&nbsp; \u0111\u1ea3m nh\u1eadn vai tr\u00f2 ban t\u1ed5 ch\u1ee9c v\u00e0 \u0111\u01b0\u1ee3c s\u1ef1 h\u1ed7 tr\u1ee3 ch\u1eb7t ch\u1ebd t\u1eeb b\u00e0 Alex Fox &#8211; Gi\u00e1m \u0111\u1ed1c to\u00e0n c\u1ea7u c\u1ee7a Nailympia&#8230;<\/p>\n\n\n\n<div class=\"wp-block-buttons is-layout-flex wp-block-buttons-is-layout-flex\">\n<div class=\"wp-block-button\"><a class=\"wp-block-button__link has-vivid-red-background-color has-background wp-element-button\" href=\"https:\/\/nailympia.asia\/index.php\/ket-qua-cuoc-thi-nailympia-viet-nam-2024\/\" style=\"border-radius:10px\">Read more<\/a><\/div>\n<\/div>\n<\/div>\n<\/div>\n\n\n\n<div class=\"wp-block-columns is-layout-flex wp-container-core-columns-layout-3 wp-block-columns-is-layout-flex\">\n<div class=\"wp-block-column is-layout-flow wp-container-core-column-layout-5 wp-block-column-is-layout-flow\" style=\"padding-right:var(--wp--preset--spacing--30);padding-left:var(--wp--preset--spacing--30);flex-basis:40%\">\n<figure class=\"wp-block-embed is-type-video is-provider-youtube wp-block-embed-youtube wp-embed-aspect-16-9 wp-has-aspect-ratio\"><div class=\"wp-block-embed__wrapper\">\n<iframe loading=\"lazy\" title=\"B\u1ea3n tin HTV: \u201cNailympia Vietnam 2024 B\u01b0\u1edbc Ti\u1ebfn M\u1edbi \u0110\u1ea7y Vinh Quang Trong Ngh\u1ec7 Thu\u1eadt L\u00e0m M\u00f3ng\u201d\" width=\"500\" height=\"281\" src=\"https:\/\/www.youtube.com\/embed\/peF2DXj-3LM?feature=oembed\" frameborder=\"0\" allow=\"accelerometer; autoplay; clipboard-write; encrypted-media; gyroscope; picture-in-picture; web-share\" referrerpolicy=\"strict-origin-when-cross-origin\" allowfullscreen><\/iframe>\n<\/div><\/figure>\n<\/div>\n\n\n\n<div class=\"wp-block-column is-layout-flow wp-block-column-is-layout-flow\">\n<p><\/p>\n\n\n\n<p><\/p>\n\n\n\n<p><strong><span style=\"color: #cf2e2e;\" class=\"stk-highlight\">B\u1ea3n tin HTV: \u201cNailympia Vi\u1ec7t Nam 2024 B\u01b0\u1edbc Ti\u1ebfn M\u1edbi \u0110\u1ea7y Vinh Quang Trong Ngh\u1ec7 Thu\u1eadt L\u00e0m Nail\u201d<\/span><\/strong><br>Nailympia Vi\u1ec7t Nam 2024, m\u1ed9t s\u00e2n ch\u01a1i s\u00e1ng t\u1ea1o v\u00e0 \u0111\u1ec9nh cao c\u1ee7a ngh\u1ec7 thu\u1eadt l\u00e0m nail, l\u1ea7n \u0111\u1ea7u ti\u00ean \u0111\u01b0\u1ee3c t\u1ed5 ch\u1ee9c t\u1ea1i Vi\u1ec7t Nam \u0111\u00e3 mang l\u1ea1i m\u1ed9t c\u00fa h\u00edch m\u1edbi cho c\u1ed9ng \u0111\u1ed3ng ngh\u1ec7 s\u0129 l\u00e0m nail trong n\u01b0\u1edbc v\u00e0 qu\u1ed1c t\u1ebf. V\u1edbi s\u1ef1 tham gia c\u1ee7a h\u00e0ng tr\u0103m th\u00ed sinh v\u00e0 h\u00e0ng lo\u1ea1t c\u00e1c th\u01b0\u01a1ng hi\u1ec7u h\u00e0ng \u0111\u1ea7u trong ng\u00e0nh, Nailympia Vi\u1ec7t Nam 2024 \u0111\u00e3 di\u1ec5n ra th\u00e0nh c\u00f4ng r\u1ef1c r\u1ee1.<\/p>\n\n\n\n<p>T\u1eeb c\u00e1c ph\u1ea7n thi tranh t\u00e0i \u0111\u1ea7y gay c\u1ea5n \u0111\u1ebfn c\u00e1c bu\u1ed5i tr\u00ecnh di\u1ec5n m\u00e3n nh\u00e3n c\u1ee7a c\u00e1c Grand Master, s\u1ef1 ki\u1ec7n \u0111\u00e3 mang l\u1ea1i m\u1ed9t h\u00e0nh tr\u00ecnh \u0111\u1ea7y h\u1ee9ng kh\u1edfi v\u00e0 c\u1ea3m x\u00fac cho t\u1ea5t c\u1ea3 nh\u1eefng ng\u01b0\u1eddi h\u00e2m m\u1ed9. \u0110i\u1ec1u n\u00e0y l\u00e0 m\u1ed9t minh ch\u1ee9ng cho s\u1ee9c h\u00fat v\u00e0 ti\u1ec1m n\u0103ng c\u1ee7a ng\u00e0nh l\u00e0m Nail t\u1ea1i Vi\u1ec7t Nam tr\u00ean b\u1ea3n \u0111\u1ed3 ngh\u1ec7 thu\u1eadt to\u00e0n c\u1ea7u.<\/p>\n<\/div>\n<\/div>\n\n\n\n<div class=\"wp-block-columns is-layout-flex wp-container-core-columns-layout-4 wp-block-columns-is-layout-flex\">\n<div class=\"wp-block-column is-layout-flow wp-container-core-column-layout-7 wp-block-column-is-layout-flow\" style=\"padding-right:var(--wp--preset--spacing--30);padding-left:var(--wp--preset--spacing--30);flex-basis:40%\">\n<figure class=\"wp-block-embed is-type-video is-provider-youtube wp-block-embed-youtube wp-embed-aspect-16-9 wp-has-aspect-ratio\"><div class=\"wp-block-embed__wrapper\">\n<iframe loading=\"lazy\" title=\"H\u00c0NH TR\u00ccNH THAM GIA NAILYMPIA VI\u1ec6T NAM 2024\" width=\"500\" height=\"281\" src=\"https:\/\/www.youtube.com\/embed\/yeIS1aXMuu4?feature=oembed\" frameborder=\"0\" allow=\"accelerometer; autoplay; clipboard-write; encrypted-media; gyroscope; picture-in-picture; web-share\" referrerpolicy=\"strict-origin-when-cross-origin\" allowfullscreen><\/iframe>\n<\/div><\/figure>\n<\/div>\n\n\n\n<div class=\"wp-block-column is-layout-flow wp-block-column-is-layout-flow\">\n<p><strong><span style=\"color: #f40202;\" class=\"stk-highlight\">H\u00c0NH TR\u00ccNH THAM GIA NAILYMPIA VI\u1ec6T NAM 2024<\/span><\/strong><br>H\u00e0nh tr\u00ecnh tham gia Nailympia Vi\u1ec7t Nam 2024 c\u1ee7a th\u00ed sinh L\u00ea \u0110\u1ea1i Ph\u00e1t, kh\u00f4ng ch\u1ec9 v\u1ec1 gi\u1ea3i th\u01b0\u1edfng, m\u00e0 c\u00f2n l\u00e0 nh\u1eefng c\u00e2u chuy\u1ec7n s\u00e2u l\u1eafng v\u1ec1 ngh\u1ec1 l\u00e0m nail. H\u00e3y c\u00f9ng anh \u1ea5y chia s\u1ebb v\u00e0 kh\u00e1m ph\u00e1 th\u00eam v\u1ec1 nh\u1eefng tr\u1ea3i nghi\u1ec7m \u0111\u1ea7y c\u1ea3m x\u00fac trong ngh\u1ec1 n\u00e0y.<\/p>\n<\/div>\n<\/div>\n\n\n\n<div class=\"wp-block-columns is-layout-flex wp-container-core-columns-layout-5 wp-block-columns-is-layout-flex\">\n<div class=\"wp-block-column is-layout-flow wp-container-core-column-layout-9 wp-block-column-is-layout-flow\" style=\"padding-right:var(--wp--preset--spacing--30);padding-left:var(--wp--preset--spacing--30);flex-basis:40%\">\n<figure class=\"wp-block-image size-large\"><img loading=\"lazy\" decoding=\"async\" width=\"1024\" height=\"491\" src=\"https:\/\/nailympia.asia\/wp-content\/uploads\/2024\/05\/ANH-BIA-GK-1024x491.jpg\" alt=\"\" class=\"wp-image-2161\" srcset=\"https:\/\/nailympia.asia\/wp-content\/uploads\/2024\/05\/ANH-BIA-GK-1024x491.jpg 1024w, https:\/\/nailympia.asia\/wp-content\/uploads\/2024\/05\/ANH-BIA-GK-300x144.jpg 300w, https:\/\/nailympia.asia\/wp-content\/uploads\/2024\/05\/ANH-BIA-GK-768x368.jpg 768w, https:\/\/nailympia.asia\/wp-content\/uploads\/2024\/05\/ANH-BIA-GK-50x24.jpg 50w, https:\/\/nailympia.asia\/wp-content\/uploads\/2024\/05\/ANH-BIA-GK-1600x767.jpg 1600w, https:\/\/nailympia.asia\/wp-content\/uploads\/2024\/05\/ANH-BIA-GK-1536x736.jpg 1536w, https:\/\/nailympia.asia\/wp-content\/uploads\/2024\/05\/ANH-BIA-GK-2048x982.jpg 2048w\" sizes=\"(max-width: 1024px) 100vw, 1024px\" \/><\/figure>\n<\/div>\n\n\n\n<div class=\"wp-block-column is-layout-flow wp-block-column-is-layout-flow\">\n<p><span style=\"color: #ff0000;\" class=\"stk-highlight\"><strong>L\u01b0u gi\u1eef nh\u1eefng kho\u1ea3nh kh\u1eafc c\u00f9ng m\u00f3n qu\u00e0 \u0111\u1eb7c bi\u1ec7t d\u00e0nh t\u1eb7ng cho c\u00e1c gi\u00e1m kh\u1ea3o t\u1ea1i Nailympia Vi\u1ec7t Nam 2024<\/strong>.<\/span><br>Nailympia Vi\u1ec7t Nam 2024 \u0111\u00e3 \u0111i qua nh\u01b0ng c\u1ea3m x\u00fac v\u1eabn c\u00f2n \u0111\u1ecdng l\u1ea1i, ngo\u00e0i gi\u00e2y ph\u00fat vinh quang c\u1ee7a nh\u1eefng chi\u1ebfn binh t\u00e0i n\u0103ng, c\u00f2n c\u00f3 c\u1ea3m x\u00fac d\u1ea1t d\u00e0o v\u00e0 h\u1ea1nh ph\u00fac c\u1ee7a ban gi\u00e1m kh\u1ea3o khi nh\u1eadn \u0111\u01b0\u1ee3c s\u1ef1 \u0111\u00f3n ti\u1ebfp v\u00e0 tri \u00e2n nhi\u1ec7t li\u1ec7t t\u1eeb ban t\u1ed5 ch\u1ee9c.<\/p>\n\n\n\n<div class=\"wp-block-buttons is-layout-flex wp-block-buttons-is-layout-flex\">\n<div class=\"wp-block-button\"><a class=\"wp-block-button__link has-vivid-red-background-color has-background wp-element-button\" href=\"https:\/\/nailympia.asia\/index.php\/nailympia-viet-nam-2024-vinh-danh-giam-khao\/\" style=\"border-radius:10px\">Read more<\/a><\/div>\n<\/div>\n<\/div>\n<\/div>\n\n\n\n<div class=\"wp-block-columns is-layout-flex wp-container-core-columns-layout-6 wp-block-columns-is-layout-flex\">\n<div class=\"wp-block-column is-layout-flow wp-container-core-column-layout-11 wp-block-column-is-layout-flow\" style=\"padding-right:var(--wp--preset--spacing--30);padding-left:var(--wp--preset--spacing--30);flex-basis:40%\">\n<figure class=\"wp-block-image size-large\"><img loading=\"lazy\" decoding=\"async\" width=\"1024\" height=\"683\" src=\"https:\/\/nailympia.asia\/wp-content\/uploads\/2024\/05\/1-2-1024x683.jpg\" alt=\"\" class=\"wp-image-2205\" srcset=\"https:\/\/nailympia.asia\/wp-content\/uploads\/2024\/05\/1-2-1024x683.jpg 1024w, https:\/\/nailympia.asia\/wp-content\/uploads\/2024\/05\/1-2-300x200.jpg 300w, https:\/\/nailympia.asia\/wp-content\/uploads\/2024\/05\/1-2-768x512.jpg 768w, https:\/\/nailympia.asia\/wp-content\/uploads\/2024\/05\/1-2-50x33.jpg 50w, https:\/\/nailympia.asia\/wp-content\/uploads\/2024\/05\/1-2-1600x1067.jpg 1600w, https:\/\/nailympia.asia\/wp-content\/uploads\/2024\/05\/1-2-1536x1024.jpg 1536w, https:\/\/nailympia.asia\/wp-content\/uploads\/2024\/05\/1-2-2048x1365.jpg 2048w\" sizes=\"(max-width: 1024px) 100vw, 1024px\" \/><\/figure>\n<\/div>\n\n\n\n<div class=\"wp-block-column is-layout-flow wp-block-column-is-layout-flow\">\n<p><strong><span style=\"color: #fb0000;\" class=\"stk-highlight\">Nh\u1eefng ng\u01b0\u1eddi h\u00f9ng t\u1ea1o n\u00ean d\u1ea5u \u1ea5n h\u00e0o quang c\u1ee7a Nailympia Vi\u1ec7t Nam 2024<\/span><\/strong><\/p>\n\n\n\n<p>Nailympia Vi\u1ec7t Nam 2024 \u0111\u01b0\u1ee3c t\u1ed5 ch\u1ee9c v\u00e0 th\u1ef1c hi\u1ec7n b\u1edfi C\u00f4ng ty TNHH MTV T\u01b0 v\u1ea5n d\u1ecbch v\u1ee5 \u0111\u1ecbnh c\u01b0 ISIE, \u0111\u00e3 mang \u0111\u1ebfn m\u1ed9t s\u00e2n ch\u01a1i \u0111\u1ec9nh cao ngh\u1ec7 thu\u1eadt d\u00e0nh cho ng\u00e0nh nail.<\/p>\n\n\n\n<div class=\"wp-block-buttons is-layout-flex wp-block-buttons-is-layout-flex\">\n<div class=\"wp-block-button\"><a class=\"wp-block-button__link has-vivid-red-background-color has-background wp-element-button\" href=\"https:\/\/nailympia.asia\/index.php\/nhung-nguoi-hung-tao-nen-dau-an-hao-quang-cua-nailympia-vietnam-2024\/\" style=\"border-radius:10px\">Read more<\/a><\/div>\n<\/div>\n<\/div>\n<\/div>\n\n\n\n<div class=\"wp-block-columns is-layout-flex wp-container-core-columns-layout-7 wp-block-columns-is-layout-flex\">\n<div class=\"wp-block-column is-layout-flow wp-container-core-column-layout-13 wp-block-column-is-layout-flow\" style=\"padding-right:var(--wp--preset--spacing--30);padding-left:var(--wp--preset--spacing--30);flex-basis:40%\">\n<figure class=\"wp-block-image size-large\"><img loading=\"lazy\" decoding=\"async\" width=\"1024\" height=\"540\" src=\"https:\/\/nailympia.asia\/wp-content\/uploads\/2024\/06\/ANH-BIA-ISIE-tu-hao-la-don-vi-dau-tien-va-duy-nhat-mang-cuoc-thi-Nailympia-the-gioi-ve-voi-Viet-Nam--1024x540.jpg\" alt=\"\" class=\"wp-image-3308\" srcset=\"https:\/\/nailympia.asia\/wp-content\/uploads\/2024\/06\/ANH-BIA-ISIE-tu-hao-la-don-vi-dau-tien-va-duy-nhat-mang-cuoc-thi-Nailympia-the-gioi-ve-voi-Viet-Nam--1024x540.jpg 1024w, https:\/\/nailympia.asia\/wp-content\/uploads\/2024\/06\/ANH-BIA-ISIE-tu-hao-la-don-vi-dau-tien-va-duy-nhat-mang-cuoc-thi-Nailympia-the-gioi-ve-voi-Viet-Nam--300x158.jpg 300w, https:\/\/nailympia.asia\/wp-content\/uploads\/2024\/06\/ANH-BIA-ISIE-tu-hao-la-don-vi-dau-tien-va-duy-nhat-mang-cuoc-thi-Nailympia-the-gioi-ve-voi-Viet-Nam--768x405.jpg 768w, https:\/\/nailympia.asia\/wp-content\/uploads\/2024\/06\/ANH-BIA-ISIE-tu-hao-la-don-vi-dau-tien-va-duy-nhat-mang-cuoc-thi-Nailympia-the-gioi-ve-voi-Viet-Nam--50x26.jpg 50w, https:\/\/nailympia.asia\/wp-content\/uploads\/2024\/06\/ANH-BIA-ISIE-tu-hao-la-don-vi-dau-tien-va-duy-nhat-mang-cuoc-thi-Nailympia-the-gioi-ve-voi-Viet-Nam--1600x844.jpg 1600w, https:\/\/nailympia.asia\/wp-content\/uploads\/2024\/06\/ANH-BIA-ISIE-tu-hao-la-don-vi-dau-tien-va-duy-nhat-mang-cuoc-thi-Nailympia-the-gioi-ve-voi-Viet-Nam--1536x810.jpg 1536w, https:\/\/nailympia.asia\/wp-content\/uploads\/2024\/06\/ANH-BIA-ISIE-tu-hao-la-don-vi-dau-tien-va-duy-nhat-mang-cuoc-thi-Nailympia-the-gioi-ve-voi-Viet-Nam--2048x1080.jpg 2048w\" sizes=\"(max-width: 1024px) 100vw, 1024px\" \/><\/figure>\n<\/div>\n\n\n\n<div class=\"wp-block-column is-layout-flow wp-block-column-is-layout-flow\">\n<p><span style=\"color: #cf2e2e;\" class=\"stk-highlight\"><strong>ISIE t\u1ef1 h\u00e0o l\u00e0 \u0111\u01a1n v\u1ecb \u0111\u1ea7u ti\u00ean v\u00e0 duy nh\u1ea5t mang cu\u1ed9c thi Nailympia Th\u1ebf Gi\u1edbi v\u1ec1 v\u1edbi Vi\u1ec7t Nam<\/strong><\/span><\/p>\n\n\n\n<p>V\u00e0o ng\u00e0y 10 v\u00e0 11\/04\/2024, cu\u1ed9c thi s\u00e1ng t\u1ea1o nail l\u1edbn nh\u1ea5t th\u1ebf gi\u1edbi \u201cNailympia Vi\u1ec7t Nam 2024\u201d \u0111\u01b0\u1ee3c t\u1ed5 ch\u1ee9c t\u1ea1i Th\u00e0nh ph\u1ed1 H\u1ed3 Ch\u00ed Minh, do C\u00f4ng ty TNHH MTV T\u01b0 V\u1ea5n \u0110\u1ecbnh C\u01b0 ISIE l\u00e0 \u0111\u01a1n v\u1ecb t\u1ed5 ch\u1ee9c v\u00e0 th\u1ef1c hi\u1ec7n.<\/p>\n\n\n\n<div class=\"wp-block-buttons is-layout-flex wp-block-buttons-is-layout-flex\">\n<div class=\"wp-block-button\"><a class=\"wp-block-button__link has-vivid-red-background-color has-background wp-element-button\" href=\"https:\/\/nailympia.asia\/index.php\/ban-to-chuc\/\" style=\"border-radius:10px\">Read more<\/a><\/div>\n<\/div>\n<\/div>\n<\/div>\n\n\n\n<div class=\"wp-block-columns is-layout-flex wp-container-core-columns-layout-8 wp-block-columns-is-layout-flex\">\n<div class=\"wp-block-column is-layout-flow wp-container-core-column-layout-15 wp-block-column-is-layout-flow\" style=\"padding-right:var(--wp--preset--spacing--30);padding-left:var(--wp--preset--spacing--30);flex-basis:40%\">\n<figure class=\"wp-block-image size-large\"><img loading=\"lazy\" decoding=\"async\" width=\"1024\" height=\"683\" src=\"https:\/\/nailympia.asia\/wp-content\/uploads\/2024\/07\/anh-bia-va-anh-so-1-1024x683.jpg\" alt=\"\" class=\"wp-image-3315\" srcset=\"https:\/\/nailympia.asia\/wp-content\/uploads\/2024\/07\/anh-bia-va-anh-so-1-1024x683.jpg 1024w, https:\/\/nailympia.asia\/wp-content\/uploads\/2024\/07\/anh-bia-va-anh-so-1-300x200.jpg 300w, https:\/\/nailympia.asia\/wp-content\/uploads\/2024\/07\/anh-bia-va-anh-so-1-768x512.jpg 768w, https:\/\/nailympia.asia\/wp-content\/uploads\/2024\/07\/anh-bia-va-anh-so-1-50x33.jpg 50w, https:\/\/nailympia.asia\/wp-content\/uploads\/2024\/07\/anh-bia-va-anh-so-1-1600x1067.jpg 1600w, https:\/\/nailympia.asia\/wp-content\/uploads\/2024\/07\/anh-bia-va-anh-so-1-1536x1024.jpg 1536w, https:\/\/nailympia.asia\/wp-content\/uploads\/2024\/07\/anh-bia-va-anh-so-1-2048x1365.jpg 2048w\" sizes=\"(max-width: 1024px) 100vw, 1024px\" \/><\/figure>\n<\/div>\n\n\n\n<div class=\"wp-block-column is-layout-flow wp-block-column-is-layout-flow\">\n<p><span style=\"color: #cf2e2e;\" class=\"stk-highlight\"><strong>K\u1ec1m Ngh\u0129a &#8211; S\u1ef1 t\u1ecfa s\u00e1ng c\u1ee7a \u201c\u00d4ng ho\u00e0ng\u201d ng\u00e0nh k\u1ec1m v\u00e0 nh\u1eefng kho\u1ea3nh kh\u1eafc n\u1ed5i b\u1eadt t\u1ea1i Nailympia Vi\u1ec7t Nam 2024<\/strong><\/span><\/p>\n\n\n\n<p>Nailympia Vi\u1ec7t Nam 2024 \u0111\u00e3 ghi d\u1ea5u \u1ea5n m\u1ea1nh m\u1ebd trong l\u00f2ng c\u00e1c t\u00edn \u0111\u1ed3 y\u00eau th\u00edch ngh\u1ec7 thu\u1eadt nail tr\u00ean to\u00e0n th\u1ebf gi\u1edbi. \u0110\u00e2y kh\u00f4ng ch\u1ec9 l\u00e0 m\u1ed9t s\u1ef1 ki\u1ec7n qu\u1ed1c t\u1ebf quan tr\u1ecdng trong ng\u00e0nh nail, m\u00e0 c\u00f2n l\u00e0 d\u1ecbp \u0111\u1ec3 c\u00e1c ngh\u1ec7 s\u0129, chuy\u00ean gia h\u00e0ng \u0111\u1ea7u v\u00e0 nh\u1eefng ngh\u1ec7 s\u0129 \u0111am m\u00ea l\u0129nh v\u1ef1c n\u00e0y t\u1ee5 h\u1ed9i, giao l\u01b0u v\u00e0 h\u1ecdc h\u1ecfi l\u1eabn nhau. S\u1ef1 ki\u1ec7n n\u0103m nay c\u00e0ng th\u00eam ph\u1ea7n r\u1ef1c r\u1ee1 v\u1edbi s\u1ef1 \u0111\u1ed3ng h\u00e0nh c\u1ee7a K\u1ec1m Ngh\u0129a &#8211; nh\u00e0 t\u00e0i tr\u1ee3 Platinum, &#8220;\u00f4ng ho\u00e0ng&#8221; trong ng\u00e0nh s\u1ea3n xu\u1ea5t d\u1ee5ng c\u1ee5 ch\u0103m s\u00f3c m\u00f3ng t\u1ea1i Vi\u1ec7t Nam.<\/p>\n\n\n\n<div class=\"wp-block-buttons is-layout-flex wp-block-buttons-is-layout-flex\">\n<div class=\"wp-block-button\"><a class=\"wp-block-button__link has-vivid-red-background-color has-background wp-element-button\" href=\"https:\/\/nailympia.asia\/index.php\/2024\/07\/11\/kem-nghia-su-toa-sang-cua-ong-hoang-nganh-kem\/\" style=\"border-radius:10px\">Read more<\/a><\/div>\n<\/div>\n<\/div>\n<\/div>\n\n\n\n<div class=\"wp-block-columns is-layout-flex wp-container-core-columns-layout-9 wp-block-columns-is-layout-flex\">\n<div class=\"wp-block-column is-layout-flow wp-container-core-column-layout-17 wp-block-column-is-layout-flow\" style=\"padding-right:var(--wp--preset--spacing--30);padding-left:var(--wp--preset--spacing--30);flex-basis:40%\">\n<figure class=\"wp-block-embed is-type-video is-provider-youtube wp-block-embed-youtube wp-embed-aspect-16-9 wp-has-aspect-ratio\"><div class=\"wp-block-embed__wrapper\">\n<iframe loading=\"lazy\" title=\"Nailympia Vi\u1ec7t Nam 2024\" width=\"500\" height=\"281\" src=\"https:\/\/www.youtube.com\/embed\/aVrjF7xONwQ?feature=oembed\" frameborder=\"0\" allow=\"accelerometer; autoplay; clipboard-write; encrypted-media; gyroscope; picture-in-picture; web-share\" referrerpolicy=\"strict-origin-when-cross-origin\" allowfullscreen><\/iframe>\n<\/div><\/figure>\n<\/div>\n\n\n\n<div class=\"wp-block-column is-layout-flow wp-block-column-is-layout-flow\">\n<p><strong><span style=\"color: #cf2e2e;\" class=\"stk-highlight\">B\u1ea3n tin HTV: \u201cVi\u1ec7t Nam l\u1ea7n \u0111\u1ea7u ti\u00ean \u0111\u0103ng cai t\u1ed5 ch\u1ee9c cu\u1ed9c thi s\u00e1ng t\u1ea1o nail l\u1edbn nh\u1ea5t h\u00e0nh tinh\u201d<\/span><\/strong><br>S\u1ef1 ki\u1ec7n t\u00f4n vinh ngh\u1ec7 thu\u1eadt nail \u0111\u01b0\u1ee3c mong ch\u1edd nh\u1ea5t trong n\u0103m &#8211; Nailympia Vi\u1ec7t Nam 2024 \u0111\u00e3 ch\u00ednh th\u1ee9c khai m\u1ea1c t\u1ea1i TP. HCM. \u0110\u00e2y l\u00e0 l\u1ea7n \u0111\u1ea7u ti\u00ean Vi\u1ec7t Nam \u0111\u0103ng cai t\u1ed5 ch\u1ee9c m\u1ed9t s\u1ef1 ki\u1ec7n \u0111\u1eb3ng c\u1ea5p qu\u1ed1c t\u1ebf trong ng\u00e0nh nail, thu h\u00fat s\u1ef1 tham gia c\u1ee7a h\u00e0ng tr\u0103m ngh\u1ec7 s\u0129 v\u00e0 chuy\u00ean gia l\u00e0m nail t\u1eeb kh\u1eafp n\u01a1i tr\u00ean th\u1ebf gi\u1edbi.<\/p>\n<\/div>\n<\/div>\n<\/div>\n","protected":false},"excerpt":{"rendered":"<p>Kh\u00e1m ph\u00e1 nh\u00e0 m\u00e1y K\u1ec1m Ngh\u0129a c\u00f9ng Alex Fox: T\u1eeb 1,5 m\u00e9t vu\u00f4ng \u0111\u1ebfn k\u1ef7 l\u1ee5c Guinness T\u00ecm hi\u1ec3u v\u00e0 kh\u00e1m ph\u00e1 quy tr\u00ecnh s\u1ea3n xu\u1ea5t d\u1ee5ng c\u1ee5 l\u00e0m m\u00f3ng b\u00ean trong nh\u00e0 m\u00e1y c\u1ee7a K\u1ec1m Ngh\u0129a t\u1ea1i Vi\u1ec7t Nam c\u00f9ng ALEX FOX K\u1ebeT QU\u1ea2 CU\u1ed8C THI NAILYMPIA VI\u1ec6T NAM 2024Cu\u1ed9c thi Nailympia Vi\u1ec7t Nam [&hellip;]<\/p>\n","protected":false},"author":1,"featured_media":0,"parent":0,"menu_order":0,"comment_status":"closed","ping_status":"closed","template":"wp-custom-template-main-pages","meta":{"footnotes":""},"featured_image_urls":{"full":"","thumbnail":"","medium":"","medium_large":"","large":"","gs-tiny":"","xl":"","xxl":"","xxxl":"","xxxxl":"","xxxxxl":"","1536x1536":"","2048x2048":""},"post_excerpt_stackable":"<p>Kh\u00e1m ph\u00e1 nh\u00e0 m\u00e1y K\u1ec1m Ngh\u0129a c\u00f9ng Alex Fox: T\u1eeb 1,5 m\u00e9t vu\u00f4ng \u0111\u1ebfn k\u1ef7 l\u1ee5c Guinness T\u00ecm hi\u1ec3u v\u00e0 kh\u00e1m ph\u00e1 quy tr\u00ecnh s\u1ea3n xu\u1ea5t d\u1ee5ng c\u1ee5 l\u00e0m m\u00f3ng b\u00ean trong nh\u00e0 m\u00e1y c\u1ee7a K\u1ec1m Ngh\u0129a t\u1ea1i Vi\u1ec7t Nam c\u00f9ng ALEX FOX Read more K\u1ebeT QU\u1ea2 CU\u1ed8C THI NAILYMPIA VI\u1ec6T NAM 2024Cu\u1ed9c thi Nailympia Vi\u1ec7t Nam 2024 \u0111\u00e3 di\u1ec5n ra v\u00e0o ng\u00e0y 10 \u0111\u1ebfn ng\u00e0y 11 th\u00e1ng 4 n\u0103m 2024 t\u1ea1i Th\u00e0nh ph\u1ed1 H\u1ed3 Ch\u00ed Minh. Do \u00d4ng Damon Ho ph\u1ed1i h\u1ee3p c\u00f9ng C\u00d4NG TY TNHH M\u1ed8T TH\u00c0NH VI\u00caN T\u01af V\u1ea4N D\u1ecaCH V\u1ee4 \u0110\u1ecaNH C\u01af ISIE&nbsp; \u0111\u1ea3m nh\u1eadn vai&hellip;<\/p>\n","category_list":"","author_info":{"name":"anhnguyen","url":"https:\/\/nailympia.asia\/index.php\/author\/anhnguyen\/"},"comments_num":"0 comments","aioseo_notices":[],"_links":{"self":[{"href":"https:\/\/nailympia.asia\/index.php\/wp-json\/wp\/v2\/pages\/2138"}],"collection":[{"href":"https:\/\/nailympia.asia\/index.php\/wp-json\/wp\/v2\/pages"}],"about":[{"href":"https:\/\/nailympia.asia\/index.php\/wp-json\/wp\/v2\/types\/page"}],"author":[{"embeddable":true,"href":"https:\/\/nailympia.asia\/index.php\/wp-json\/wp\/v2\/users\/1"}],"replies":[{"embeddable":true,"href":"https:\/\/nailympia.asia\/index.php\/wp-json\/wp\/v2\/comments?post=2138"}],"version-history":[{"count":38,"href":"https:\/\/nailympia.asia\/index.php\/wp-json\/wp\/v2\/pages\/2138\/revisions"}],"predecessor-version":[{"id":3395,"href":"https:\/\/nailympia.asia\/index.php\/wp-json\/wp\/v2\/pages\/2138\/revisions\/3395"}],"wp:attachment":[{"href":"https:\/\/nailympia.asia\/index.php\/wp-json\/wp\/v2\/media?parent=2138"}],"curies":[{"name":"wp","href":"https:\/\/api.w.org\/{rel}","templated":true}]}}